{"id":30390,"date":"2023-05-22T13:26:05","date_gmt":"2023-05-22T11:26:05","guid":{"rendered":"https:\/\/www.jowyoriginals.com\/producto\/puzzle-tatami-1cm-60x60cm-superficie-antiderrapante-t-cor-azul-embalagem-48-pcs\/"},"modified":"2025-08-25T14:19:16","modified_gmt":"2025-08-25T12:19:16","slug":"puzzle-tatami-1cm-60x60cm-superficie-antiderrapante-t-cor-azul-embalagem-48-pcs","status":"publish","type":"product","link":"https:\/\/www.jowyoriginals.com\/pt-pt\/producto\/puzzle-tatami-1cm-60x60cm-superficie-antiderrapante-t-cor-azul-embalagem-48-pcs\/","title":{"rendered":"Puzzle Tatami 1cm 60x60cm - Superf\u00edcie antiderrapante T, cor Azul - Embalagem 48 pcs."},"content":{"rendered":"<h2 class=\"newficha\">Carater\u00edsticas da embalagem 48 unid. de Puzzle Pavimento 10mm - Superf\u00edcie antiderrapante T, cor Azul<\/h2>\n<p>Jowy \u00e9 a marca de refer\u00eancia em puzzle tatami. Os nossos produtos s\u00e3o concebidos para oferecer um excelente desempenho e uma \u00f3ptima durabilidade.  Na Jowy encontrar\u00e1 um produto de qualidade ao melhor pre\u00e7o.<\/p>\n<p>As carater\u00edsticas do nosso tatami puzzle de 10 mm:<\/p>\n<ul class=\"ucheck radio\">\n<li><strong>Espessura<\/strong>: 10 mm.<\/li>\n<li><strong>Dimens\u00f5es da rede<\/strong>: 60cm x 60cm cada pe\u00e7a (2 lados direitos). O pacote completo de 48 pe\u00e7as equivale a uma superf\u00edcie de 17,28 m2. <\/li>\n<li><strong>Superf\u00edcie<\/strong>: T. antiderrapante<\/li>\n<li><strong>Peso<\/strong>: 350 gr.<\/li>\n<li><strong>Lados<\/strong>: s\u00e3o fornecidos 2 lados rectos por pe\u00e7a.<\/li>\n<li><strong>Dureza<\/strong>: 35\u00ba.<\/li>\n<li><strong>Densidade<\/strong>: 60kg\/m3.<\/li>\n<li><strong>Composi\u00e7\u00e3o<\/strong>: Acetato de etileno vinil de alta densidade.<\/li>\n<li><strong>Fixa\u00e7\u00e3o<\/strong>: tipo puzzle. Sem adesivos. <\/li>\n<li><strong>Certificados<\/strong>: EN71 (2005) +A6 Parte 1 F\u00edsica e Mec\u00e2nica BS EN71 (2006) + A1 Parte 2 Inflamabilidade BS EN71 (1995) + A1 + AC1 Parte 3 Toxicidade.<\/li>\n<li><strong>Cores dispon\u00edveis<\/strong>: Azul. Este modelo tamb\u00e9m est\u00e1 dispon\u00edvel noutras variantes de cor: verde, cinzento, preto, imita\u00e7\u00e3o de parquet e imita\u00e7\u00e3o de parquet cinzento. <\/li>\n<li><strong>F\u00e1cil de limpar<\/strong>: resistente \u00e0 \u00e1gua e f\u00e1cil de limpar.<\/li>\n<li><strong>Vida \u00fatil do produto<\/strong>: 8-10 anos.<\/li>\n<\/ul>\n","protected":false},"excerpt":{"rendered":"<p>Pacote de 48 pe\u00e7as de Tatami Puzzle com 1cm de espessura dispon\u00edvel em 60x60cm com superf\u00edcie antiderrapante T, cor azul. Fabricado em borracha EVA. <\/p>\n<p><strong>Utiliza\u00e7\u00e3o recomendada<\/strong>: como elemento de prote\u00e7\u00e3o do pavimento em gin\u00e1sios, \u00e1reas infantis, casas, garagens, etc.<\/p>\n","protected":false},"featured_media":25971,"comment_status":"open","ping_status":"closed","template":"","meta":{"_acf_changed":false,"_et_pb_use_builder":"","_et_pb_old_content":"","_et_gb_content_width":"","_joinchat":[]},"product_brand":[131],"product_cat":[160],"product_tag":[],"class_list":{"0":"post-30390","1":"product","2":"type-product","3":"status-publish","4":"has-post-thumbnail","6":"product_brand-jowyoriginals","7":"product_cat-tatame-puzzle","8":"product_shipping_class-comprar-tatami","10":"first","11":"instock","12":"sale","13":"featured","14":"taxable","15":"shipping-taxable","16":"purchasable","17":"product-type-simple"},"acf":[],"_links":{"self":[{"href":"https:\/\/www.jowyoriginals.com\/pt-pt\/wp-json\/wp\/v2\/product\/30390","targetHints":{"allow":["GET"]}}],"collection":[{"href":"https:\/\/www.jowyoriginals.com\/pt-pt\/wp-json\/wp\/v2\/product"}],"about":[{"href":"https:\/\/www.jowyoriginals.com\/pt-pt\/wp-json\/wp\/v2\/types\/product"}],"replies":[{"embeddable":true,"href":"https:\/\/www.jowyoriginals.com\/pt-pt\/wp-json\/wp\/v2\/comments?post=30390"}],"wp:featuredmedia":[{"embeddable":true,"href":"https:\/\/www.jowyoriginals.com\/pt-pt\/wp-json\/wp\/v2\/media\/25971"}],"wp:attachment":[{"href":"https:\/\/www.jowyoriginals.com\/pt-pt\/wp-json\/wp\/v2\/media?parent=30390"}],"wp:term":[{"taxonomy":"product_brand","embeddable":true,"href":"https:\/\/www.jowyoriginals.com\/pt-pt\/wp-json\/wp\/v2\/product_brand?post=30390"},{"taxonomy":"product_cat","embeddable":true,"href":"https:\/\/www.jowyoriginals.com\/pt-pt\/wp-json\/wp\/v2\/product_cat?post=30390"},{"taxonomy":"product_tag","embeddable":true,"href":"https:\/\/www.jowyoriginals.com\/pt-pt\/wp-json\/wp\/v2\/product_tag?post=30390"}],"curies":[{"name":"wp","href":"https:\/\/api.w.org\/{rel}","templated":true}]}}