{"id":30305,"date":"2023-06-08T12:06:33","date_gmt":"2023-06-08T10:06:33","guid":{"rendered":"https:\/\/www.jowyoriginals.com\/producto\/haltere-hexagonal-10kgs-embalagem-2pcs\/"},"modified":"2026-04-07T13:51:39","modified_gmt":"2026-04-07T11:51:39","slug":"haltere-hexagonal-10kgs-embalagem-2pcs","status":"publish","type":"product","link":"https:\/\/www.jowyoriginals.com\/pt-pt\/producto\/haltere-hexagonal-10kgs-embalagem-2pcs\/","title":{"rendered":"Haltere hexagonal 10kgs - Embalagem 2pcs"},"content":{"rendered":"<h2>Carater\u00edsticas do Haltere Hexagonal 10Kgs - Pack 2 unidades<\/h2>\n<p>O nosso haltere de 10 kg caracteriza-se por:<\/p>\n<ul class=\"ucheck radio\">\n<li>Pega <strong>ergon\u00f3mica<\/strong>: pega serrilhada em a\u00e7o cromado antiderrapante que proporciona uma maior ader\u00eancia, facilitando a realiza\u00e7\u00e3o de todos os tipos de exerc\u00edcios e evitando les\u00f5es causadas por uma m\u00e1 ader\u00eancia.<\/li>\n<li>Revestimento <strong>de borracha<\/strong>: revestimento exterior de borracha de alta qualidade, resistente e duradouro, que absorve o som e protege o pavimento dos choques.<\/li>\n<li><strong>Design dos bordos<\/strong>: design dos bordos para uma melhor queda e ressalto do haltere no ch\u00e3o.<\/li>\n<li><strong>Grande versatilidade<\/strong>: permite uma grande variedade de exerc\u00edcios de muscula\u00e7\u00e3o, funcionais e de cross training.<\/li>\n<li><strong>Dimens\u00f5es da rede<\/strong>: comprimento total de 31 cm, com pega de 13 cm de comprimento e 3,5 cm de di\u00e2metro.<\/li>\n<li><strong>Cor<\/strong>: preto.<\/li>\n<li><strong>Armazenamento<\/strong> f\u00e1cil: armazenamento f\u00e1cil e seguro gra\u00e7as \u00e0 sua forma hexagonal, podem ser colocados no ch\u00e3o sem rolar.<\/li>\n<\/ul>\n","protected":false},"excerpt":{"rendered":"<p>Haltere hexagonal de 10kgs, embalagem de 2 unidades, com design ergon\u00f3mico com pega cromada para uma melhor ader\u00eancia, e revestimento exterior de borracha, para evitar danos no ch\u00e3o durante a pr\u00e1tica desportiva.<\/p>\n<p><strong>Utiliza\u00e7\u00e3o recomendada<\/strong>: Tanto para particulares, no seu gin\u00e1sio em casa, como para profissionais, em gin\u00e1sios de cross training e muscula\u00e7\u00e3o, clubes desportivos profissionais, personal trainers e fisioterapeutas.<\/p>\n<p><strong>Training<\/strong>: Permite realizar v\u00e1rios exerc\u00edcios de cross training ou muscula\u00e7\u00e3o para fortalecer os m\u00fasculos abdominais, b\u00edceps, tr\u00edceps, quadr\u00edceps e ombros.<\/p>\n","protected":false},"featured_media":26167,"comment_status":"open","ping_status":"closed","template":"","meta":{"_acf_changed":false,"_et_pb_use_builder":"","_et_pb_old_content":"","_et_gb_content_width":"","_joinchat":[]},"product_brand":[132],"product_cat":[271,295,294],"product_tag":[],"class_list":{"0":"post-30305","1":"product","2":"type-product","3":"status-publish","4":"has-post-thumbnail","6":"product_brand-homexgym","7":"product_cat-equipamento-fitness","8":"product_cat-pesos-e-halteres","9":"product_cat-treino-forca","10":"product_shipping_class-normal-pt-pt","12":"first","13":"instock","14":"sale","15":"taxable","16":"shipping-taxable","17":"purchasable","18":"product-type-simple"},"acf":[],"_links":{"self":[{"href":"https:\/\/www.jowyoriginals.com\/pt-pt\/wp-json\/wp\/v2\/product\/30305","targetHints":{"allow":["GET"]}}],"collection":[{"href":"https:\/\/www.jowyoriginals.com\/pt-pt\/wp-json\/wp\/v2\/product"}],"about":[{"href":"https:\/\/www.jowyoriginals.com\/pt-pt\/wp-json\/wp\/v2\/types\/product"}],"replies":[{"embeddable":true,"href":"https:\/\/www.jowyoriginals.com\/pt-pt\/wp-json\/wp\/v2\/comments?post=30305"}],"wp:featuredmedia":[{"embeddable":true,"href":"https:\/\/www.jowyoriginals.com\/pt-pt\/wp-json\/wp\/v2\/media\/26167"}],"wp:attachment":[{"href":"https:\/\/www.jowyoriginals.com\/pt-pt\/wp-json\/wp\/v2\/media?parent=30305"}],"wp:term":[{"taxonomy":"product_brand","embeddable":true,"href":"https:\/\/www.jowyoriginals.com\/pt-pt\/wp-json\/wp\/v2\/product_brand?post=30305"},{"taxonomy":"product_cat","embeddable":true,"href":"https:\/\/www.jowyoriginals.com\/pt-pt\/wp-json\/wp\/v2\/product_cat?post=30305"},{"taxonomy":"product_tag","embeddable":true,"href":"https:\/\/www.jowyoriginals.com\/pt-pt\/wp-json\/wp\/v2\/product_tag?post=30305"}],"curies":[{"name":"wp","href":"https:\/\/api.w.org\/{rel}","templated":true}]}}