{"id":29687,"date":"2024-04-27T16:15:58","date_gmt":"2024-04-27T14:15:58","guid":{"rendered":"https:\/\/www.jowyoriginals.com\/producto\/rolo-de-tapete-4cm-150x300cm\/"},"modified":"2026-03-05T13:57:26","modified_gmt":"2026-03-05T12:57:26","slug":"rolo-de-tapete-4cm-150x300cm","status":"publish","type":"product","link":"https:\/\/www.jowyoriginals.com\/pt-pt\/producto\/rolo-de-tapete-4cm-150x300cm\/","title":{"rendered":"Rolo de tapete 4cm 150x300cm"},"content":{"rendered":"<h2>Carater\u00edsticas do rolo de tapete 4cm de espessura 150x300cm<\/h2>\n<p>A Jowy \u00e9 uma marca l\u00edder em pavimentos desportivos para gin\u00e1sios, espa\u00e7os dom\u00e9sticos e comerciais. Os nossos produtos s\u00e3o concebidos para oferecer um excelente desempenho e uma \u00f3ptima durabilidade.  Na Jowy encontrar\u00e1 um produto de qualidade ao melhor pre\u00e7o.<\/p>\n<p>O nosso rolo de tapete 4cm 150x300cm caracteriza-se por:<\/p>\n<ul class=\"ucheck radio\">\n<li><strong>Espessura<\/strong>: 40 mm.<\/li>\n<li><strong>Dimens\u00f5es da rede<\/strong>: 150cm x 300cm. Cada pe\u00e7a equivale a 4,5 m2. <\/li>\n<li><strong>Cor<\/strong>: Dispon\u00edvel em azul.<\/li>\n<li><strong>Camada superior<\/strong>: revestimento em PVC.<\/li>\n<li><strong>Camada inferior<\/strong>: espuma de polietileno reticulado de alta densidade (XPE).<\/li>\n<li><strong>Densidade<\/strong>: 33kg\/m3.<\/li>\n<li><b>Fixa\u00e7\u00e3o:<\/b> Velcro.<\/li>\n<li><strong>F\u00e1cil de limpar<\/strong>: resistente \u00e0 \u00e1gua e f\u00e1cil de limpar.<\/li>\n<li><strong>Vida \u00fatil do produto<\/strong>: 8-10 anos.<\/li>\n<\/ul>\n","protected":false},"excerpt":{"rendered":"<p>Rolo de tapete com 4 cm de espessura dispon\u00edvel nos tamanhos 150 cm de largura e 300 cm de comprimento. Dispon\u00edvel na cor azul. Muito resistente e duradouro. Oferece um amortecimento \u00f3timo. Com juntas de velcro. Fabricado em espuma de polietileno reticulado de alta densidade. Superf\u00edcie antiderrapante em PVC macio, forte e resistente. Antiderrapante. Muito f\u00e1cil de limpar e de montar. Pode ser guardado enrolado.         <\/p>\n<p><strong>Utiliza\u00e7\u00e3o recomendada<\/strong>: em gin\u00e1sios para \u00e1reas de exerc\u00edcio no ch\u00e3o; para treino e pr\u00e1tica de claques; para artes marciais e desportos de combate.<\/p>\n<p><strong>Superf\u00edcie<\/strong>: 4,5 m2.<\/p>\n","protected":false},"featured_media":26945,"comment_status":"open","ping_status":"closed","template":"","meta":{"_acf_changed":false,"_et_pb_use_builder":"","_et_pb_old_content":"","_et_gb_content_width":"","_joinchat":[]},"product_brand":[],"product_cat":[285],"product_tag":[],"class_list":{"0":"post-29687","1":"product","2":"type-product","3":"status-publish","4":"has-post-thumbnail","6":"product_cat-tatami-enrolavel","7":"product_shipping_class-normal-pt-pt","9":"first","10":"onbackorder","11":"taxable","12":"shipping-taxable","13":"purchasable","14":"product-type-simple"},"acf":[],"_links":{"self":[{"href":"https:\/\/www.jowyoriginals.com\/pt-pt\/wp-json\/wp\/v2\/product\/29687","targetHints":{"allow":["GET"]}}],"collection":[{"href":"https:\/\/www.jowyoriginals.com\/pt-pt\/wp-json\/wp\/v2\/product"}],"about":[{"href":"https:\/\/www.jowyoriginals.com\/pt-pt\/wp-json\/wp\/v2\/types\/product"}],"replies":[{"embeddable":true,"href":"https:\/\/www.jowyoriginals.com\/pt-pt\/wp-json\/wp\/v2\/comments?post=29687"}],"wp:featuredmedia":[{"embeddable":true,"href":"https:\/\/www.jowyoriginals.com\/pt-pt\/wp-json\/wp\/v2\/media\/26945"}],"wp:attachment":[{"href":"https:\/\/www.jowyoriginals.com\/pt-pt\/wp-json\/wp\/v2\/media?parent=29687"}],"wp:term":[{"taxonomy":"product_brand","embeddable":true,"href":"https:\/\/www.jowyoriginals.com\/pt-pt\/wp-json\/wp\/v2\/product_brand?post=29687"},{"taxonomy":"product_cat","embeddable":true,"href":"https:\/\/www.jowyoriginals.com\/pt-pt\/wp-json\/wp\/v2\/product_cat?post=29687"},{"taxonomy":"product_tag","embeddable":true,"href":"https:\/\/www.jowyoriginals.com\/pt-pt\/wp-json\/wp\/v2\/product_tag?post=29687"}],"curies":[{"name":"wp","href":"https:\/\/api.w.org\/{rel}","templated":true}]}}