{"id":29675,"date":"2025-03-05T08:57:41","date_gmt":"2025-03-05T07:57:41","guid":{"rendered":"https:\/\/www.jowyoriginals.com\/producto\/trampolim-com-rede-de-protecao-244cm-cor-azul\/"},"modified":"2025-08-25T15:10:41","modified_gmt":"2025-08-25T13:10:41","slug":"trampolim-com-rede-de-protecao-244cm-cor-azul","status":"publish","type":"product","link":"https:\/\/www.jowyoriginals.com\/pt-pt\/producto\/trampolim-com-rede-de-protecao-244cm-cor-azul\/","title":{"rendered":"Trampolim com rede de prote\u00e7\u00e3o 244cm, cor azul"},"content":{"rendered":"<h2>Carater\u00edsticas do Trampolim com rede de seguran\u00e7a 244cm, cor azul<\/h2>\n<p>O nosso trampolim com rede de seguran\u00e7a \u00e9 perfeito para utiliza\u00e7\u00e3o no interior e no exterior e caracteriza-se por..:<\/p>\n<ul class=\"ucheck radio\">\n<li><strong>Componentes de seguran\u00e7a<\/strong>: Os numerosos componentes de seguran\u00e7a caracterizam-se pela sua elevada qualidade e incluem uma rede de seguran\u00e7a de malha com fecho de correr, uma cobertura de prote\u00e7\u00e3o, uma abertura de entrada com sistema de fecho duplo, uma tela de salto el\u00e1stica resistente aos raios UV e aos rasg\u00f5es, postes acolchoados com espuma EPE e \u00e2ncoras de ch\u00e3o em a\u00e7o cromado.<\/li>\n<li><strong>Estrutura<\/strong>: estrutura com p\u00e9s duplos, que proporciona um apoio seguro e liga\u00e7\u00f5es ao quadro unidas por dobradi\u00e7as em forma de T, criando uma base s\u00f3lida de tubos totalmente galvanizados para garantir uma melhor estabilidade e seguran\u00e7a que pode suportar at\u00e9 250kgs.<\/li>\n<li><strong>Seguran\u00e7a<\/strong>: A rede de seguran\u00e7a \u00e9 fixada ao trampolim com os mosquet\u00f5es inclu\u00eddos na entrega. Abre-se por dentro e por fora atrav\u00e9s de um fecho de correr que permite uma entrada \u00e0 prova de rasg\u00f5es gra\u00e7as ao tecido de 2 cm de largura, cosido \u00e0 esquerda e \u00e0 direita. A fivela e o fecho duplo aumentam ainda mais a seguran\u00e7a do trampolim.  <\/li>\n<li><strong>Escada<\/strong>: inclui escada.<\/li>\n<li><strong>Sistema inovador<\/strong>: em vez de molas de a\u00e7o convencionais, o trampolim \u00e9 suspenso por um sistema inovador de cabos, como os utilizados no bungee jumping, que s\u00e3o particularmente flex\u00edveis e macios.<\/li>\n<li><strong>Dimens\u00f5es da rede<\/strong>: di\u00e2metro da \u00e1rea de salto 244cm \/\/ altura da estrutura 60cm \/\/ altura do recinto 163cm.<\/li>\n<li><strong>Cor<\/strong>: dispon\u00edvel em azul. Tamb\u00e9m dispon\u00edvel em verde.<\/li>\n<\/ul>\n","protected":false},"excerpt":{"rendered":"<p>Trampolim com rede de seguran\u00e7a com 244 cm de di\u00e2metro e suporte de tr\u00eas pernas para maior estabilidade, cor azul. Inclui escada. Dispon\u00edvel em duas cores: azul e verde. Ideal para uso dom\u00e9stico no interior ou no exterior. Inclui v\u00e1rias carater\u00edsticas de seguran\u00e7a, tais como postes almofadados para evitar les\u00f5es, rede de seguran\u00e7a de malha com fecho e rede de saltos el\u00e1stica resistente a rasg\u00f5es.    <\/p>\n<p><strong>O kit completo inclui<\/strong>: estrutura met\u00e1lica, molas, tecido antiderrapante para saltar, rede de seguran\u00e7a com postes, kit de montagem com ferramentas e guia de instru\u00e7\u00f5es f\u00e1cil de montar.<\/p>\n<p><strong>Carga m\u00e1xima<\/strong>: 250 kg.<\/p>\n<p><strong>Utiliza\u00e7\u00e3o recomendada<\/strong>: Concebida para uso dom\u00e9stico. Ideal para jardim, sala de jogos ou parque infantil. Recomenda-se a supervis\u00e3o da utiliza\u00e7\u00e3o e da atividade no trampolim para evitar danos f\u00edsicos ou materiais.  <\/p>\n","protected":false},"featured_media":26529,"comment_status":"open","ping_status":"closed","template":"","meta":{"_acf_changed":false,"_et_pb_use_builder":"","_et_pb_old_content":"","_et_gb_content_width":"","_joinchat":[]},"product_brand":[],"product_cat":[271,290],"product_tag":[],"class_list":{"0":"post-29675","1":"product","2":"type-product","3":"status-publish","4":"has-post-thumbnail","6":"product_cat-equipamento-fitness","7":"product_cat-outros-acessorios","8":"product_shipping_class-normal-pt-pt","10":"first","11":"outofstock","12":"sale","13":"taxable","14":"shipping-taxable","15":"purchasable","16":"product-type-simple"},"acf":[],"_links":{"self":[{"href":"https:\/\/www.jowyoriginals.com\/pt-pt\/wp-json\/wp\/v2\/product\/29675","targetHints":{"allow":["GET"]}}],"collection":[{"href":"https:\/\/www.jowyoriginals.com\/pt-pt\/wp-json\/wp\/v2\/product"}],"about":[{"href":"https:\/\/www.jowyoriginals.com\/pt-pt\/wp-json\/wp\/v2\/types\/product"}],"replies":[{"embeddable":true,"href":"https:\/\/www.jowyoriginals.com\/pt-pt\/wp-json\/wp\/v2\/comments?post=29675"}],"wp:featuredmedia":[{"embeddable":true,"href":"https:\/\/www.jowyoriginals.com\/pt-pt\/wp-json\/wp\/v2\/media\/26529"}],"wp:attachment":[{"href":"https:\/\/www.jowyoriginals.com\/pt-pt\/wp-json\/wp\/v2\/media?parent=29675"}],"wp:term":[{"taxonomy":"product_brand","embeddable":true,"href":"https:\/\/www.jowyoriginals.com\/pt-pt\/wp-json\/wp\/v2\/product_brand?post=29675"},{"taxonomy":"product_cat","embeddable":true,"href":"https:\/\/www.jowyoriginals.com\/pt-pt\/wp-json\/wp\/v2\/product_cat?post=29675"},{"taxonomy":"product_tag","embeddable":true,"href":"https:\/\/www.jowyoriginals.com\/pt-pt\/wp-json\/wp\/v2\/product_tag?post=29675"}],"curies":[{"name":"wp","href":"https:\/\/api.w.org\/{rel}","templated":true}]}}