{"id":29674,"date":"2025-03-05T08:33:54","date_gmt":"2025-03-05T07:33:54","guid":{"rendered":"https:\/\/www.jowyoriginals.com\/producto\/saco-bulgaro-15kgs\/"},"modified":"2025-08-25T15:10:49","modified_gmt":"2025-08-25T13:10:49","slug":"saco-bulgaro-15kgs","status":"publish","type":"product","link":"https:\/\/www.jowyoriginals.com\/pt-pt\/producto\/saco-bulgaro-15kgs\/","title":{"rendered":"Saco b\u00falgaro 15kgs"},"content":{"rendered":"<h2>Carater\u00edsticas do saco b\u00falgaro de 15 kg<\/h2>\n<p>O nosso saco b\u00falgaro de 15 kg \u00e9 perfeito para o seu treino de for\u00e7a e muscula\u00e7\u00e3o:<\/p>\n<ul class=\"ucheck radio\">\n<li><strong>Materiais<\/strong>: fabricado com materiais de alta qualidade, com costuras duplas e refor\u00e7adas e pegas fixas para garantir durabilidade e resist\u00eancia.<\/li>\n<li><strong>Alta resist\u00eancia<\/strong>: oferece uma excelente resist\u00eancia ao desgaste e tem um bom desempenho de veda\u00e7\u00e3o. N\u00e3o se danifica mesmo em caso de queda. <\/li>\n<li><strong>Grande versatilidade<\/strong>: permite efetuar uma grande variedade de exerc\u00edcios de muscula\u00e7\u00e3o, funcionais e de cross training. \u00c9 ideal para a muscula\u00e7\u00e3o de bra\u00e7os, pernas e costas. <\/li>\n<li><strong>Dimens\u00f5es da rede<\/strong>: largura 57cm e altura 24cm.<\/li>\n<li><strong>Cor<\/strong>: preto\/amarelo.<\/li>\n<li><strong>F\u00e1cil de arrumar<\/strong>: design compacto para f\u00e1cil arruma\u00e7\u00e3o.<\/li>\n<li><strong>F\u00e1cil de limpar<\/strong>: \u00e9 muito f\u00e1cil de limpar com um pano h\u00famido e um pouco de sab\u00e3o neutro.<\/li>\n<\/ul>\n","protected":false},"excerpt":{"rendered":"<p>Saco b\u00falgaro 15kgs, fabricado com materiais de alta qualidade, costuras duplas e pegas refor\u00e7adas para maior resist\u00eancia e durabilidade.<\/p>\n<p><strong>Utiliza\u00e7\u00e3o recomendada<\/strong>: Para particulares, no seu gin\u00e1sio em casa, bem como para profissionais, em gin\u00e1sios de cross training e muscula\u00e7\u00e3o, clubes desportivos profissionais, personal trainers e fisioterapeutas.<\/p>\n<p><strong>Treino<\/strong>: Permite efetuar v\u00e1rios exerc\u00edcios para trabalhar os m\u00fasculos dos bra\u00e7os, das pernas e das costas. Ideal para agachamentos profundos e exerc\u00edcios para as costas, ombros e bra\u00e7os. <\/p>\n","protected":false},"featured_media":26307,"comment_status":"open","ping_status":"closed","template":"","meta":{"_acf_changed":false,"_et_pb_use_builder":"","_et_pb_old_content":"","_et_gb_content_width":"","_joinchat":[]},"product_brand":[132],"product_cat":[271,314,294],"product_tag":[],"class_list":{"0":"post-29674","1":"product","2":"type-product","3":"status-publish","4":"has-post-thumbnail","6":"product_brand-homexgym","7":"product_cat-equipamento-fitness","8":"product_cat-sacos-bulgaros-pt","9":"product_cat-treino-forca","10":"product_shipping_class-normal-pt-pt","12":"first","13":"outofstock","14":"taxable","15":"shipping-taxable","16":"purchasable","17":"product-type-simple"},"acf":[],"_links":{"self":[{"href":"https:\/\/www.jowyoriginals.com\/pt-pt\/wp-json\/wp\/v2\/product\/29674","targetHints":{"allow":["GET"]}}],"collection":[{"href":"https:\/\/www.jowyoriginals.com\/pt-pt\/wp-json\/wp\/v2\/product"}],"about":[{"href":"https:\/\/www.jowyoriginals.com\/pt-pt\/wp-json\/wp\/v2\/types\/product"}],"replies":[{"embeddable":true,"href":"https:\/\/www.jowyoriginals.com\/pt-pt\/wp-json\/wp\/v2\/comments?post=29674"}],"wp:featuredmedia":[{"embeddable":true,"href":"https:\/\/www.jowyoriginals.com\/pt-pt\/wp-json\/wp\/v2\/media\/26307"}],"wp:attachment":[{"href":"https:\/\/www.jowyoriginals.com\/pt-pt\/wp-json\/wp\/v2\/media?parent=29674"}],"wp:term":[{"taxonomy":"product_brand","embeddable":true,"href":"https:\/\/www.jowyoriginals.com\/pt-pt\/wp-json\/wp\/v2\/product_brand?post=29674"},{"taxonomy":"product_cat","embeddable":true,"href":"https:\/\/www.jowyoriginals.com\/pt-pt\/wp-json\/wp\/v2\/product_cat?post=29674"},{"taxonomy":"product_tag","embeddable":true,"href":"https:\/\/www.jowyoriginals.com\/pt-pt\/wp-json\/wp\/v2\/product_tag?post=29674"}],"curies":[{"name":"wp","href":"https:\/\/api.w.org\/{rel}","templated":true}]}}