{"id":29671,"date":"2025-03-05T08:37:28","date_gmt":"2025-03-05T07:37:28","guid":{"rendered":"https:\/\/www.jowyoriginals.com\/producto\/trampolim-com-rede-de-protecao-140cm-cor-azul\/"},"modified":"2025-08-25T15:10:48","modified_gmt":"2025-08-25T13:10:48","slug":"trampolim-com-rede-de-protecao-140cm-cor-azul","status":"publish","type":"product","link":"https:\/\/www.jowyoriginals.com\/pt-pt\/producto\/trampolim-com-rede-de-protecao-140cm-cor-azul\/","title":{"rendered":"Trampolim com rede de prote\u00e7\u00e3o 140cm, cor azul"},"content":{"rendered":"<h2>Carater\u00edsticas do Trampolim com rede de prote\u00e7\u00e3o 140cm, cor azul<\/h2>\n<p>O nosso trampolim com rede de seguran\u00e7a \u00e9 perfeito para utiliza\u00e7\u00e3o no interior e no exterior e caracteriza-se por..:<\/p>\n<ul class=\"ucheck radio\">\n<li><strong>Componentes de seguran\u00e7a<\/strong>: Os numerosos componentes de seguran\u00e7a caracterizam-se pela sua elevada qualidade e incluem uma rede de seguran\u00e7a de malha com fecho de correr, uma cobertura de prote\u00e7\u00e3o dos bordos com 20 mm de espessura, uma abertura de entrada com sistema de fecho duplo, uma tela el\u00e1stica resistente a rasg\u00f5es e aos raios UV, postes almofadados com espuma EPE e ancoragens de ch\u00e3o em a\u00e7o cromado.<\/li>\n<li><strong>Cobertura almofadada<\/strong>: 25 cm de largura e 18 mm de espessura, fabricada em PVC com espuma EPE de alta densidade que oferece uma grande prote\u00e7\u00e3o e evita poss\u00edveis les\u00f5es.<\/li>\n<li><strong>Estrutura<\/strong>: Estrutura em forma de W com p\u00e9s duplos, que proporciona um apoio seguro e liga\u00e7\u00f5es \u00e0 estrutura unidas por dobradi\u00e7as em forma de T, criando uma base s\u00f3lida de tubos totalmente galvanizados para garantir uma melhor estabilidade e seguran\u00e7a que pode suportar at\u00e9 150 kg.<\/li>\n<li><strong>Seguran\u00e7a<\/strong>: A rede de seguran\u00e7a \u00e9 fixada ao trampolim com os mosquet\u00f5es inclu\u00eddos na entrega. Abre-se por dentro e por fora atrav\u00e9s de um fecho de correr que permite uma entrada \u00e0 prova de rasg\u00f5es gra\u00e7as ao tecido de 2 cm de largura, cosido \u00e0 esquerda e \u00e0 direita. A fivela e o fecho duplo aumentam ainda mais a seguran\u00e7a do trampolim.  <\/li>\n<li><strong>Sistema inovador<\/strong>: em vez de molas de a\u00e7o convencionais, o trampolim \u00e9 suspenso por um sistema inovador de cabos, como os utilizados no bungee jumping, que s\u00e3o particularmente flex\u00edveis e macios.<\/li>\n<li><strong>Dimens\u00f5es da rede<\/strong>: di\u00e2metro da \u00e1rea de salto 140cm \/\/ altura da estrutura 35cm \/\/ altura do recinto 125cm.<\/li>\n<li><strong>Cor<\/strong>: dispon\u00edvel em azul. Tamb\u00e9m dispon\u00edvel noutras cores: rosa e verde.<\/li>\n<\/ul>\n","protected":false},"excerpt":{"rendered":"<p>Trampolim com rede de seguran\u00e7a de 140 cm de di\u00e2metro e suporte de tr\u00eas pernas para maior estabilidade, em azul. Perfeito para utiliza\u00e7\u00e3o dom\u00e9stica, no interior ou no exterior. Inclui v\u00e1rias carater\u00edsticas de seguran\u00e7a, tais como postes almofadados para evitar les\u00f5es, rede de seguran\u00e7a de malha com fecho e tecido de salto el\u00e1stico resistente a rasg\u00f5es.  <\/p>\n<p><strong>O kit completo inclui<\/strong>: estrutura met\u00e1lica, molas, tecido antiderrapante para saltar, rede de seguran\u00e7a com postes, kit de montagem com ferramentas e guia de instru\u00e7\u00f5es f\u00e1cil de montar.<\/p>\n<p><strong>Carga m\u00e1xima<\/strong>: 45 kg.<\/p>\n<p><strong>Utiliza\u00e7\u00e3o recomendada<\/strong>: 3-6 anos. Concebido para uso dom\u00e9stico. Ideal para o jardim, sala de jogos ou parque infantil. Recomenda-se a supervis\u00e3o da utiliza\u00e7\u00e3o e da atividade no trampolim para evitar danos f\u00edsicos ou materiais.  <\/p>\n","protected":false},"featured_media":26509,"comment_status":"open","ping_status":"closed","template":"","meta":{"_acf_changed":false,"_et_pb_use_builder":"","_et_pb_old_content":"","_et_gb_content_width":"","_joinchat":[]},"product_brand":[132],"product_cat":[271,290],"product_tag":[],"class_list":{"0":"post-29671","1":"product","2":"type-product","3":"status-publish","4":"has-post-thumbnail","6":"product_brand-homexgym","7":"product_cat-equipamento-fitness","8":"product_cat-outros-acessorios","9":"product_shipping_class-normal-pt-pt","11":"first","12":"instock","13":"sale","14":"taxable","15":"shipping-taxable","16":"purchasable","17":"product-type-simple"},"acf":[],"_links":{"self":[{"href":"https:\/\/www.jowyoriginals.com\/pt-pt\/wp-json\/wp\/v2\/product\/29671","targetHints":{"allow":["GET"]}}],"collection":[{"href":"https:\/\/www.jowyoriginals.com\/pt-pt\/wp-json\/wp\/v2\/product"}],"about":[{"href":"https:\/\/www.jowyoriginals.com\/pt-pt\/wp-json\/wp\/v2\/types\/product"}],"replies":[{"embeddable":true,"href":"https:\/\/www.jowyoriginals.com\/pt-pt\/wp-json\/wp\/v2\/comments?post=29671"}],"wp:featuredmedia":[{"embeddable":true,"href":"https:\/\/www.jowyoriginals.com\/pt-pt\/wp-json\/wp\/v2\/media\/26509"}],"wp:attachment":[{"href":"https:\/\/www.jowyoriginals.com\/pt-pt\/wp-json\/wp\/v2\/media?parent=29671"}],"wp:term":[{"taxonomy":"product_brand","embeddable":true,"href":"https:\/\/www.jowyoriginals.com\/pt-pt\/wp-json\/wp\/v2\/product_brand?post=29671"},{"taxonomy":"product_cat","embeddable":true,"href":"https:\/\/www.jowyoriginals.com\/pt-pt\/wp-json\/wp\/v2\/product_cat?post=29671"},{"taxonomy":"product_tag","embeddable":true,"href":"https:\/\/www.jowyoriginals.com\/pt-pt\/wp-json\/wp\/v2\/product_tag?post=29671"}],"curies":[{"name":"wp","href":"https:\/\/api.w.org\/{rel}","templated":true}]}}