{"id":29670,"date":"2025-03-05T08:15:01","date_gmt":"2025-03-05T07:15:01","guid":{"rendered":"https:\/\/www.jowyoriginals.com\/producto\/bomba-de-aluminio-cor-amarela\/"},"modified":"2026-03-05T13:53:25","modified_gmt":"2026-03-05T12:53:25","slug":"bomba-de-aluminio-cor-amarela","status":"publish","type":"product","link":"https:\/\/www.jowyoriginals.com\/pt-pt\/producto\/bomba-de-aluminio-cor-amarela\/","title":{"rendered":"Bomba de alum\u00ednio, cor amarela"},"content":{"rendered":"<h2>Carater\u00edsticas da bomba de alum\u00ednio, cor amarela<\/h2>\n<p>A nossa corda de saltar em alum\u00ednio \u00e9 perfeita para o seu treino funcional e para queimar calorias, e caracteriza-se por..:<\/p>\n<ul class=\"ucheck radio\">\n<li><strong>Materiais<\/strong>: fabricado em alum\u00ednio de alta qualidade com cabo de a\u00e7o de 2,5 mm.<\/li>\n<li><strong>Comprimento regul\u00e1vel<\/strong>: o comprimento pode ser ajustado em fun\u00e7\u00e3o de cada utilizador (comprimento m\u00e1ximo de 3 metros).<\/li>\n<li>Pegas <strong>ergon\u00f3micas<\/strong>: pegas com punhos serrilhados para facilitar uma melhor ader\u00eancia e o controlo do exc\u00eantrico quando em movimento.<\/li>\n<li><strong>Grande versatilidade<\/strong>: permite efetuar uma grande variedade de exerc\u00edcios para treinos de alta intensidade. Perfeito para queimar calorias e tonificar. <\/li>\n<li><strong>Dimens\u00f5es da rede<\/strong>: comprimento 3m e espessura do cabo 2,5mm.<\/li>\n<li><strong>Cor<\/strong>: dispon\u00edvel em amarelo. Tamb\u00e9m dispon\u00edvel noutras cores: alum\u00ednio, vermelho, azul e preto. <\/li>\n<\/ul>\n","protected":false},"excerpt":{"rendered":"<p>Bomba de alum\u00ednio de cor amarela para treino de alta intensidade. Fabricada em alum\u00ednio com cabo de a\u00e7o de 2,5 mm. Comprimento regul\u00e1vel (m\u00e1x. 3m). Pegas com punho serrilhado para uma \u00f3ptima ader\u00eancia.   <\/p>\n<p><strong>Utiliza\u00e7\u00e3o recomendada<\/strong>: Para particulares, no seu gin\u00e1sio em casa, bem como para profissionais, em gin\u00e1sios de cross training e muscula\u00e7\u00e3o, clubes desportivos profissionais, personal trainers e fisioterapeutas.<\/p>\n<p><strong>Treino<\/strong>: Perfeito para treinos de alta intensidade, queima de calorias e tonifica\u00e7\u00e3o.<\/p>\n","protected":false},"featured_media":26431,"comment_status":"open","ping_status":"closed","template":"","meta":{"_acf_changed":false,"_et_pb_use_builder":"","_et_pb_old_content":"","_et_gb_content_width":"","_joinchat":[]},"product_brand":[],"product_cat":[281,271,278],"product_tag":[],"class_list":{"0":"post-29670","1":"product","2":"type-product","3":"status-publish","4":"has-post-thumbnail","6":"product_cat-combas-cordas-saltar","7":"product_cat-equipamento-fitness","8":"product_cat-treino-funcional","9":"product_shipping_class-normal-pt-pt","11":"first","12":"instock","13":"taxable","14":"shipping-taxable","15":"purchasable","16":"product-type-simple"},"acf":[],"_links":{"self":[{"href":"https:\/\/www.jowyoriginals.com\/pt-pt\/wp-json\/wp\/v2\/product\/29670","targetHints":{"allow":["GET"]}}],"collection":[{"href":"https:\/\/www.jowyoriginals.com\/pt-pt\/wp-json\/wp\/v2\/product"}],"about":[{"href":"https:\/\/www.jowyoriginals.com\/pt-pt\/wp-json\/wp\/v2\/types\/product"}],"replies":[{"embeddable":true,"href":"https:\/\/www.jowyoriginals.com\/pt-pt\/wp-json\/wp\/v2\/comments?post=29670"}],"wp:featuredmedia":[{"embeddable":true,"href":"https:\/\/www.jowyoriginals.com\/pt-pt\/wp-json\/wp\/v2\/media\/26431"}],"wp:attachment":[{"href":"https:\/\/www.jowyoriginals.com\/pt-pt\/wp-json\/wp\/v2\/media?parent=29670"}],"wp:term":[{"taxonomy":"product_brand","embeddable":true,"href":"https:\/\/www.jowyoriginals.com\/pt-pt\/wp-json\/wp\/v2\/product_brand?post=29670"},{"taxonomy":"product_cat","embeddable":true,"href":"https:\/\/www.jowyoriginals.com\/pt-pt\/wp-json\/wp\/v2\/product_cat?post=29670"},{"taxonomy":"product_tag","embeddable":true,"href":"https:\/\/www.jowyoriginals.com\/pt-pt\/wp-json\/wp\/v2\/product_tag?post=29670"}],"curies":[{"name":"wp","href":"https:\/\/api.w.org\/{rel}","templated":true}]}}