{"id":29666,"date":"2025-02-18T16:47:40","date_gmt":"2025-02-18T15:47:40","guid":{"rendered":"https:\/\/www.jowyoriginals.com\/producto\/puzzle-tatami-4cm-100x100cm-superficie-antiderrapante-f-reversivel-cinzento-preto\/"},"modified":"2026-01-06T09:25:49","modified_gmt":"2026-01-06T08:25:49","slug":"puzzle-tatami-4cm-100x100cm-superficie-antiderrapante-f-reversivel-cinzento-preto","status":"publish","type":"product","link":"https:\/\/www.jowyoriginals.com\/pt-pt\/producto\/puzzle-tatami-4cm-100x100cm-superficie-antiderrapante-f-reversivel-cinzento-preto\/","title":{"rendered":"Puzzle Tatami 4cm 100x100cm - Superf\u00edcie antiderrapante F, revers\u00edvel Cinzento\/Preto"},"content":{"rendered":"<h2 class=\"newficha\">Carater\u00edsticas do Puzzle Floor 40mm - Superf\u00edcie antiderrapante F, revers\u00edvel Cinzento\/Preto<\/h2>\n<p>Jowy \u00e9 a marca de refer\u00eancia em puzzle tatami. Os nossos produtos s\u00e3o concebidos para oferecer um excelente desempenho e uma \u00f3ptima durabilidade.  Na Jowy encontrar\u00e1 um produto de qualidade ao melhor pre\u00e7o.<\/p>\n<p>O nosso tatami puzzle de 4 cm com superf\u00edcie antiderrapante F caracteriza-se por<\/p>\n<ul class=\"ucheck radio\">\n<li><strong>Espessura<\/strong>: 40 mm.<\/li>\n<li><strong>Dimens\u00f5es l\u00edquidas<\/strong>: 100cm x 100cm cada pe\u00e7a. Cada pe\u00e7a equivale a 1 m2. <\/li>\n<li><strong>Superf\u00edcie<\/strong>: antiderrapante F.<\/li>\n<li><strong>Peso<\/strong>: 3,5 kg.<\/li>\n<li><strong>Lados<\/strong>: Cada pe\u00e7a inclui os 4 lados rectos.<\/li>\n<li><strong>Dureza<\/strong>: 41-43\u00ba.<\/li>\n<li><strong>Densidade<\/strong>: 80kg\/m3.<\/li>\n<li><strong>Composi\u00e7\u00e3o<\/strong>: Acetato de etileno vinil de alta densidade.<\/li>\n<li><strong>Fixa\u00e7\u00e3o<\/strong>: tipo puzzle. Sem adesivos. <\/li>\n<li><strong>Cores dispon\u00edveis<\/strong>: dispon\u00edvel em cinzento\/preto revers\u00edvel. Tamb\u00e9m dispon\u00edvel noutras cores revers\u00edveis: azul\/vermelho e preto\/vermelho. Para mais cores, contacte-nos: <a href=\"https:\/\/www.jowyoriginals.com\/pt-pt\/contacto\/\">Ir para Contacto<\/a>  <\/li>\n<li><strong>F\u00e1cil de limpar<\/strong>: resistente \u00e0 \u00e1gua e f\u00e1cil de limpar.<\/li>\n<li><strong>Vida \u00fatil do produto<\/strong>: 8-10 anos.<\/li>\n<\/ul>\n","protected":false},"excerpt":{"rendered":"<p>Puzzle Tatami de 4cm de espessura que oferece a maior prote\u00e7\u00e3o, adequado para desportos com projec\u00e7\u00f5es frequentes ou exig\u00eancia m\u00e1xima de impactos, como judo, MMA, hapkido, jiu-jitsu, aikido, jiu-jitsu brasileiro, krav maga, defesa pessoal. Tamb\u00e9m pode ser utilizado como elemento de prote\u00e7\u00e3o do pavimento em gin\u00e1sios, \u00e1reas de lazer para crian\u00e7as, casas, garagens, etc. <\/p>\n","protected":false},"featured_media":28601,"comment_status":"open","ping_status":"closed","template":"","meta":{"_acf_changed":false,"_et_pb_use_builder":"","_et_pb_old_content":"","_et_gb_content_width":"","_joinchat":[]},"product_brand":[131],"product_cat":[160],"product_tag":[],"class_list":{"0":"post-29666","1":"product","2":"type-product","3":"status-publish","4":"has-post-thumbnail","6":"product_brand-jowyoriginals","7":"product_cat-tatame-puzzle","8":"product_shipping_class-comprar-tatami","10":"first","11":"instock","12":"sale","13":"taxable","14":"shipping-taxable","15":"purchasable","16":"product-type-simple"},"acf":[],"_links":{"self":[{"href":"https:\/\/www.jowyoriginals.com\/pt-pt\/wp-json\/wp\/v2\/product\/29666","targetHints":{"allow":["GET"]}}],"collection":[{"href":"https:\/\/www.jowyoriginals.com\/pt-pt\/wp-json\/wp\/v2\/product"}],"about":[{"href":"https:\/\/www.jowyoriginals.com\/pt-pt\/wp-json\/wp\/v2\/types\/product"}],"replies":[{"embeddable":true,"href":"https:\/\/www.jowyoriginals.com\/pt-pt\/wp-json\/wp\/v2\/comments?post=29666"}],"wp:featuredmedia":[{"embeddable":true,"href":"https:\/\/www.jowyoriginals.com\/pt-pt\/wp-json\/wp\/v2\/media\/28601"}],"wp:attachment":[{"href":"https:\/\/www.jowyoriginals.com\/pt-pt\/wp-json\/wp\/v2\/media?parent=29666"}],"wp:term":[{"taxonomy":"product_brand","embeddable":true,"href":"https:\/\/www.jowyoriginals.com\/pt-pt\/wp-json\/wp\/v2\/product_brand?post=29666"},{"taxonomy":"product_cat","embeddable":true,"href":"https:\/\/www.jowyoriginals.com\/pt-pt\/wp-json\/wp\/v2\/product_cat?post=29666"},{"taxonomy":"product_tag","embeddable":true,"href":"https:\/\/www.jowyoriginals.com\/pt-pt\/wp-json\/wp\/v2\/product_tag?post=29666"}],"curies":[{"name":"wp","href":"https:\/\/api.w.org\/{rel}","templated":true}]}}