{"id":29536,"date":"2025-03-09T10:53:47","date_gmt":"2025-03-09T09:53:47","guid":{"rendered":"https:\/\/www.jowyoriginals.com\/producto\/colchao-insuflavel-airtrack-400x100x20cm-cor-azul\/"},"modified":"2025-08-25T15:10:34","modified_gmt":"2025-08-25T13:10:34","slug":"colchao-insuflavel-airtrack-400x100x20cm-cor-azul","status":"publish","type":"product","link":"https:\/\/www.jowyoriginals.com\/pt-pt\/producto\/colchao-insuflavel-airtrack-400x100x20cm-cor-azul\/","title":{"rendered":"Colch\u00e3o insufl\u00e1vel AirTrack 400x100x20cm, cor azul"},"content":{"rendered":"<h2>Carater\u00edsticas do colch\u00e3o insufl\u00e1vel Airtrack 400x100x20cm, cor azul<\/h2>\n<p>A nossa via a\u00e9rea \u00e9 perfeita para utiliza\u00e7\u00e3o no interior e no exterior e caracteriza-se por<\/p>\n<ul class=\"ucheck radio\">\n<li><strong>Versatilidade de treino<\/strong>: ideal para gin\u00e1stica, claque, ioga, artes marciais e treino em casa. O seu design permite-lhe praticar saltos, acrobacias e exerc\u00edcios de baixo impacto em seguran\u00e7a. <\/li>\n<li><strong>Resistente e duradouro<\/strong>: o nosso tapete insufl\u00e1vel \u00e9 fabricado com materiais de alta qualidade e com a tecnologia Drop-Stitch, que garante uma elevada resist\u00eancia ao desgaste e suporta treinos intensivos e prolongados.<\/li>\n<li><strong>Utiliza\u00e7\u00e3o no interior e no exterior<\/strong>: gra\u00e7as \u00e0 sua superf\u00edcie imperme\u00e1vel, a nossa pista de atletismo \u00e9 adequada para utiliza\u00e7\u00e3o no interior e no exterior, garantindo um treino seguro em qualquer ambiente.<\/li>\n<li><strong>Dispon\u00edvel em mais varia\u00e7\u00f5es de espessura e dimens\u00f5es<\/strong>: o nosso colch\u00e3o insufl\u00e1vel est\u00e1 dispon\u00edvel em v\u00e1rias dimens\u00f5es para se adaptar a diferentes n\u00edveis e necessidades, oferecendo mais amortecimento e estabilidade em fun\u00e7\u00e3o da espessura escolhida.<\/li>\n<li><strong>F\u00e1cil de encher e transportar<\/strong>: enche e esvazia em minutos com a bomba inclu\u00edda. O design leve e port\u00e1til permite um transporte e armazenamento sem esfor\u00e7o. <\/li>\n<li><strong>Seguran\u00e7a e conforto<\/strong>: o nosso tapete insufl\u00e1vel tem uma superf\u00edcie antiderrapante que reduz o risco de les\u00f5es, proporcionando um ressalto controlado e uniforme para um melhor desempenho em cada exerc\u00edcio.<\/li>\n<li><strong>Cor<\/strong>: dispon\u00edvel em azul.<\/li>\n<\/ul>\n","protected":false},"excerpt":{"rendered":"<p>Leve o seu treino para o pr\u00f3ximo n\u00edvel com o nosso Airtrack azul de 400x100x20cm. Concebido para ginastas, acrobatas e entusiastas do fitness, este tapete insufl\u00e1vel oferece uma superf\u00edcie segura e el\u00e1stica para praticar saltos, rota\u00e7\u00f5es e acrobacias. A sua portabilidade e facilidade de montagem fazem dele a escolha perfeita para treinar em casa, no gin\u00e1sio ou ao ar livre. Descubra a liberdade de movimentos e a confian\u00e7a que o nosso Airtrack lhe proporciona.   <\/p>\n<p><strong>Inclui<\/strong>: 1 colch\u00e3o insufl\u00e1vel 400x100x20cm + kit de insufla\u00e7\u00e3o.<\/p>\n<p><strong>Utiliza\u00e7\u00e3o recomendada<\/strong>: Concebido para utiliza\u00e7\u00e3o em interiores e exteriores. Gin\u00e1stica, acrobacia, artes marciais, ioga e claque. <\/p>\n","protected":false},"featured_media":27205,"comment_status":"open","ping_status":"closed","template":"","meta":{"_acf_changed":false,"_et_pb_use_builder":"","_et_pb_old_content":"","_et_gb_content_width":"","_joinchat":[]},"product_brand":[131],"product_cat":[271,290,285],"product_tag":[],"class_list":{"0":"post-29536","1":"product","2":"type-product","3":"status-publish","4":"has-post-thumbnail","6":"product_brand-jowyoriginals","7":"product_cat-equipamento-fitness","8":"product_cat-outros-acessorios","9":"product_cat-tatami-enrolavel","10":"product_shipping_class-normal-pt-pt","12":"first","13":"instock","14":"taxable","15":"shipping-taxable","16":"purchasable","17":"product-type-simple"},"acf":[],"_links":{"self":[{"href":"https:\/\/www.jowyoriginals.com\/pt-pt\/wp-json\/wp\/v2\/product\/29536","targetHints":{"allow":["GET"]}}],"collection":[{"href":"https:\/\/www.jowyoriginals.com\/pt-pt\/wp-json\/wp\/v2\/product"}],"about":[{"href":"https:\/\/www.jowyoriginals.com\/pt-pt\/wp-json\/wp\/v2\/types\/product"}],"replies":[{"embeddable":true,"href":"https:\/\/www.jowyoriginals.com\/pt-pt\/wp-json\/wp\/v2\/comments?post=29536"}],"wp:featuredmedia":[{"embeddable":true,"href":"https:\/\/www.jowyoriginals.com\/pt-pt\/wp-json\/wp\/v2\/media\/27205"}],"wp:attachment":[{"href":"https:\/\/www.jowyoriginals.com\/pt-pt\/wp-json\/wp\/v2\/media?parent=29536"}],"wp:term":[{"taxonomy":"product_brand","embeddable":true,"href":"https:\/\/www.jowyoriginals.com\/pt-pt\/wp-json\/wp\/v2\/product_brand?post=29536"},{"taxonomy":"product_cat","embeddable":true,"href":"https:\/\/www.jowyoriginals.com\/pt-pt\/wp-json\/wp\/v2\/product_cat?post=29536"},{"taxonomy":"product_tag","embeddable":true,"href":"https:\/\/www.jowyoriginals.com\/pt-pt\/wp-json\/wp\/v2\/product_tag?post=29536"}],"curies":[{"name":"wp","href":"https:\/\/api.w.org\/{rel}","templated":true}]}}