{"id":29519,"date":"2025-02-12T18:11:25","date_gmt":"2025-02-12T17:11:25","guid":{"rendered":"https:\/\/www.jowyoriginals.com\/producto\/puzzle-tatami-1cm-60x60cm-superficie-antiderrapante-t-cor-parquet-embalagem-4-pcs\/"},"modified":"2025-08-25T15:06:22","modified_gmt":"2025-08-25T13:06:22","slug":"puzzle-tatami-1cm-60x60cm-superficie-antiderrapante-t-cor-parquet-embalagem-4-pcs","status":"publish","type":"product","link":"https:\/\/www.jowyoriginals.com\/pt-pt\/producto\/puzzle-tatami-1cm-60x60cm-superficie-antiderrapante-t-cor-parquet-embalagem-4-pcs\/","title":{"rendered":"Puzzle Tatami 1cm 60x60cm - Superf\u00edcie antiderrapante T, cor Parquet - Embalagem 4 pcs."},"content":{"rendered":"<h2 class=\"newficha\">Carater\u00edsticas do Pack 4 pcs. de Puzzle Floor 10mm - Superf\u00edcie antiderrapante T, cor Parquet<\/h2>\n<p>Jowy \u00e9 a marca de refer\u00eancia em puzzle tatami. Os nossos produtos s\u00e3o concebidos para oferecer um excelente desempenho e uma \u00f3ptima durabilidade.  Na Jowy encontrar\u00e1 um produto de qualidade ao melhor pre\u00e7o.<\/p>\n<p>As carater\u00edsticas do nosso tatami puzzle de 10 mm:<\/p>\n<ul class=\"ucheck radio\">\n<li><strong>Espessura<\/strong>: 10 mm.<\/li>\n<li><strong>Dimens\u00f5es da rede<\/strong>: 60cm x 60cm cada pe\u00e7a (2 lados direitos) e 1,20m x 1,20m cada pacote de 4 (1,44 m2).<\/li>\n<li><strong>Superf\u00edcie<\/strong>: T. antiderrapante<\/li>\n<li><strong>Peso<\/strong>: 350 gr.<\/li>\n<li><strong>Lados<\/strong>: s\u00e3o fornecidos 2 lados rectos por pe\u00e7a.<\/li>\n<li><strong>Dureza<\/strong>: 35\u00ba.<\/li>\n<li><strong>Densidade<\/strong>: 60kg\/m3.<\/li>\n<li><strong>Composi\u00e7\u00e3o<\/strong>: Acetato de etileno vinil de alta densidade.<\/li>\n<li><strong>Fixa\u00e7\u00e3o<\/strong>: tipo puzzle. Sem adesivos. <\/li>\n<li><strong>Certificados<\/strong>: EN71 (2005) +A6 Parte 1 F\u00edsica e Mec\u00e2nica BS EN71 (2006) + A1 Parte 2 Inflamabilidade BS EN71 (1995) + A1 + AC1 Parte 3 Toxicidade.<\/li>\n<li><strong>Cores dispon\u00edveis<\/strong>: imita\u00e7\u00e3o de parquet. Este modelo tamb\u00e9m est\u00e1 dispon\u00edvel noutras variantes de cor: azul, verde, cinzento, preto e imita\u00e7\u00e3o de parquet cinzento. <\/li>\n<li><strong>F\u00e1cil de limpar<\/strong>: resistente \u00e0 \u00e1gua e f\u00e1cil de limpar.<\/li>\n<li><strong>Vida \u00fatil do produto<\/strong>: 8-10 anos.<\/li>\n<\/ul>\n","protected":false},"excerpt":{"rendered":"<p>Pacote de 4 pe\u00e7as de Tatami Puzzle com 1cm de espessura dispon\u00edvel nos tamanhos 60x60cm com superf\u00edcie antiderrapante T, cor parquet. Fabricado em borracha EVA. <\/p>\n<p><strong>Utiliza\u00e7\u00e3o recomendada<\/strong>: como elemento de prote\u00e7\u00e3o do pavimento em gin\u00e1sios, \u00e1reas infantis, casas, garagens, etc.<\/p>\n","protected":false},"featured_media":26861,"comment_status":"open","ping_status":"closed","template":"","meta":{"_acf_changed":false,"_et_pb_use_builder":"","_et_pb_old_content":"","_et_gb_content_width":"","_joinchat":[]},"product_brand":[131],"product_cat":[160],"product_tag":[],"class_list":{"0":"post-29519","1":"product","2":"type-product","3":"status-publish","4":"has-post-thumbnail","6":"product_brand-jowyoriginals","7":"product_cat-tatame-puzzle","8":"product_shipping_class-comprar-tatami","10":"first","11":"instock","12":"sale","13":"featured","14":"taxable","15":"shipping-taxable","16":"purchasable","17":"product-type-simple"},"acf":[],"_links":{"self":[{"href":"https:\/\/www.jowyoriginals.com\/pt-pt\/wp-json\/wp\/v2\/product\/29519","targetHints":{"allow":["GET"]}}],"collection":[{"href":"https:\/\/www.jowyoriginals.com\/pt-pt\/wp-json\/wp\/v2\/product"}],"about":[{"href":"https:\/\/www.jowyoriginals.com\/pt-pt\/wp-json\/wp\/v2\/types\/product"}],"replies":[{"embeddable":true,"href":"https:\/\/www.jowyoriginals.com\/pt-pt\/wp-json\/wp\/v2\/comments?post=29519"}],"wp:featuredmedia":[{"embeddable":true,"href":"https:\/\/www.jowyoriginals.com\/pt-pt\/wp-json\/wp\/v2\/media\/26861"}],"wp:attachment":[{"href":"https:\/\/www.jowyoriginals.com\/pt-pt\/wp-json\/wp\/v2\/media?parent=29519"}],"wp:term":[{"taxonomy":"product_brand","embeddable":true,"href":"https:\/\/www.jowyoriginals.com\/pt-pt\/wp-json\/wp\/v2\/product_brand?post=29519"},{"taxonomy":"product_cat","embeddable":true,"href":"https:\/\/www.jowyoriginals.com\/pt-pt\/wp-json\/wp\/v2\/product_cat?post=29519"},{"taxonomy":"product_tag","embeddable":true,"href":"https:\/\/www.jowyoriginals.com\/pt-pt\/wp-json\/wp\/v2\/product_tag?post=29519"}],"curies":[{"name":"wp","href":"https:\/\/api.w.org\/{rel}","templated":true}]}}