{"id":29516,"date":"2024-11-04T17:57:55","date_gmt":"2024-11-04T16:57:55","guid":{"rendered":"https:\/\/www.jowyoriginals.com\/producto\/haltere-ajustavel-de-35kgs-a-32kgs-1pc\/"},"modified":"2025-08-25T14:23:21","modified_gmt":"2025-08-25T12:23:21","slug":"haltere-ajustavel-de-35kgs-a-32kgs-1pc","status":"publish","type":"product","link":"https:\/\/www.jowyoriginals.com\/pt-pt\/producto\/haltere-ajustavel-de-35kgs-a-32kgs-1pc\/","title":{"rendered":"Haltere ajust\u00e1vel de 3,5kgs a 32kgs - 1pc"},"content":{"rendered":"<h2 class=\"newficha\">Carater\u00edsticas do Haltere ajust\u00e1vel de 3,5 kg a 32 kg com sistema Twist Lock - 1 unidade<\/h2>\n<p>O nosso haltere ajust\u00e1vel de 3,5kgs a 32kgs possui carater\u00edsticas:<\/p>\n<ul class=\"ucheck radio\">\n<li>Pega <strong>ergon\u00f3mica<\/strong>: pega em a\u00e7o cromado revestida com borracha antiderrapante que proporciona uma maior ader\u00eancia, facilitando a realiza\u00e7\u00e3o de todos os tipos de exerc\u00edcios e evitando les\u00f5es causadas por uma m\u00e1 ader\u00eancia.<\/li>\n<li><strong>Sistema de bloqueio girat\u00f3rio<\/strong>: mecanismo avan\u00e7ado de bloqueio de seguran\u00e7a que permite uma fixa\u00e7\u00e3o segura e robusta dos discos e garante uma estabilidade \u00f3ptima do conjunto durante os exerc\u00edcios.<\/li>\n<li>Revestimento <strong>de borracha<\/strong>: discos com um revestimento exterior de borracha de alta qualidade, resistente e duradouro, que absorve o som e protege o pavimento dos choques.<\/li>\n<li><strong>Grande versatilidade<\/strong>: permite uma grande variedade de exerc\u00edcios de muscula\u00e7\u00e3o, funcionais e de cross training.<\/li>\n<li><strong>Dimens\u00f5es da rede<\/strong>: comprimento total de 45 cm, com pega de 12 cm de comprimento e di\u00e2metro de 18 cm.<\/li>\n<li><strong>Cor<\/strong>: preto.<\/li>\n<li><strong>F\u00e1cil arruma\u00e7\u00e3o<\/strong>: permite uma arruma\u00e7\u00e3o f\u00e1cil e segura. Al\u00e9m disso, permite uma grande economia de espa\u00e7o e de dinheiro, pois com apenas um haltere, tem diferentes pesos. <\/li>\n<\/ul>\n","protected":false},"excerpt":{"rendered":"<p>Halter ajust\u00e1vel de 3,5 kg a 32 kg, com punho cromado de conce\u00e7\u00e3o ergon\u00f3mica e revestimento de borracha antiderrapante para uma melhor ader\u00eancia. Discos exteriores revestidos a borracha. Sistema girat\u00f3rio com mecanismo avan\u00e7ado de bloqueio de seguran\u00e7a que permite uma fixa\u00e7\u00e3o segura e robusta dos discos e garante uma estabilidade \u00f3ptima do conjunto durante os exerc\u00edcios.  <\/p>\n<p>O nosso haltere ajust\u00e1vel de 3,5kgs a 32kgs oferece at\u00e9 5 pesos diferentes num \u00fanico haltere:<br \/>\n3,5kg - 10kg - 17kg - 24kg - 32kg<\/p>\n<p><strong>Utiliza\u00e7\u00e3o recomendada<\/strong>: Para particulares, no seu gin\u00e1sio em casa, bem como para profissionais, em gin\u00e1sios de cross training e muscula\u00e7\u00e3o, clubes desportivos profissionais, personal trainers e fisioterapeutas.<\/p>\n<p><strong>Treino<\/strong>: Permite-lhe realizar v\u00e1rios exerc\u00edcios de treino cruzado ou de muscula\u00e7\u00e3o para fortalecer os m\u00fasculos abdominais, b\u00edceps, tr\u00edceps, quadr\u00edceps e ombros.<\/p>\n","protected":false},"featured_media":27047,"comment_status":"open","ping_status":"closed","template":"","meta":{"_acf_changed":false,"_et_pb_use_builder":"","_et_pb_old_content":"","_et_gb_content_width":"","_joinchat":[]},"product_brand":[132],"product_cat":[271,295,294],"product_tag":[],"class_list":{"0":"post-29516","1":"product","2":"type-product","3":"status-publish","4":"has-post-thumbnail","6":"product_brand-homexgym","7":"product_cat-equipamento-fitness","8":"product_cat-pesos-e-halteres","9":"product_cat-treino-forca","10":"product_shipping_class-normal-pt-pt","12":"first","13":"instock","14":"sale","15":"taxable","16":"shipping-taxable","17":"purchasable","18":"product-type-simple"},"acf":[],"_links":{"self":[{"href":"https:\/\/www.jowyoriginals.com\/pt-pt\/wp-json\/wp\/v2\/product\/29516","targetHints":{"allow":["GET"]}}],"collection":[{"href":"https:\/\/www.jowyoriginals.com\/pt-pt\/wp-json\/wp\/v2\/product"}],"about":[{"href":"https:\/\/www.jowyoriginals.com\/pt-pt\/wp-json\/wp\/v2\/types\/product"}],"replies":[{"embeddable":true,"href":"https:\/\/www.jowyoriginals.com\/pt-pt\/wp-json\/wp\/v2\/comments?post=29516"}],"wp:featuredmedia":[{"embeddable":true,"href":"https:\/\/www.jowyoriginals.com\/pt-pt\/wp-json\/wp\/v2\/media\/27047"}],"wp:attachment":[{"href":"https:\/\/www.jowyoriginals.com\/pt-pt\/wp-json\/wp\/v2\/media?parent=29516"}],"wp:term":[{"taxonomy":"product_brand","embeddable":true,"href":"https:\/\/www.jowyoriginals.com\/pt-pt\/wp-json\/wp\/v2\/product_brand?post=29516"},{"taxonomy":"product_cat","embeddable":true,"href":"https:\/\/www.jowyoriginals.com\/pt-pt\/wp-json\/wp\/v2\/product_cat?post=29516"},{"taxonomy":"product_tag","embeddable":true,"href":"https:\/\/www.jowyoriginals.com\/pt-pt\/wp-json\/wp\/v2\/product_tag?post=29516"}],"curies":[{"name":"wp","href":"https:\/\/api.w.org\/{rel}","templated":true}]}}