{"id":29512,"date":"2023-09-16T15:33:59","date_gmt":"2023-09-16T13:33:59","guid":{"rendered":"https:\/\/www.jowyoriginals.com\/producto\/haltere-ajustavel-de-2kgs-a-24kgs-1pc\/"},"modified":"2026-04-19T09:50:21","modified_gmt":"2026-04-19T07:50:21","slug":"haltere-ajustavel-de-2kgs-a-24kgs-1pc","status":"publish","type":"product","link":"https:\/\/www.jowyoriginals.com\/pt-pt\/producto\/haltere-ajustavel-de-2kgs-a-24kgs-1pc\/","title":{"rendered":"Haltere ajust\u00e1vel de 2kgs a 24kgs - 1pc"},"content":{"rendered":"<h2 class=\"newficha\">Carater\u00edsticas do Haltere ajust\u00e1vel de 2kgs a 24kgs com sistema Twist Lock - 1pc<\/h2>\n<p>O nosso haltere ajust\u00e1vel de 2kgs a 24kgs possui carater\u00edsticas:<\/p>\n<ul class=\"ucheck radio\">\n<li>Pega <strong>ergon\u00f3mica<\/strong>: pega em a\u00e7o cromado revestida com borracha antiderrapante que proporciona uma maior ader\u00eancia, facilitando a realiza\u00e7\u00e3o de todos os tipos de exerc\u00edcios e evitando les\u00f5es causadas por uma m\u00e1 ader\u00eancia.<\/li>\n<li><strong>Sistema de bloqueio girat\u00f3rio<\/strong>: mecanismo avan\u00e7ado de bloqueio de seguran\u00e7a que permite uma fixa\u00e7\u00e3o segura e robusta dos discos e garante uma estabilidade \u00f3ptima do conjunto durante os exerc\u00edcios.<\/li>\n<li>Revestimento <strong>de borracha<\/strong>: discos com um revestimento exterior de borracha de alta qualidade, resistente e duradouro, que absorve o som e protege o pavimento dos choques.<\/li>\n<li><strong>Grande versatilidade<\/strong>: permite uma grande variedade de exerc\u00edcios de muscula\u00e7\u00e3o, funcionais e de cross training.<\/li>\n<li><strong>Dimens\u00f5es da rede<\/strong>: comprimento total 43cm, com pega de 12cm de comprimento e di\u00e2metro de 4cm a 24cm, consoante o disco.<\/li>\n<li><strong>Cor<\/strong>: preto.<\/li>\n<li><strong>F\u00e1cil arruma\u00e7\u00e3o<\/strong>: permite uma arruma\u00e7\u00e3o f\u00e1cil e segura. Al\u00e9m disso, permite uma grande economia de espa\u00e7o e de dinheiro, pois com apenas um haltere, tem diferentes pesos. <\/li>\n<\/ul>\n","protected":false},"excerpt":{"rendered":"<p>Halter ajust\u00e1vel de 2kgs a 24kgs, com punho cromado de conce\u00e7\u00e3o ergon\u00f3mica e revestimento de borracha antiderrapante para uma melhor ader\u00eancia. Discos exteriores revestidos a borracha. Sistema girat\u00f3rio com mecanismo de bloqueio de seguran\u00e7a avan\u00e7ado que permite uma fixa\u00e7\u00e3o segura e robusta dos discos e garante uma estabilidade \u00f3ptima do conjunto durante os exerc\u00edcios.  <\/p>\n<p>O nosso haltere ajust\u00e1vel de 2kgs a 24kgs oferece at\u00e9 15 pesos diferentes num s\u00f3 haltere:<br \/>\n2,5kg - 3,5kg - 4,5kg - 5,5kg - 6,5kg - 8kg - 9kg - 10kg - 11,5kg - 13,5kg - 16kg - 18kg - 20,5kg - 22,5kg - 24kg<\/p>\n<p><strong>Utiliza\u00e7\u00e3o recomendada<\/strong>: Para particulares, no seu gin\u00e1sio em casa, bem como para profissionais, em gin\u00e1sios de cross training e muscula\u00e7\u00e3o, clubes desportivos profissionais, personal trainers e fisioterapeutas.<\/p>\n<p><strong>Treino<\/strong>: Permite-lhe realizar v\u00e1rios exerc\u00edcios de treino cruzado ou de muscula\u00e7\u00e3o para fortalecer os m\u00fasculos abdominais, b\u00edceps, tr\u00edceps, quadr\u00edceps e ombros.<\/p>\n","protected":false},"featured_media":26753,"comment_status":"open","ping_status":"closed","template":"","meta":{"_acf_changed":false,"_et_pb_use_builder":"","_et_pb_old_content":"","_et_gb_content_width":"","_joinchat":[]},"product_brand":[],"product_cat":[271,295,294],"product_tag":[],"class_list":{"0":"post-29512","1":"product","2":"type-product","3":"status-publish","4":"has-post-thumbnail","6":"product_cat-equipamento-fitness","7":"product_cat-pesos-e-halteres","8":"product_cat-treino-forca","9":"product_shipping_class-normal-pt-pt","11":"first","12":"instock","13":"sale","14":"taxable","15":"shipping-taxable","16":"purchasable","17":"product-type-simple"},"acf":[],"_links":{"self":[{"href":"https:\/\/www.jowyoriginals.com\/pt-pt\/wp-json\/wp\/v2\/product\/29512","targetHints":{"allow":["GET"]}}],"collection":[{"href":"https:\/\/www.jowyoriginals.com\/pt-pt\/wp-json\/wp\/v2\/product"}],"about":[{"href":"https:\/\/www.jowyoriginals.com\/pt-pt\/wp-json\/wp\/v2\/types\/product"}],"replies":[{"embeddable":true,"href":"https:\/\/www.jowyoriginals.com\/pt-pt\/wp-json\/wp\/v2\/comments?post=29512"}],"wp:featuredmedia":[{"embeddable":true,"href":"https:\/\/www.jowyoriginals.com\/pt-pt\/wp-json\/wp\/v2\/media\/26753"}],"wp:attachment":[{"href":"https:\/\/www.jowyoriginals.com\/pt-pt\/wp-json\/wp\/v2\/media?parent=29512"}],"wp:term":[{"taxonomy":"product_brand","embeddable":true,"href":"https:\/\/www.jowyoriginals.com\/pt-pt\/wp-json\/wp\/v2\/product_brand?post=29512"},{"taxonomy":"product_cat","embeddable":true,"href":"https:\/\/www.jowyoriginals.com\/pt-pt\/wp-json\/wp\/v2\/product_cat?post=29512"},{"taxonomy":"product_tag","embeddable":true,"href":"https:\/\/www.jowyoriginals.com\/pt-pt\/wp-json\/wp\/v2\/product_tag?post=29512"}],"curies":[{"name":"wp","href":"https:\/\/api.w.org\/{rel}","templated":true}]}}