{"id":29454,"date":"2025-06-21T11:24:29","date_gmt":"2025-06-21T09:24:29","guid":{"rendered":"https:\/\/www.jowyoriginals.com\/producto\/puzzle-tatami-2cm-100x100cm-superficie-antiderrapante-f-reversivel-cinzento-azul\/"},"modified":"2026-04-17T16:17:26","modified_gmt":"2026-04-17T14:17:26","slug":"puzzle-tatami-2cm-100x100cm-superficie-antiderrapante-f-reversivel-cinzento-azul","status":"publish","type":"product","link":"https:\/\/www.jowyoriginals.com\/pt-pt\/producto\/puzzle-tatami-2cm-100x100cm-superficie-antiderrapante-f-reversivel-cinzento-azul\/","title":{"rendered":"Puzzle Tatami 2cm 100x100cm - Superf\u00edcie antiderrapante F, revers\u00edvel Cinzento\/Azul"},"content":{"rendered":"<h2 class=\"newficha\">Carater\u00edsticas do Puzzle Floor 20mm - Superf\u00edcie antiderrapante F, revers\u00edvel Cinzento\/Azul<\/h2>\n<p>Jowy \u00e9 a marca de refer\u00eancia em puzzle tatami. Os nossos produtos s\u00e3o concebidos para oferecer um excelente desempenho e uma \u00f3ptima durabilidade.  Na Jowy encontrar\u00e1 um produto de qualidade ao melhor pre\u00e7o.<\/p>\n<p>O nosso tatami puzzle de 20 mm com superf\u00edcie antiderrapante F apresenta:<\/p>\n<ul class=\"ucheck radio\">\n<li><strong>Espessura<\/strong>: 20 mm.<\/li>\n<li><strong>Dimens\u00f5es l\u00edquidas<\/strong>: 100cm x 100cm cada pe\u00e7a. Cada pe\u00e7a equivale a 1 m2. <\/li>\n<li><strong>Superf\u00edcie<\/strong>: antiderrapante F.<\/li>\n<li><strong>Peso<\/strong>: 1,8 kg.<\/li>\n<li><strong>Lados<\/strong>: Cada pe\u00e7a inclui os 4 lados rectos.<\/li>\n<li><strong>Dureza<\/strong>: 36-38\u00ba.<\/li>\n<li><strong>Densidade<\/strong>: 80kg\/m3.<\/li>\n<li><strong>Composi\u00e7\u00e3o<\/strong>: Acetato de etileno vinil de alta densidade.<\/li>\n<li><strong>Fixa\u00e7\u00e3o<\/strong>: tipo puzzle. Sem adesivos. <\/li>\n<li><strong>Cores dispon\u00edveis<\/strong>: Revers\u00edvel cinzento\/azul. Tamb\u00e9m dispon\u00edvel noutras cores revers\u00edveis. Para mais cores, contacte-nos: <a href=\"https:\/\/www.jowyoriginals.com\/pt-pt\/contacto\/\">Ir para Contacto<\/a>  <\/li>\n<li><strong>F\u00e1cil de limpar<\/strong>: resistente \u00e0 \u00e1gua e f\u00e1cil de limpar.<\/li>\n<li><strong>Vida \u00fatil do produto<\/strong>: 8-10 anos.<\/li>\n<\/ul>\n","protected":false},"excerpt":{"rendered":"<p>O Tatami Puzzle com 2 cm de espessura \u00e9 adequado para boxe, kickboxing, dan\u00e7a, recreio, fitkid, gin\u00e1stica, fitness, ioga, pilates e exerc\u00edcios no ch\u00e3o. Tamb\u00e9m pode ser utilizado como elemento de prote\u00e7\u00e3o do ch\u00e3o em gin\u00e1sios, \u00e1reas para crian\u00e7as, casa, garagem, etc. <\/p>\n","protected":false},"featured_media":31397,"comment_status":"open","ping_status":"closed","template":"","meta":{"_acf_changed":false,"_et_pb_use_builder":"","_et_pb_old_content":"","_et_gb_content_width":"","_joinchat":[]},"product_brand":[],"product_cat":[160],"product_tag":[],"class_list":{"0":"post-29454","1":"product","2":"type-product","3":"status-publish","4":"has-post-thumbnail","6":"product_cat-tatame-puzzle","7":"product_shipping_class-comprar-tatami","9":"first","10":"instock","11":"sale","12":"featured","13":"taxable","14":"shipping-taxable","15":"purchasable","16":"product-type-simple"},"acf":[],"_links":{"self":[{"href":"https:\/\/www.jowyoriginals.com\/pt-pt\/wp-json\/wp\/v2\/product\/29454","targetHints":{"allow":["GET"]}}],"collection":[{"href":"https:\/\/www.jowyoriginals.com\/pt-pt\/wp-json\/wp\/v2\/product"}],"about":[{"href":"https:\/\/www.jowyoriginals.com\/pt-pt\/wp-json\/wp\/v2\/types\/product"}],"replies":[{"embeddable":true,"href":"https:\/\/www.jowyoriginals.com\/pt-pt\/wp-json\/wp\/v2\/comments?post=29454"}],"wp:featuredmedia":[{"embeddable":true,"href":"https:\/\/www.jowyoriginals.com\/pt-pt\/wp-json\/wp\/v2\/media\/31397"}],"wp:attachment":[{"href":"https:\/\/www.jowyoriginals.com\/pt-pt\/wp-json\/wp\/v2\/media?parent=29454"}],"wp:term":[{"taxonomy":"product_brand","embeddable":true,"href":"https:\/\/www.jowyoriginals.com\/pt-pt\/wp-json\/wp\/v2\/product_brand?post=29454"},{"taxonomy":"product_cat","embeddable":true,"href":"https:\/\/www.jowyoriginals.com\/pt-pt\/wp-json\/wp\/v2\/product_cat?post=29454"},{"taxonomy":"product_tag","embeddable":true,"href":"https:\/\/www.jowyoriginals.com\/pt-pt\/wp-json\/wp\/v2\/product_tag?post=29454"}],"curies":[{"name":"wp","href":"https:\/\/api.w.org\/{rel}","templated":true}]}}