{"id":29425,"date":"2025-03-04T19:11:12","date_gmt":"2025-03-04T18:11:12","guid":{"rendered":"https:\/\/www.jowyoriginals.com\/producto\/correias-de-suspensao-do-tipo-trx-cor-amarela\/"},"modified":"2026-03-05T13:54:23","modified_gmt":"2026-03-05T12:54:23","slug":"correias-de-suspensao-do-tipo-trx-cor-amarela","status":"publish","type":"product","link":"https:\/\/www.jowyoriginals.com\/pt-pt\/producto\/correias-de-suspensao-do-tipo-trx-cor-amarela\/","title":{"rendered":"Correias de suspens\u00e3o do tipo TRX, cor amarela"},"content":{"rendered":"<h2>Carater\u00edsticas das Correias de Suspens\u00e3o TRX, cor amarela<\/h2>\n<p>As nossas correias de suspens\u00e3o s\u00e3o perfeitas para o seu treino funcional e caracterizam-se por..:<\/p>\n<ul class=\"ucheck radio\">\n<li><strong>Materiais<\/strong>: fabricado em poli\u00e9ster de alta qualidade e resistente e mosquet\u00e3o de a\u00e7o.<\/li>\n<li><strong>Fixa\u00e7\u00f5es de suspens\u00e3o<\/strong>: est\u00e3o dispon\u00edveis dois sistemas de fixa\u00e7\u00e3o (cinta de fixa\u00e7\u00e3o ajust\u00e1vel e cinta com rolha) para permitir a utiliza\u00e7\u00e3o das cintas em diferentes suportes, como portas, janelas, etc.<\/li>\n<li><strong>Punhos<\/strong> ergon\u00f3micos: punhos ergon\u00f3micos para um bom controlo em todos os movimentos.<\/li>\n<li><strong>Mosquet\u00e3o de bloqueio<\/strong>: Inclui um mosquet\u00e3o de bloqueio forte e duradouro.<\/li>\n<li><strong>Almofada de prote\u00e7\u00e3o<\/strong>: Est\u00e1 inclu\u00edda uma almofada de prote\u00e7\u00e3o para as portas.<\/li>\n<li><strong>F\u00e1cil de montar<\/strong>: montagem em segundos em qualquer port\u00e3o, poste ou veda\u00e7\u00e3o.<\/li>\n<li><strong>F\u00e1cil de guardar e transportar<\/strong>: s\u00e3o leves e podem ser facilmente transportados e guardados no saco inclu\u00eddo.<\/li>\n<li><strong>Grande versatilidade<\/strong>: permitem realizar uma grande variedade de exerc\u00edcios funcionais e calist\u00e9nicos. S\u00e3o perfeitos para exercitar o peito, as costas, os bra\u00e7os e os abdominais, em casa ou em qualquer outro s\u00edtio. <\/li>\n<li><strong>Dimens\u00f5es l\u00edquidas<\/strong>: comprimento da al\u00e7a 110cmx2 \/\/ comprimento do extensor 100cm.<\/li>\n<li><strong>Cor<\/strong>: dispon\u00edvel em amarelo. Tamb\u00e9m dispon\u00edvel noutras cores: azul, verde e vermelho. <\/li>\n<\/ul>\n","protected":false},"excerpt":{"rendered":"<p>Correias de suspens\u00e3o amarelas tipo TRX para treino funcional. Fabricadas em poli\u00e9ster de alta qualidade, com pegas ergon\u00f3micas e dois sistemas de fixa\u00e7\u00e3o. <\/p>\n<p><strong>Inclui<\/strong>: 2 correias + 1 extensor + 1 suporte de porta + saco de transporte.<\/p>\n<p><strong>Recomenda\u00e7\u00e3o de carga m\u00e1xima<\/strong>: 500 kg.<\/p>\n<p><strong>Utiliza\u00e7\u00e3o recomendada<\/strong>: Para particulares, no seu gin\u00e1sio em casa, bem como para profissionais, em gin\u00e1sios de cross training e muscula\u00e7\u00e3o, clubes desportivos profissionais, personal trainers e fisioterapeutas.<\/p>\n<p><strong>Treino<\/strong>: Permitem efetuar m\u00faltiplos exerc\u00edcios funcionais e de muscula\u00e7\u00e3o. Perfeitas para fortalecer os m\u00fasculos das costas, dos bra\u00e7os, do peito e do abd\u00f3men. <\/p>\n","protected":false},"featured_media":26361,"comment_status":"open","ping_status":"closed","template":"","meta":{"_acf_changed":false,"_et_pb_use_builder":"","_et_pb_old_content":"","_et_gb_content_width":"","_joinchat":[]},"product_brand":[],"product_cat":[279,271,278],"product_tag":[],"class_list":{"0":"post-29425","1":"product","2":"type-product","3":"status-publish","4":"has-post-thumbnail","6":"product_cat-correias-suspensao","7":"product_cat-equipamento-fitness","8":"product_cat-treino-funcional","9":"product_shipping_class-normal-pt-pt","11":"first","12":"instock","13":"sale","14":"taxable","15":"shipping-taxable","16":"purchasable","17":"product-type-simple"},"acf":[],"_links":{"self":[{"href":"https:\/\/www.jowyoriginals.com\/pt-pt\/wp-json\/wp\/v2\/product\/29425","targetHints":{"allow":["GET"]}}],"collection":[{"href":"https:\/\/www.jowyoriginals.com\/pt-pt\/wp-json\/wp\/v2\/product"}],"about":[{"href":"https:\/\/www.jowyoriginals.com\/pt-pt\/wp-json\/wp\/v2\/types\/product"}],"replies":[{"embeddable":true,"href":"https:\/\/www.jowyoriginals.com\/pt-pt\/wp-json\/wp\/v2\/comments?post=29425"}],"wp:featuredmedia":[{"embeddable":true,"href":"https:\/\/www.jowyoriginals.com\/pt-pt\/wp-json\/wp\/v2\/media\/26361"}],"wp:attachment":[{"href":"https:\/\/www.jowyoriginals.com\/pt-pt\/wp-json\/wp\/v2\/media?parent=29425"}],"wp:term":[{"taxonomy":"product_brand","embeddable":true,"href":"https:\/\/www.jowyoriginals.com\/pt-pt\/wp-json\/wp\/v2\/product_brand?post=29425"},{"taxonomy":"product_cat","embeddable":true,"href":"https:\/\/www.jowyoriginals.com\/pt-pt\/wp-json\/wp\/v2\/product_cat?post=29425"},{"taxonomy":"product_tag","embeddable":true,"href":"https:\/\/www.jowyoriginals.com\/pt-pt\/wp-json\/wp\/v2\/product_tag?post=29425"}],"curies":[{"name":"wp","href":"https:\/\/api.w.org\/{rel}","templated":true}]}}