{"id":29578,"date":"2023-06-25T13:03:47","date_gmt":"2023-06-25T11:03:47","guid":{"rendered":"https:\/\/www.jowyoriginals.com\/devolucoes-e-garantias\/"},"modified":"2025-08-19T10:13:40","modified_gmt":"2025-08-19T08:13:40","slug":"devolucoes-e-garantias","status":"publish","type":"page","link":"https:\/\/www.jowyoriginals.com\/pt-pt\/devolucoes-e-garantias\/","title":{"rendered":"Devolu\u00e7\u00f5es e garantias"},"content":{"rendered":"<p>[et_pb_section fb_built=&#8221;1&#8243; _builder_version=&#8221;4.21.0&#8243; _module_preset=&#8221;default&#8221; background_image=&#8221;https:\/\/www.jowyoriginals.com\/wp-content\/uploads\/2023\/06\/cta-general-jowy-3.jpg&#8221; locked=&#8221;off&#8221; global_colors_info=&#8221;{}&#8221;][et_pb_row _builder_version=&#8221;4.21.0&#8243; _module_preset=&#8221;default&#8221; background_enable_image=&#8221;off&#8221; global_colors_info=&#8221;{}&#8221;][et_pb_column type=&#8221;4_4&#8243; _builder_version=&#8221;4.21.0&#8243; _module_preset=&#8221;default&#8221; global_colors_info=&#8221;{}&#8221;][et_pb_text _builder_version=&#8221;4.21.0&#8243; _module_preset=&#8221;default&#8221; header_text_color=&#8221;#FFFFFF&#8221; global_colors_info=&#8221;{}&#8221;]<\/p>\n<h1 class=\"undr\" style=\"margin-bottom: 20px!important; padding-bottom: 25px;\">Devolu\u00e7\u00f5es e garantias<\/h1>\n<p>[\/et_pb_text][\/et_pb_column][\/et_pb_row][\/et_pb_section][et_pb_section fb_built=&#8221;1&#8243; _builder_version=&#8221;4.21.0&#8243; _module_preset=&#8221;default&#8221; global_colors_info=&#8221;{}&#8221;][et_pb_row _builder_version=&#8221;4.21.0&#8243; _module_preset=&#8221;default&#8221; global_colors_info=&#8221;{}&#8221;][et_pb_column type=&#8221;4_4&#8243; _builder_version=&#8221;4.21.0&#8243; _module_preset=&#8221;default&#8221; global_colors_info=&#8221;{}&#8221;][et_pb_text _builder_version=&#8221;4.23.1&#8243; _module_preset=&#8221;default&#8221; global_colors_info=&#8221;{}&#8221;]<\/p>\n<h3>Informa\u00e7\u00f5es sobre o produto:<\/h3>\n<p>As descri\u00e7\u00f5es dos produtos apresentados neste s\u00edtio Web baseiam-se nas informa\u00e7\u00f5es fornecidas pelos nossos fornecedores.<\/p>\n<h3>Pre\u00e7os:<\/h3>\n<p>Os pre\u00e7os dos produtos indicados neste s\u00edtio Web n\u00e3o incluem os custos de envio nem as despesas de manuseamento. Estes ser\u00e3o detalhados \u00e0 medida que o utilizador for fornecendo as informa\u00e7\u00f5es necess\u00e1rias para que os custos sejam calculados. <\/p>\n<h3>Disponibilidade:<\/h3>\n<p>Todas as encomendas est\u00e3o sujeitas \u00e0 disponibilidade dos produtos. Devido a varia\u00e7\u00f5es na procura ou a causas externas, pode acontecer que os produtos n\u00e3o estejam dispon\u00edveis durante um determinado per\u00edodo de tempo. Neste caso, pode fazer uma reserva contactando-nos por e-mail ou telefone.  <\/p>\n<h3>Pagamento:<\/h3>\n<p>O nosso s\u00edtio Web oferece dois m\u00e9todos de pagamento. Estes s\u00e3o o cart\u00e3o de cr\u00e9dito e o paypal. Alguns destes m\u00e9todos de pagamento implicam uma taxa de manuseamento que ser\u00e1 aplicada ao montante total da compra. Os montantes correspondentes ser\u00e3o comunicados ao cliente antes da formaliza\u00e7\u00e3o da compra.   <\/p>\n<h3>Garantia:<\/h3>\n<p>Os nossos produtos t\u00eam uma garantia de 3 anos para o consumidor final, como indicado pela legisla\u00e7\u00e3o atual. Esta legisla\u00e7\u00e3o estabelece uma garantia de 6 meses se o cliente for uma empresa. Para exercer o direito de reclama\u00e7\u00e3o, ser\u00e1 necess\u00e1rio apresentar o comprovativo de compra.  <\/p>\n<p>Do mesmo modo, em conformidade com a legisla\u00e7\u00e3o em vigor, a garantia n\u00e3o cobre os danos devidos a uma utiliza\u00e7\u00e3o incorrecta ou a uma manuten\u00e7\u00e3o deficiente do material, nem os danos resultantes de causas alheias \u00e0 empresa (por exemplo, inc\u00eandios, inunda\u00e7\u00f5es, etc.), nem a deteriora\u00e7\u00e3o ou o desgaste do produto resultantes da sua utiliza\u00e7\u00e3o regular e cont\u00ednua.<\/p>\n<h3>Pol\u00edtica de devolu\u00e7\u00e3o e troca:<\/h3>\n<ul class=\"ucheck arrow\">\n<li>O cliente deve verificar o material \u00e0 chegada. Se for detectada alguma anomalia, ser\u00e1 necess\u00e1rio indic\u00e1-la na nota de entrega para poder efetuar uma reclama\u00e7\u00e3o. <\/li>\n<li>Em caso de rece\u00e7\u00e3o de material em mau estado, este facto deve ser indicado na nota de entrega e a reclama\u00e7\u00e3o deve ser feita no prazo de 48 horas ap\u00f3s a rece\u00e7\u00e3o do material, ap\u00f3s o que este tipo de dano n\u00e3o ser\u00e1 tratado.<\/li>\n<li>O reembolso do montante correspondente ser\u00e1 sempre efectuado para o mesmo meio de pagamento utilizado na compra.<\/li>\n<li>Os custos de envio em caso de devolu\u00e7\u00e3o ficam a cargo do cliente.<\/li>\n<li>O cliente pode exercer o seu direito de retrata\u00e7\u00e3o no prazo de 14 dias a contar da rece\u00e7\u00e3o da encomenda.<\/li>\n<li>O material deve ser devolvido na sua embalagem original ou, na sua falta, numa embalagem que garanta a sua prote\u00e7\u00e3o durante o transporte.<\/li>\n<li>N\u00e3o ser\u00e3o aceites devolu\u00e7\u00f5es no caso de o cliente ou utilizador ter utilizado o material.<\/li>\n<li>S\u00f3 ser\u00e3o tratadas as queixas recebidas atrav\u00e9s do nosso formul\u00e1rio de queixa (consultar o <a href=\"https:\/\/www.jowyoriginals.com\/pt-pt\/formulario-de-pedido-de-indemnizacao\/\" title=\"formul\u00e1rio de reclama\u00e7\u00e3o\"><strong>formul\u00e1rio de reclama\u00e7\u00e3o<\/strong><\/a>)<\/li>\n<\/ul>\n<h3>Termos e condi\u00e7\u00f5es de expedi\u00e7\u00e3o<\/h3>\n<p>A entrega ser\u00e1 efectuada pela empresa de correios que trabalha connosco.<\/p>\n<p>O prazo de entrega para a Pen\u00ednsula e Ilhas Baleares varia normalmente entre 2 e 4 dias \u00fateis. Estes prazos de entrega s\u00e3o aproximados e podem variar por motivos alheios \u00e0 vontade do INOUT. Em caso de atraso na entrega do material, o INOUT n\u00e3o se responsabiliza pelos preju\u00edzos que esta situa\u00e7\u00e3o possa causar.  <\/p>\n<p>Para mais informa\u00e7\u00f5es sobre os prazos de entrega, contacte-nos diretamente por correio eletr\u00f3nico ou telefone.<\/p>\n<p>* Para entregas fora da pen\u00ednsula e das Ilhas Baleares, ser\u00e1 necess\u00e1rio contactar o departamento comercial por telefone ou por correio eletr\u00f3nico para solicitar um or\u00e7amento.<\/p>\n<p>[\/et_pb_text][\/et_pb_column][\/et_pb_row][\/et_pb_section]<\/p>\n","protected":false},"excerpt":{"rendered":"<p>Devolu\u00e7\u00f5es e garantiasInforma\u00e7\u00f5es sobre o produto: As descri\u00e7\u00f5es dos produtos apresentados neste s\u00edtio Web baseiam-se nas informa\u00e7\u00f5es fornecidas pelos nossos fornecedores. Pre\u00e7os: Os pre\u00e7os dos produtos indicados neste s\u00edtio Web n\u00e3o incluem os custos de envio nem as despesas de manuseamento. Estes ser\u00e3o detalhados \u00e0 medida que o utilizador for fornecendo as informa\u00e7\u00f5es necess\u00e1rias para [&hellip;]<\/p>\n","protected":false},"author":1,"featured_media":0,"parent":0,"menu_order":0,"comment_status":"closed","ping_status":"closed","template":"","meta":{"_acf_changed":false,"_et_pb_use_builder":"on","_et_pb_old_content":"","_et_gb_content_width":"","_joinchat":[],"footnotes":""},"class_list":["post-29578","page","type-page","status-publish","hentry"],"acf":[],"_links":{"self":[{"href":"https:\/\/www.jowyoriginals.com\/pt-pt\/wp-json\/wp\/v2\/pages\/29578","targetHints":{"allow":["GET"]}}],"collection":[{"href":"https:\/\/www.jowyoriginals.com\/pt-pt\/wp-json\/wp\/v2\/pages"}],"about":[{"href":"https:\/\/www.jowyoriginals.com\/pt-pt\/wp-json\/wp\/v2\/types\/page"}],"author":[{"embeddable":true,"href":"https:\/\/www.jowyoriginals.com\/pt-pt\/wp-json\/wp\/v2\/users\/1"}],"replies":[{"embeddable":true,"href":"https:\/\/www.jowyoriginals.com\/pt-pt\/wp-json\/wp\/v2\/comments?post=29578"}],"version-history":[{"count":2,"href":"https:\/\/www.jowyoriginals.com\/pt-pt\/wp-json\/wp\/v2\/pages\/29578\/revisions"}],"predecessor-version":[{"id":29585,"href":"https:\/\/www.jowyoriginals.com\/pt-pt\/wp-json\/wp\/v2\/pages\/29578\/revisions\/29585"}],"wp:attachment":[{"href":"https:\/\/www.jowyoriginals.com\/pt-pt\/wp-json\/wp\/v2\/media?parent=29578"}],"curies":[{"name":"wp","href":"https:\/\/api.w.org\/{rel}","templated":true}]}}