{"id":29393,"date":"2023-06-25T15:53:10","date_gmt":"2023-06-25T13:53:10","guid":{"rendered":"https:\/\/www.jowyoriginals.com\/sobre-nos\/"},"modified":"2025-08-19T10:11:33","modified_gmt":"2025-08-19T08:11:33","slug":"sobre-nos","status":"publish","type":"page","link":"https:\/\/www.jowyoriginals.com\/pt-pt\/sobre-nos\/","title":{"rendered":"Sobre n\u00f3s"},"content":{"rendered":"<p>[et_pb_section fb_built=&#8221;1&#8243; _builder_version=&#8221;4.21.0&#8243; _module_preset=&#8221;default&#8221; background_image=&#8221;https:\/\/www.jowyoriginals.com\/wp-content\/uploads\/2023\/06\/cta-general-jowy-3.jpg&#8221; locked=&#8221;off&#8221; global_colors_info=&#8221;{}&#8221;][et_pb_row _builder_version=&#8221;4.21.0&#8243; _module_preset=&#8221;default&#8221; background_enable_image=&#8221;off&#8221; global_colors_info=&#8221;{}&#8221;][et_pb_column type=&#8221;4_4&#8243; _builder_version=&#8221;4.21.0&#8243; _module_preset=&#8221;default&#8221; global_colors_info=&#8221;{}&#8221;][et_pb_text _builder_version=&#8221;4.21.0&#8243; _module_preset=&#8221;default&#8221; header_text_color=&#8221;#FFFFFF&#8221; global_colors_info=&#8221;{}&#8221;]<\/p>\n<h1 class=\"undr\" style=\"margin-bottom: 20px!important; padding-bottom: 25px;\">Sobre Jowy<\/h1>\n<p>[\/et_pb_text][\/et_pb_column][\/et_pb_row][\/et_pb_section][et_pb_section fb_built=&#8221;1&#8243; _builder_version=&#8221;4.21.0&#8243; _module_preset=&#8221;default&#8221; global_colors_info=&#8221;{}&#8221;][et_pb_row _builder_version=&#8221;4.21.0&#8243; _module_preset=&#8221;default&#8221; global_colors_info=&#8221;{}&#8221;][et_pb_column type=&#8221;4_4&#8243; _builder_version=&#8221;4.21.0&#8243; _module_preset=&#8221;default&#8221; global_colors_info=&#8221;{}&#8221;][et_pb_text _builder_version=&#8221;4.21.0&#8243; _module_preset=&#8221;default&#8221; global_colors_info=&#8221;{}&#8221;]<\/p>\n<p class=\"h2sim\">Somos uma refer\u00eancia em Tatami Floor<\/p>\n<p>[\/et_pb_text][et_pb_text _builder_version=&#8221;4.21.0&#8243; _module_preset=&#8221;default&#8221; global_colors_info=&#8221;{}&#8221;]<\/p>\n<p>A Jowy nasceu em 2015 ap\u00f3s uma longa trajet\u00f3ria na ind\u00fastria de pavimentos desportivos, principalmente pavimentos de tatami puzzle.<\/p>\n<p>Ao longo destes anos, temos vindo a crescer e a incorporar novas linhas de neg\u00f3cio para responder \u00e0s exig\u00eancias dos nossos clientes.<\/p>\n<p>Atualmente, a Jowy \u00e9 uma refer\u00eancia em pavimentos de tatami em Espanha e \u00e9 uma das marcas mais valorizadas em pavimentos desportivos.<\/p>\n<p>[\/et_pb_text][\/et_pb_column][\/et_pb_row][\/et_pb_section][et_pb_section fb_built=&#8221;1&#8243; disabled_on=&#8221;off|off|off&#8221; _builder_version=&#8221;4.21.0&#8243; _module_preset=&#8221;default&#8221; background_enable_color=&#8221;off&#8221; background_image=&#8221;https:\/\/www.jowyoriginals.com\/wp-content\/uploads\/2023\/06\/cta-general-jowy-3.jpg&#8221; background_last_edited=&#8221;on|tablet&#8221; use_background_color_gradient_tablet=&#8221;off&#8221; background_position_tablet=&#8221;bottom_left&#8221; locked=&#8221;off&#8221; global_colors_info=&#8221;{}&#8221;][et_pb_row _builder_version=&#8221;4.21.0&#8243; _module_preset=&#8221;default&#8221; custom_padding=&#8221;0px||0px|||&#8221; global_colors_info=&#8221;{}&#8221;][et_pb_column type=&#8221;4_4&#8243; _builder_version=&#8221;4.21.0&#8243; _module_preset=&#8221;default&#8221; global_colors_info=&#8221;{}&#8221;][et_pb_text _builder_version=&#8221;4.21.0&#8243; _module_preset=&#8221;default&#8221; background_layout=&#8221;dark&#8221; global_colors_info=&#8221;{}&#8221;]<\/p>\n<p class=\"h2sim\">Mais de 500 000 metros quadrados de tatami vendidos<\/p>\n<p>[\/et_pb_text][et_pb_text _builder_version=&#8221;4.21.0&#8243; _module_preset=&#8221;default&#8221; background_layout=&#8221;dark&#8221; custom_padding=&#8221;||||false|false&#8221; custom_padding_tablet=&#8221;||30px||false|false&#8221; custom_padding_phone=&#8221;||30px||false|false&#8221; custom_padding_last_edited=&#8221;on|tablet&#8221; hover_enabled=&#8221;0&#8243; global_colors_info=&#8221;{}&#8221; sticky_enabled=&#8221;0&#8243;]<\/p>\n<p>Apesar de sermos uma empresa jovem, j\u00e1 temos uma experi\u00eancia n\u00e3o negligenci\u00e1vel com mais de 500 000 metros quadrados de tatami vendidos at\u00e9 2023 e a possibilidade de importar e fornecer mais de 3 000 produtos de diferentes fornecedores.<\/p>\n<p>A nossa perspetiva futura consiste em alargar a nossa gama de produtos, mantendo uma boa rela\u00e7\u00e3o qualidade-pre\u00e7o, a fim de satisfazer as necessidades dos nossos clientes.<\/p>\n<p>[\/et_pb_text][\/et_pb_column][\/et_pb_row][\/et_pb_section][et_pb_section fb_built=&#8221;1&#8243; _builder_version=&#8221;4.21.0&#8243; _module_preset=&#8221;default&#8221; global_colors_info=&#8221;{}&#8221;][et_pb_row _builder_version=&#8221;4.21.0&#8243; _module_preset=&#8221;default&#8221; global_colors_info=&#8221;{}&#8221;][et_pb_column type=&#8221;4_4&#8243; _builder_version=&#8221;4.21.0&#8243; _module_preset=&#8221;default&#8221; global_colors_info=&#8221;{}&#8221;][et_pb_text _builder_version=&#8221;4.21.0&#8243; _module_preset=&#8221;default&#8221; global_colors_info=&#8221;{}&#8221;]<\/p>\n<p class=\"h2sim\">A origem de uma marca<\/p>\n<p>[\/et_pb_text][et_pb_text _builder_version=&#8221;4.21.0&#8243; _module_preset=&#8221;default&#8221; global_colors_info=&#8221;{}&#8221;]<\/p>\n<p>Na<strong> Inout&amp;Co<\/strong> somos uma empresa fundada em 2012 que se dedica \u00e0 proje\u00e7\u00e3o do com\u00e9rcio nacional e internacional para fornecer os melhores produtos e servi\u00e7os. O seu in\u00edcio \u00e9 no com\u00e9rcio grossista de diferentes produtos sendo o seu produto estrela o tatami. Como resultado do sucesso na venda deste produto, a marca Jowy foi criada em 2015 para comercializar produtos relacionados ao campo esportivo e, assim, iniciar uma nova linha de neg\u00f3cios de vendas diretas. Assim, a nossa marca registada Jowy inclui produtos como o tatami puzzle de 4 cm, 2,5 cm e 2 cm para a pr\u00e1tica de artes marciais, bem como artigos mais relacionados com a \u00e1rea do fitness.   <\/p>\n<p>Tentamos sempre encontrar a melhor rela\u00e7\u00e3o qualidade\/pre\u00e7o para podermos oferecer aos nossos clientes um bom produto a um bom pre\u00e7o e fornecer \u00e0s pessoas ferramentas para melhorar a sua sa\u00fade e bem-estar.<\/p>\n<p>[\/et_pb_text][\/et_pb_column][\/et_pb_row][\/et_pb_section]<\/p>\n","protected":false},"excerpt":{"rendered":"<p>Sobre JowySomos uma refer\u00eancia em Tatami FloorA Jowy nasceu em 2015 ap\u00f3s uma longa trajet\u00f3ria na ind\u00fastria de pavimentos desportivos, principalmente pavimentos de tatami puzzle. Ao longo destes anos, temos vindo a crescer e a incorporar novas linhas de neg\u00f3cio para responder \u00e0s exig\u00eancias dos nossos clientes. Atualmente, a Jowy \u00e9 uma refer\u00eancia em pavimentos [&hellip;]<\/p>\n","protected":false},"author":1,"featured_media":0,"parent":0,"menu_order":0,"comment_status":"closed","ping_status":"closed","template":"","meta":{"_acf_changed":false,"_et_pb_use_builder":"on","_et_pb_old_content":"","_et_gb_content_width":"","_joinchat":[],"footnotes":""},"class_list":["post-29393","page","type-page","status-publish","hentry"],"acf":[],"_links":{"self":[{"href":"https:\/\/www.jowyoriginals.com\/pt-pt\/wp-json\/wp\/v2\/pages\/29393","targetHints":{"allow":["GET"]}}],"collection":[{"href":"https:\/\/www.jowyoriginals.com\/pt-pt\/wp-json\/wp\/v2\/pages"}],"about":[{"href":"https:\/\/www.jowyoriginals.com\/pt-pt\/wp-json\/wp\/v2\/types\/page"}],"author":[{"embeddable":true,"href":"https:\/\/www.jowyoriginals.com\/pt-pt\/wp-json\/wp\/v2\/users\/1"}],"replies":[{"embeddable":true,"href":"https:\/\/www.jowyoriginals.com\/pt-pt\/wp-json\/wp\/v2\/comments?post=29393"}],"version-history":[{"count":2,"href":"https:\/\/www.jowyoriginals.com\/pt-pt\/wp-json\/wp\/v2\/pages\/29393\/revisions"}],"predecessor-version":[{"id":29401,"href":"https:\/\/www.jowyoriginals.com\/pt-pt\/wp-json\/wp\/v2\/pages\/29393\/revisions\/29401"}],"wp:attachment":[{"href":"https:\/\/www.jowyoriginals.com\/pt-pt\/wp-json\/wp\/v2\/media?parent=29393"}],"curies":[{"name":"wp","href":"https:\/\/api.w.org\/{rel}","templated":true}]}}