{"id":37576,"date":"2026-03-06T18:17:22","date_gmt":"2026-03-06T17:17:22","guid":{"rendered":"https:\/\/www.jowyoriginals.com\/?post_type=product&#038;p=37576"},"modified":"2026-03-06T19:39:16","modified_gmt":"2026-03-06T18:39:16","slug":"tatami-puzzle-25cm-100x100cm-surface-antiderapante-t-reversible-gris-noir","status":"publish","type":"product","link":"https:\/\/www.jowyoriginals.com\/fr\/producto\/tatami-puzzle-25cm-100x100cm-surface-antiderapante-t-reversible-gris-noir\/","title":{"rendered":"Tatami Puzzle 2,5cm 100x100cm - Surface antid\u00e9rapante T, r\u00e9versible Gris\/Noir"},"content":{"rendered":"<h2 class=\"newficha\">Caract\u00e9ristiques de Puzzle Floor 25mm - Surface antid\u00e9rapante T, r\u00e9versible Gris\/Noir<\/h2>\n<p>Jowy est la marque de r\u00e9f\u00e9rence en mati\u00e8re de puzzle pour tatami. Nos produits sont con\u00e7us pour offrir d&rsquo;excellentes performances et une durabilit\u00e9 optimale. Chez Jowy, vous trouverez un produit de qualit\u00e9 au meilleur prix.<\/p>\n<p>Notre tatami puzzle de 25 mm avec surface antid\u00e9rapante T se caract\u00e9rise par.. :<\/p>\n<ul class=\"ucheck radio\">\n<li><strong>\u00c9paisseur<\/strong>: 25 mm.<\/li>\n<li><strong>Dimensions nettes<\/strong>: 100 cm x 100 cm par pi\u00e8ce. Chaque pi\u00e8ce \u00e9quivaut \u00e0 1 m2.<\/li>\n<li><strong>Surface<\/strong>: antid\u00e9rapante T.<\/li>\n<li><strong>Poids<\/strong>: 2,2 kg.<\/li>\n<li><strong>C\u00f4t\u00e9s<\/strong>: Chaque pi\u00e8ce comprend les 4 c\u00f4t\u00e9s droits.<\/li>\n<li><strong>Duret\u00e9<\/strong>: 36-38\u00ba.<\/li>\n<li><strong>Densit\u00e9<\/strong>: 80kg\/m3.<\/li>\n<li><strong>Composition<\/strong>: Ac\u00e9tate d&rsquo;\u00e9thyl\u00e8ne et de vinyle \u00e0 haute densit\u00e9.<\/li>\n<li><strong>Ancrage<\/strong>: type puzzle. Sans adh\u00e9sif.<\/li>\n<li><strong>Couleurs disponibles<\/strong>: R\u00e9versible Gris\/Noir. D&rsquo;autres couleurs r\u00e9versibles sont \u00e9galement disponibles. Pour d&rsquo;autres couleurs, veuillez nous contacter : <a href=\"https:\/\/www.jowyoriginals.com\/fr\/contact\/\">Aller \u00e0 Contactez-nous<\/a><\/li>\n<li><strong>Facile \u00e0<\/strong> nettoyer : r\u00e9sistant \u00e0 l&rsquo;eau et facile \u00e0 nettoyer.<\/li>\n<li><strong>Dur\u00e9e de vie du produit<\/strong>: 8-10 ans.<\/li>\n<\/ul>\n","protected":false},"excerpt":{"rendered":"<p>Le puzzle Tatami de 2,5 cm d&rsquo;\u00e9paisseur convient au karat\u00e9, au taekwondo, \u00e0 la boxe, au kickboxing, au full contact, \u00e0 la danse, au fitkid, \u00e0 la gymnastique, au fitness, au yoga, au pilates, aux exercices au sol. Il peut \u00e9galement \u00eatre utilis\u00e9 comme \u00e9l\u00e9ment de protection du sol dans les gymnases, les aires de jeux pour enfants, les maisons, les garages, etc.<\/p>\n","protected":false},"featured_media":37592,"comment_status":"open","ping_status":"closed","template":"","meta":{"_acf_changed":false,"_et_pb_use_builder":"","_et_pb_old_content":"","_et_gb_content_width":"","_joinchat":[]},"product_brand":[],"product_cat":[159],"product_tag":[],"class_list":{"0":"post-37576","1":"product","2":"type-product","3":"status-publish","4":"has-post-thumbnail","6":"product_cat-tapis-tatami-puzzle","8":"first","9":"instock","10":"sale","11":"featured","12":"taxable","13":"shipping-taxable","14":"purchasable","15":"product-type-simple"},"acf":[],"_links":{"self":[{"href":"https:\/\/www.jowyoriginals.com\/fr\/wp-json\/wp\/v2\/product\/37576","targetHints":{"allow":["GET"]}}],"collection":[{"href":"https:\/\/www.jowyoriginals.com\/fr\/wp-json\/wp\/v2\/product"}],"about":[{"href":"https:\/\/www.jowyoriginals.com\/fr\/wp-json\/wp\/v2\/types\/product"}],"replies":[{"embeddable":true,"href":"https:\/\/www.jowyoriginals.com\/fr\/wp-json\/wp\/v2\/comments?post=37576"}],"wp:featuredmedia":[{"embeddable":true,"href":"https:\/\/www.jowyoriginals.com\/fr\/wp-json\/wp\/v2\/media\/37592"}],"wp:attachment":[{"href":"https:\/\/www.jowyoriginals.com\/fr\/wp-json\/wp\/v2\/media?parent=37576"}],"wp:term":[{"taxonomy":"product_brand","embeddable":true,"href":"https:\/\/www.jowyoriginals.com\/fr\/wp-json\/wp\/v2\/product_brand?post=37576"},{"taxonomy":"product_cat","embeddable":true,"href":"https:\/\/www.jowyoriginals.com\/fr\/wp-json\/wp\/v2\/product_cat?post=37576"},{"taxonomy":"product_tag","embeddable":true,"href":"https:\/\/www.jowyoriginals.com\/fr\/wp-json\/wp\/v2\/product_tag?post=37576"}],"curies":[{"name":"wp","href":"https:\/\/api.w.org\/{rel}","templated":true}]}}