{"id":29246,"date":"2025-03-05T08:57:41","date_gmt":"2025-03-05T07:57:41","guid":{"rendered":"https:\/\/www.jowyoriginals.com\/producto\/trampoline-avec-filet-de-securite-244cm-couleur-bleu\/"},"modified":"2025-08-25T15:10:41","modified_gmt":"2025-08-25T13:10:41","slug":"trampoline-avec-filet-de-securite-244cm-couleur-bleu","status":"publish","type":"product","link":"https:\/\/www.jowyoriginals.com\/fr\/producto\/trampoline-avec-filet-de-securite-244cm-couleur-bleu\/","title":{"rendered":"Trampoline avec filet de s\u00e9curit\u00e9 244cm, couleur bleu"},"content":{"rendered":"<h2>Caract\u00e9ristiques du trampoline avec filet de s\u00e9curit\u00e9 244cm, couleur bleu<\/h2>\n<p>Notre trampoline avec filet de s\u00e9curit\u00e9 est parfait pour l&rsquo;int\u00e9rieur et l&rsquo;ext\u00e9rieur et se caract\u00e9rise par.. :<\/p>\n<ul class=\"ucheck radio\">\n<li><strong>Composants de s\u00e9curit\u00e9<\/strong>: les nombreux composants de s\u00e9curit\u00e9 se caract\u00e9risent par leur haute qualit\u00e9 et comprennent un filet de s\u00e9curit\u00e9 \u00e0 fermeture \u00e9clair, une housse de protection, une ouverture d&rsquo;entr\u00e9e avec double syst\u00e8me de verrouillage, une toile de saut \u00e9lastique r\u00e9sistante aux UV et \u00e0 la d\u00e9chirure, des poteaux rembourr\u00e9s en mousse EPE et des ancrages au sol en acier chrom\u00e9.<\/li>\n<li><strong>Structure<\/strong>: structure \u00e0 double pied, qui fournit un support s\u00fbr et des connexions au cadre reli\u00e9es par des charni\u00e8res en forme de T, cr\u00e9ant une base solide de tubes enti\u00e8rement galvanis\u00e9s pour assurer une meilleure stabilit\u00e9 et s\u00e9curit\u00e9 qui peut supporter jusqu&rsquo;\u00e0 250 kg.<\/li>\n<li><strong>S\u00e9curit\u00e9<\/strong>: Le filet de s\u00e9curit\u00e9 se fixe au trampoline \u00e0 l&rsquo;aide des mousquetons fournis. Il s&rsquo;ouvre de l&rsquo;int\u00e9rieur et de l&rsquo;ext\u00e9rieur au moyen d&rsquo;une fermeture \u00e9clair qui permet une entr\u00e9e ind\u00e9chirable gr\u00e2ce au tissu de 2 cm de large, cousu \u00e0 gauche et \u00e0 droite. La boucle et la double fermeture \u00e9clair augmentent encore la s\u00e9curit\u00e9 du trampoline.  <\/li>\n<li><strong>\u00c9chelle<\/strong>: comprend l&rsquo;\u00e9chelle.<\/li>\n<li><strong>Syst\u00e8me innovant<\/strong>: au lieu de ressorts en acier conventionnels, le trampoline est suspendu par un syst\u00e8me innovant de c\u00e2bles, comme ceux utilis\u00e9s pour le saut \u00e0 l&rsquo;\u00e9lastique, qui sont particuli\u00e8rement flexibles et souples.<\/li>\n<li><strong>Dimensions du filet<\/strong>: diam\u00e8tre de l&rsquo;aire de saut 244 cm \/\/ hauteur du cadre 60 cm \/\/ hauteur de l&rsquo;enceinte 163 cm.<\/li>\n<li><strong>Couleur<\/strong>: disponible en bleu. Egalement disponible en vert.<\/li>\n<\/ul>\n","protected":false},"excerpt":{"rendered":"<p>Trampoline avec filet de s\u00e9curit\u00e9 de 244 cm de diam\u00e8tre et support \u00e0 trois pieds pour une meilleure stabilit\u00e9, couleur bleue. \u00c9chelle incluse. Disponible en deux couleurs : bleu et vert. Parfait pour un usage domestique \u00e0 l&rsquo;int\u00e9rieur ou \u00e0 l&rsquo;ext\u00e9rieur. Comprend divers \u00e9l\u00e9ments de s\u00e9curit\u00e9 tels que des poteaux rembourr\u00e9s pour \u00e9viter les blessures, un filet de s\u00e9curit\u00e9 zipp\u00e9 et un filet de saut \u00e9lastique r\u00e9sistant aux d\u00e9chirures.    <\/p>\n<p>Le <strong>kit complet comprend<\/strong>: un cadre m\u00e9tallique, des ressorts, une toile de saut antid\u00e9rapante, un filet de s\u00e9curit\u00e9 avec des poteaux, un kit d&rsquo;assemblage avec des outils et un guide d&rsquo;instructions facile \u00e0 assembler.<\/p>\n<p><strong>Charge maximale<\/strong>: 250 kg.<\/p>\n<p><strong>Utilisation recommand\u00e9e<\/strong>: Con\u00e7u pour un usage domestique. Id\u00e9al pour le jardin, la salle de jeux ou l&rsquo;aire de jeux. Il est recommand\u00e9 de surveiller l&rsquo;utilisation et l&rsquo;activit\u00e9 sur le trampoline afin d&rsquo;\u00e9viter tout dommage physique ou mat\u00e9riel.  <\/p>\n","protected":false},"featured_media":26528,"comment_status":"open","ping_status":"closed","template":"","meta":{"_acf_changed":false,"_et_pb_use_builder":"","_et_pb_old_content":"","_et_gb_content_width":"","_joinchat":[]},"product_brand":[],"product_cat":[191,169],"product_tag":[],"class_list":{"0":"post-29246","1":"product","2":"type-product","3":"status-publish","4":"has-post-thumbnail","6":"product_cat-autres-accessoires","7":"product_cat-equipements-remise-forme","8":"product_shipping_class-normal-fr","10":"first","11":"outofstock","12":"sale","13":"taxable","14":"shipping-taxable","15":"purchasable","16":"product-type-simple"},"acf":[],"_links":{"self":[{"href":"https:\/\/www.jowyoriginals.com\/fr\/wp-json\/wp\/v2\/product\/29246","targetHints":{"allow":["GET"]}}],"collection":[{"href":"https:\/\/www.jowyoriginals.com\/fr\/wp-json\/wp\/v2\/product"}],"about":[{"href":"https:\/\/www.jowyoriginals.com\/fr\/wp-json\/wp\/v2\/types\/product"}],"replies":[{"embeddable":true,"href":"https:\/\/www.jowyoriginals.com\/fr\/wp-json\/wp\/v2\/comments?post=29246"}],"wp:featuredmedia":[{"embeddable":true,"href":"https:\/\/www.jowyoriginals.com\/fr\/wp-json\/wp\/v2\/media\/26528"}],"wp:attachment":[{"href":"https:\/\/www.jowyoriginals.com\/fr\/wp-json\/wp\/v2\/media?parent=29246"}],"wp:term":[{"taxonomy":"product_brand","embeddable":true,"href":"https:\/\/www.jowyoriginals.com\/fr\/wp-json\/wp\/v2\/product_brand?post=29246"},{"taxonomy":"product_cat","embeddable":true,"href":"https:\/\/www.jowyoriginals.com\/fr\/wp-json\/wp\/v2\/product_cat?post=29246"},{"taxonomy":"product_tag","embeddable":true,"href":"https:\/\/www.jowyoriginals.com\/fr\/wp-json\/wp\/v2\/product_tag?post=29246"}],"curies":[{"name":"wp","href":"https:\/\/api.w.org\/{rel}","templated":true}]}}