{"id":29245,"date":"2025-03-05T08:49:56","date_gmt":"2025-03-05T07:49:56","guid":{"rendered":"https:\/\/www.jowyoriginals.com\/producto\/trampoline-avec-filet-de-securite-140cm-couleur-rose\/"},"modified":"2026-01-28T14:05:51","modified_gmt":"2026-01-28T13:05:51","slug":"trampoline-avec-filet-de-securite-140cm-couleur-rose","status":"publish","type":"product","link":"https:\/\/www.jowyoriginals.com\/fr\/producto\/trampoline-avec-filet-de-securite-140cm-couleur-rose\/","title":{"rendered":"Trampoline avec filet de s\u00e9curit\u00e9 140cm, couleur rose"},"content":{"rendered":"<h2>Caract\u00e9ristiques du trampoline avec filet de s\u00e9curit\u00e9 140cm, couleur rose<\/h2>\n<p>Notre trampoline avec filet de s\u00e9curit\u00e9 est parfait pour l&rsquo;int\u00e9rieur et l&rsquo;ext\u00e9rieur et se caract\u00e9rise par.. :<\/p>\n<ul class=\"ucheck radio\">\n<li><strong>Composants de s\u00e9curit\u00e9<\/strong>: les nombreux composants de s\u00e9curit\u00e9 se caract\u00e9risent par leur haute qualit\u00e9 et comprennent un filet de s\u00e9curit\u00e9 \u00e0 fermeture \u00e9clair, une couverture de protection des bords de 20 mm d&rsquo;\u00e9paisseur, une ouverture d&rsquo;entr\u00e9e avec double syst\u00e8me de verrouillage, une toile de saut \u00e9lastique r\u00e9sistante \u00e0 la d\u00e9chirure et aux UV, des poteaux rembourr\u00e9s en mousse EPE et des ancrages au sol en acier chrom\u00e9.<\/li>\n<li><strong>Housse rembourr\u00e9e<\/strong>: 25 cm de large et 18 mm d&rsquo;\u00e9paisseur, en PVC avec mousse EPE haute densit\u00e9 qui offre une grande protection et pr\u00e9vient d&rsquo;\u00e9ventuelles blessures.<\/li>\n<li><strong>Structure<\/strong>: Structure en forme de W avec des pieds doubles, qui fournit un support s\u00fbr et des connexions au cadre reli\u00e9es par des charni\u00e8res en forme de T, cr\u00e9ant une base solide de tubes enti\u00e8rement galvanis\u00e9s pour assurer une meilleure stabilit\u00e9 et s\u00e9curit\u00e9, qui peut supporter jusqu&rsquo;\u00e0 150 kg.<\/li>\n<li><strong>S\u00e9curit\u00e9<\/strong>: Le filet de s\u00e9curit\u00e9 se fixe au trampoline \u00e0 l&rsquo;aide des mousquetons fournis. Il s&rsquo;ouvre de l&rsquo;int\u00e9rieur et de l&rsquo;ext\u00e9rieur au moyen d&rsquo;une fermeture \u00e9clair qui permet une entr\u00e9e ind\u00e9chirable gr\u00e2ce au tissu de 2 cm de large, cousu \u00e0 gauche et \u00e0 droite. La boucle et la double fermeture \u00e9clair augmentent encore la s\u00e9curit\u00e9 du trampoline.  <\/li>\n<li><strong>Syst\u00e8me innovant<\/strong>: au lieu de ressorts en acier conventionnels, le trampoline est suspendu par un syst\u00e8me innovant de c\u00e2bles, comme ceux utilis\u00e9s pour le saut \u00e0 l&rsquo;\u00e9lastique, qui sont particuli\u00e8rement flexibles et souples.<\/li>\n<li><strong>Dimensions du filet<\/strong>: diam\u00e8tre de l&rsquo;aire de saut 140cm \/\/ hauteur du cadre 35cm \/\/ hauteur de l&rsquo;enceinte 125cm.<\/li>\n<li><strong>Couleur<\/strong>: disponible en rose. \u00c9galement disponible dans d&rsquo;autres couleurs : vert et bleu. <\/li>\n<\/ul>\n","protected":false},"excerpt":{"rendered":"<p>Trampoline avec filet de s\u00e9curit\u00e9 de 140 cm de diam\u00e8tre et support \u00e0 trois pieds pour plus de stabilit\u00e9, en vert. Parfait pour un usage domestique \u00e0 l&rsquo;int\u00e9rieur ou \u00e0 l&rsquo;ext\u00e9rieur. Comprend diverses caract\u00e9ristiques de s\u00e9curit\u00e9 telles que des poteaux rembourr\u00e9s pour \u00e9viter les blessures, un filet de s\u00e9curit\u00e9 \u00e0 fermeture \u00e9clair et une toile de saut \u00e9lastique r\u00e9sistante \u00e0 la d\u00e9chirure.  <\/p>\n<p>Le <strong>kit complet comprend<\/strong>: un cadre m\u00e9tallique, des ressorts, une toile de saut antid\u00e9rapante, un filet de s\u00e9curit\u00e9 avec des poteaux, un kit d&rsquo;assemblage avec des outils et un guide d&rsquo;instructions facile \u00e0 assembler.<\/p>\n<p><strong>Charge maximale<\/strong>: 45 kg.<\/p>\n<p><strong>Utilisation recommand\u00e9e<\/strong>: 3-6 ans.con\u00e7u pour un usage domestique. Id\u00e9al pour le jardin, la salle de jeux ou l&rsquo;aire de jeux. Il est recommand\u00e9 de surveiller l&rsquo;utilisation et l&rsquo;activit\u00e9 sur le trampoline afin d&rsquo;\u00e9viter tout dommage physique ou mat\u00e9riel.  <\/p>\n","protected":false},"featured_media":26522,"comment_status":"open","ping_status":"closed","template":"","meta":{"_acf_changed":false,"_et_pb_use_builder":"","_et_pb_old_content":"","_et_gb_content_width":"","_joinchat":[]},"product_brand":[],"product_cat":[191,169],"product_tag":[],"class_list":{"0":"post-29245","1":"product","2":"type-product","3":"status-publish","4":"has-post-thumbnail","6":"product_cat-autres-accessoires","7":"product_cat-equipements-remise-forme","8":"product_shipping_class-normal-fr","10":"first","11":"outofstock","12":"sale","13":"virtual","14":"taxable","15":"purchasable","16":"product-type-simple"},"acf":[],"_links":{"self":[{"href":"https:\/\/www.jowyoriginals.com\/fr\/wp-json\/wp\/v2\/product\/29245","targetHints":{"allow":["GET"]}}],"collection":[{"href":"https:\/\/www.jowyoriginals.com\/fr\/wp-json\/wp\/v2\/product"}],"about":[{"href":"https:\/\/www.jowyoriginals.com\/fr\/wp-json\/wp\/v2\/types\/product"}],"replies":[{"embeddable":true,"href":"https:\/\/www.jowyoriginals.com\/fr\/wp-json\/wp\/v2\/comments?post=29245"}],"wp:featuredmedia":[{"embeddable":true,"href":"https:\/\/www.jowyoriginals.com\/fr\/wp-json\/wp\/v2\/media\/26522"}],"wp:attachment":[{"href":"https:\/\/www.jowyoriginals.com\/fr\/wp-json\/wp\/v2\/media?parent=29245"}],"wp:term":[{"taxonomy":"product_brand","embeddable":true,"href":"https:\/\/www.jowyoriginals.com\/fr\/wp-json\/wp\/v2\/product_brand?post=29245"},{"taxonomy":"product_cat","embeddable":true,"href":"https:\/\/www.jowyoriginals.com\/fr\/wp-json\/wp\/v2\/product_cat?post=29245"},{"taxonomy":"product_tag","embeddable":true,"href":"https:\/\/www.jowyoriginals.com\/fr\/wp-json\/wp\/v2\/product_tag?post=29245"}],"curies":[{"name":"wp","href":"https:\/\/api.w.org\/{rel}","templated":true}]}}