{"id":29239,"date":"2025-03-05T08:33:54","date_gmt":"2025-03-05T07:33:54","guid":{"rendered":"https:\/\/www.jowyoriginals.com\/producto\/sac-bulgare-15kgs\/"},"modified":"2025-08-25T15:10:50","modified_gmt":"2025-08-25T13:10:50","slug":"sac-bulgare-15kgs","status":"publish","type":"product","link":"https:\/\/www.jowyoriginals.com\/fr\/producto\/sac-bulgare-15kgs\/","title":{"rendered":"Sac bulgare 15kgs"},"content":{"rendered":"<h2>Caract\u00e9ristiques du sac bulgare de 15 kg<\/h2>\n<p>Notre sac bulgare de 15 kg est parfait pour vos entra\u00eenements de musculation et de bodybuilding :<\/p>\n<ul class=\"ucheck radio\">\n<li><strong>Mat\u00e9riaux<\/strong>: fabriqu\u00e9s \u00e0 partir de mat\u00e9riaux de haute qualit\u00e9, avec des coutures doubles et renforc\u00e9es, et des poign\u00e9es fixes pour garantir la durabilit\u00e9 et la solidit\u00e9.<\/li>\n<li><strong>Haute r\u00e9sistance<\/strong>: excellente r\u00e9sistance \u00e0 l&rsquo;usure et bonnes performances d&rsquo;\u00e9tanch\u00e9it\u00e9. Ne sera pas endommag\u00e9 m\u00eame en cas de chute. <\/li>\n<li><strong>Grande polyvalence<\/strong>: il permet d&rsquo;effectuer une grande vari\u00e9t\u00e9 d&rsquo;exercices de musculation, fonctionnels et de cross training. Il est parfait pour la musculation des bras, des jambes et du dos. <\/li>\n<li><strong>Dimensions du filet<\/strong>: largeur 57 cm et hauteur 24 cm.<\/li>\n<li><strong>Couleur<\/strong>: noir\/jaune.<\/li>\n<li><strong>Rangement facile<\/strong>: conception compacte pour un rangement facile.<\/li>\n<li><strong>Facile \u00e0<\/strong> nettoyer : il est tr\u00e8s facile \u00e0 nettoyer \u00e0 l&rsquo;aide d&rsquo;un chiffon humide et d&rsquo;un peu de savon neutre.<\/li>\n<\/ul>\n","protected":false},"excerpt":{"rendered":"<p>Sac bulgare de 15 kg, fabriqu\u00e9 avec des mat\u00e9riaux de haute qualit\u00e9, des coutures doubles et des poign\u00e9es renforc\u00e9es pour plus de solidit\u00e9 et de durabilit\u00e9.<\/p>\n<p><strong>Utilisation recommand\u00e9e<\/strong>: pour les particuliers, dans leur salle de sport \u00e0 domicile, ainsi que pour les professionnels, dans les salles de cross training et de musculation, les clubs sportifs professionnels, les entra\u00eeneurs personnels et les physioth\u00e9rapeutes.<\/p>\n<p><strong>Entra\u00eenement<\/strong>: permet d&rsquo;effectuer plusieurs exercices pour travailler les muscles des bras, des jambes et du dos. Parfait pour les squats profonds et les exercices pour le dos, les \u00e9paules et les bras. <\/p>\n","protected":false},"featured_media":26306,"comment_status":"open","ping_status":"closed","template":"","meta":{"_acf_changed":false,"_et_pb_use_builder":"","_et_pb_old_content":"","_et_gb_content_width":"","_joinchat":[]},"product_brand":[132],"product_cat":[170,169,244],"product_tag":[],"class_list":{"0":"post-29239","1":"product","2":"type-product","3":"status-publish","4":"has-post-thumbnail","6":"product_brand-homexgym","7":"product_cat-entrainement-musculaire","8":"product_cat-equipements-remise-forme","9":"product_cat-sacs-bulgares","10":"product_shipping_class-normal-fr","12":"first","13":"outofstock","14":"taxable","15":"shipping-taxable","16":"purchasable","17":"product-type-simple"},"acf":[],"_links":{"self":[{"href":"https:\/\/www.jowyoriginals.com\/fr\/wp-json\/wp\/v2\/product\/29239","targetHints":{"allow":["GET"]}}],"collection":[{"href":"https:\/\/www.jowyoriginals.com\/fr\/wp-json\/wp\/v2\/product"}],"about":[{"href":"https:\/\/www.jowyoriginals.com\/fr\/wp-json\/wp\/v2\/types\/product"}],"replies":[{"embeddable":true,"href":"https:\/\/www.jowyoriginals.com\/fr\/wp-json\/wp\/v2\/comments?post=29239"}],"wp:featuredmedia":[{"embeddable":true,"href":"https:\/\/www.jowyoriginals.com\/fr\/wp-json\/wp\/v2\/media\/26306"}],"wp:attachment":[{"href":"https:\/\/www.jowyoriginals.com\/fr\/wp-json\/wp\/v2\/media?parent=29239"}],"wp:term":[{"taxonomy":"product_brand","embeddable":true,"href":"https:\/\/www.jowyoriginals.com\/fr\/wp-json\/wp\/v2\/product_brand?post=29239"},{"taxonomy":"product_cat","embeddable":true,"href":"https:\/\/www.jowyoriginals.com\/fr\/wp-json\/wp\/v2\/product_cat?post=29239"},{"taxonomy":"product_tag","embeddable":true,"href":"https:\/\/www.jowyoriginals.com\/fr\/wp-json\/wp\/v2\/product_tag?post=29239"}],"curies":[{"name":"wp","href":"https:\/\/api.w.org\/{rel}","templated":true}]}}