{"id":29233,"date":"2025-03-05T08:15:01","date_gmt":"2025-03-05T07:15:01","guid":{"rendered":"https:\/\/www.jowyoriginals.com\/producto\/pompe-en-aluminium-couleur-jaune\/"},"modified":"2026-03-05T13:53:26","modified_gmt":"2026-03-05T12:53:26","slug":"pompe-en-aluminium-couleur-jaune","status":"publish","type":"product","link":"https:\/\/www.jowyoriginals.com\/fr\/producto\/pompe-en-aluminium-couleur-jaune\/","title":{"rendered":"Pompe en aluminium, couleur jaune"},"content":{"rendered":"<h2>Caract\u00e9ristiques de la pompe en aluminium, couleur jaune<\/h2>\n<p>Notre corde \u00e0 sauter en aluminium est parfaite pour l&rsquo;entra\u00eenement fonctionnel et la combustion des calories :<\/p>\n<ul class=\"ucheck radio\">\n<li><strong>Mat\u00e9riaux<\/strong>: en aluminium de haute qualit\u00e9 avec un c\u00e2ble en acier de 2,5 mm de diam\u00e8tre.<\/li>\n<li><strong>Longueur r\u00e9glable<\/strong>: la longueur peut \u00eatre r\u00e9gl\u00e9e pour s&rsquo;adapter \u00e0 chaque utilisateur (longueur maximale de 3 m\u00e8tres).<\/li>\n<li><strong>Poign\u00e9es ergonomiques<\/strong>: poign\u00e9es molet\u00e9es pour faciliter la prise en main et le contr\u00f4le de la cambrure en mouvement.<\/li>\n<li><strong>Grande polyvalence<\/strong>: permet d&rsquo;effectuer une grande vari\u00e9t\u00e9 d&rsquo;exercices pour des s\u00e9ances d&rsquo;entra\u00eenement de haute intensit\u00e9. Parfait pour br\u00fbler des calories et se tonifier. <\/li>\n<li><strong>Dimensions du filet<\/strong>: longueur 3m et \u00e9paisseur du c\u00e2ble 2,5mm.<\/li>\n<li><strong>Couleur<\/strong>: disponible en jaune. \u00c9galement disponible dans d&rsquo;autres couleurs : aluminium, rouge, bleu et noir. <\/li>\n<\/ul>\n","protected":false},"excerpt":{"rendered":"<p>Pompe en aluminium de couleur jaune pour l&rsquo;entra\u00eenement \u00e0 haute intensit\u00e9. Fabriqu\u00e9e en aluminium avec un c\u00e2ble en acier de 2,5 mm. Longueur r\u00e9glable (max. 3 m). Poign\u00e9es molet\u00e9es pour une prise en main optimale.   <\/p>\n<p><strong>Utilisation recommand\u00e9e<\/strong>: pour les particuliers, dans leur salle de sport \u00e0 domicile, ainsi que pour les professionnels, dans les salles de cross training et de musculation, les clubs sportifs professionnels, les entra\u00eeneurs personnels et les physioth\u00e9rapeutes.<\/p>\n<p><strong>Entra\u00eenement<\/strong>: parfait pour les entra\u00eenements de haute intensit\u00e9, la combustion des calories et la tonification.<\/p>\n","protected":false},"featured_media":26430,"comment_status":"open","ping_status":"closed","template":"","meta":{"_acf_changed":false,"_et_pb_use_builder":"","_et_pb_old_content":"","_et_gb_content_width":"","_joinchat":[]},"product_brand":[],"product_cat":[242,178,169],"product_tag":[],"class_list":{"0":"post-29233","1":"product","2":"type-product","3":"status-publish","4":"has-post-thumbnail","6":"product_cat-combas-cordes-sauter","7":"product_cat-entrainement-fonctionnel","8":"product_cat-equipements-remise-forme","9":"product_shipping_class-normal-fr","11":"first","12":"instock","13":"taxable","14":"shipping-taxable","15":"purchasable","16":"product-type-simple"},"acf":[],"_links":{"self":[{"href":"https:\/\/www.jowyoriginals.com\/fr\/wp-json\/wp\/v2\/product\/29233","targetHints":{"allow":["GET"]}}],"collection":[{"href":"https:\/\/www.jowyoriginals.com\/fr\/wp-json\/wp\/v2\/product"}],"about":[{"href":"https:\/\/www.jowyoriginals.com\/fr\/wp-json\/wp\/v2\/types\/product"}],"replies":[{"embeddable":true,"href":"https:\/\/www.jowyoriginals.com\/fr\/wp-json\/wp\/v2\/comments?post=29233"}],"wp:featuredmedia":[{"embeddable":true,"href":"https:\/\/www.jowyoriginals.com\/fr\/wp-json\/wp\/v2\/media\/26430"}],"wp:attachment":[{"href":"https:\/\/www.jowyoriginals.com\/fr\/wp-json\/wp\/v2\/media?parent=29233"}],"wp:term":[{"taxonomy":"product_brand","embeddable":true,"href":"https:\/\/www.jowyoriginals.com\/fr\/wp-json\/wp\/v2\/product_brand?post=29233"},{"taxonomy":"product_cat","embeddable":true,"href":"https:\/\/www.jowyoriginals.com\/fr\/wp-json\/wp\/v2\/product_cat?post=29233"},{"taxonomy":"product_tag","embeddable":true,"href":"https:\/\/www.jowyoriginals.com\/fr\/wp-json\/wp\/v2\/product_tag?post=29233"}],"curies":[{"name":"wp","href":"https:\/\/api.w.org\/{rel}","templated":true}]}}