{"id":29230,"date":"2025-03-04T19:11:12","date_gmt":"2025-03-04T18:11:12","guid":{"rendered":"https:\/\/www.jowyoriginals.com\/producto\/sangles-de-suspension-de-type-trx-couleur-jaune\/"},"modified":"2026-03-05T13:54:24","modified_gmt":"2026-03-05T12:54:24","slug":"sangles-de-suspension-de-type-trx-couleur-jaune","status":"publish","type":"product","link":"https:\/\/www.jowyoriginals.com\/fr\/producto\/sangles-de-suspension-de-type-trx-couleur-jaune\/","title":{"rendered":"Sangles de suspension de type TRX, couleur jaune"},"content":{"rendered":"<h2>Caract\u00e9ristiques des sangles de suspension TRX, couleur jaune<\/h2>\n<p>Nos sangles de suspension sont parfaites pour votre entra\u00eenement fonctionnel et se caract\u00e9risent par.. :<\/p>\n<ul class=\"ucheck radio\">\n<li><strong>Mat\u00e9riaux<\/strong>: polyester de haute qualit\u00e9 et r\u00e9sistant et mousqueton en acier.<\/li>\n<li><strong>Ancrages de suspension<\/strong>: deux syst\u00e8mes d&rsquo;ancrage (sangle d&rsquo;ancrage r\u00e9glable et sangle avec but\u00e9e) sont disponibles pour permettre l&rsquo;utilisation des sangles sur diff\u00e9rents supports tels que les portes, les fen\u00eatres, etc.<\/li>\n<li><strong>Poign\u00e9es<\/strong> ergonomiques : poign\u00e9es ergonomiques pour un bon contr\u00f4le dans tous les mouvements.<\/li>\n<li><strong>Mousqueton verrouillable<\/strong>: un mousqueton verrouillable solide et durable est inclus.<\/li>\n<li><strong>Patin de<\/strong> protection : un patin de protection pour les portes est inclus.<\/li>\n<li><strong>Facile \u00e0 monter<\/strong>: se monte en quelques secondes sur n&rsquo;importe quel portail, poteau ou cl\u00f4ture.<\/li>\n<li><strong>Facile \u00e0 ranger et \u00e0 transporter<\/strong>: ils sont l\u00e9gers et peuvent \u00eatre facilement transport\u00e9s et rang\u00e9s dans le sac fourni.<\/li>\n<li><strong>Grande polyvalence<\/strong>: ils permettent d&rsquo;effectuer une grande vari\u00e9t\u00e9 d&rsquo;exercices fonctionnels et de gymnastique su\u00e9doise. Ils sont parfaits pour faire travailler la poitrine, le dos, les bras et les abdominaux, que ce soit \u00e0 la maison ou ailleurs. <\/li>\n<li><strong>Dimensions nettes<\/strong>: longueur de la sangle 110cmx2 \/\/ longueur de l&rsquo;extension 100cm.<\/li>\n<li><strong>Couleur<\/strong>: disponible en jaune. \u00c9galement disponible dans d&rsquo;autres couleurs : bleu, vert et rouge. <\/li>\n<\/ul>\n","protected":false},"excerpt":{"rendered":"<p>Sangles de suspension jaunes de type TRX pour l&rsquo;entra\u00eenement fonctionnel. Fabriqu\u00e9es en polyester de haute qualit\u00e9, avec des poign\u00e9es ergonomiques et deux syst\u00e8mes d&rsquo;ancrage. <\/p>\n<p><strong>Comprend<\/strong>: 2 sangles + 1 extension + 1 support de porte + sac de transport.<\/p>\n<p><strong>Charge maximale recommand\u00e9e<\/strong>: 500 kg.<\/p>\n<p><strong>Utilisation recommand\u00e9e<\/strong>: pour les particuliers, dans leur salle de sport \u00e0 domicile, ainsi que pour les professionnels, dans les salles de cross training et de musculation, les clubs sportifs professionnels, les entra\u00eeneurs personnels et les physioth\u00e9rapeutes.<\/p>\n<p><strong>Entra\u00eenement<\/strong>: ils permettent d&rsquo;effectuer de multiples exercices fonctionnels et de musculation. Parfaits pour renforcer les muscles du dos, des bras, de la poitrine et de l&rsquo;abdomen. <\/p>\n","protected":false},"featured_media":26360,"comment_status":"open","ping_status":"closed","template":"","meta":{"_acf_changed":false,"_et_pb_use_builder":"","_et_pb_old_content":"","_et_gb_content_width":"","_joinchat":[]},"product_brand":[],"product_cat":[178,169,239],"product_tag":[],"class_list":{"0":"post-29230","1":"product","2":"type-product","3":"status-publish","4":"has-post-thumbnail","6":"product_cat-entrainement-fonctionnel","7":"product_cat-equipements-remise-forme","8":"product_cat-sangles-suspension","9":"product_shipping_class-normal-fr","11":"first","12":"instock","13":"sale","14":"taxable","15":"shipping-taxable","16":"purchasable","17":"product-type-simple"},"acf":[],"_links":{"self":[{"href":"https:\/\/www.jowyoriginals.com\/fr\/wp-json\/wp\/v2\/product\/29230","targetHints":{"allow":["GET"]}}],"collection":[{"href":"https:\/\/www.jowyoriginals.com\/fr\/wp-json\/wp\/v2\/product"}],"about":[{"href":"https:\/\/www.jowyoriginals.com\/fr\/wp-json\/wp\/v2\/types\/product"}],"replies":[{"embeddable":true,"href":"https:\/\/www.jowyoriginals.com\/fr\/wp-json\/wp\/v2\/comments?post=29230"}],"wp:featuredmedia":[{"embeddable":true,"href":"https:\/\/www.jowyoriginals.com\/fr\/wp-json\/wp\/v2\/media\/26360"}],"wp:attachment":[{"href":"https:\/\/www.jowyoriginals.com\/fr\/wp-json\/wp\/v2\/media?parent=29230"}],"wp:term":[{"taxonomy":"product_brand","embeddable":true,"href":"https:\/\/www.jowyoriginals.com\/fr\/wp-json\/wp\/v2\/product_brand?post=29230"},{"taxonomy":"product_cat","embeddable":true,"href":"https:\/\/www.jowyoriginals.com\/fr\/wp-json\/wp\/v2\/product_cat?post=29230"},{"taxonomy":"product_tag","embeddable":true,"href":"https:\/\/www.jowyoriginals.com\/fr\/wp-json\/wp\/v2\/product_tag?post=29230"}],"curies":[{"name":"wp","href":"https:\/\/api.w.org\/{rel}","templated":true}]}}