{"id":29216,"date":"2025-02-18T16:35:12","date_gmt":"2025-02-18T15:35:12","guid":{"rendered":"https:\/\/www.jowyoriginals.com\/producto\/tatami-puzzle-4cm-100x100cm-surface-antiderapante-f-reversible-bleu-rouge\/"},"modified":"2026-03-10T15:07:34","modified_gmt":"2026-03-10T14:07:34","slug":"tatami-puzzle-4cm-100x100cm-surface-antiderapante-f-reversible-bleu-rouge","status":"publish","type":"product","link":"https:\/\/www.jowyoriginals.com\/fr\/producto\/tatami-puzzle-4cm-100x100cm-surface-antiderapante-f-reversible-bleu-rouge\/","title":{"rendered":"Tatami Puzzle 4cm 100x100cm - Surface antid\u00e9rapante F, r\u00e9versible Bleu\/Rouge"},"content":{"rendered":"<h2 class=\"newficha\">Caract\u00e9ristiques de Puzzle Floor 40mm - Surface antid\u00e9rapante F, r\u00e9versible Bleu\/Rouge<\/h2>\n<p>Jowy est la marque de r\u00e9f\u00e9rence en mati\u00e8re de puzzle pour tatami. Nos produits sont con\u00e7us pour offrir d&rsquo;excellentes performances et une durabilit\u00e9 optimale.  Chez Jowy, vous trouverez un produit de qualit\u00e9 au meilleur prix.<\/p>\n<p>Notre tatami puzzle de 40 mm avec surface antid\u00e9rapante F se caract\u00e9rise par :<\/p>\n<ul class=\"ucheck radio\">\n<li><strong>\u00c9paisseur<\/strong>: 40 mm.<\/li>\n<li><strong>Dimensions nettes<\/strong>: 100 cm x 100 cm par pi\u00e8ce. Chaque pi\u00e8ce \u00e9quivaut \u00e0 1 m2. <\/li>\n<li><strong>Surface<\/strong>: Antid\u00e9rapante F.<\/li>\n<li><strong>Poids<\/strong>: 3,5 kg.<\/li>\n<li><strong>C\u00f4t\u00e9s<\/strong>: Chaque pi\u00e8ce comprend les 4 c\u00f4t\u00e9s droits.<\/li>\n<li><strong>Duret\u00e9<\/strong>: 41-43\u00ba.<\/li>\n<li><strong>Densit\u00e9<\/strong>: 80kg\/m3.<\/li>\n<li><strong>Composition<\/strong>: Ac\u00e9tate d&rsquo;\u00e9thyl\u00e8ne et de vinyle \u00e0 haute densit\u00e9.<\/li>\n<li><strong>Ancrage<\/strong>: type puzzle. Sans adh\u00e9sif. <\/li>\n<li><strong>Couleurs disponibles<\/strong>: disponible en couleur r\u00e9versible bleu\/rouge. Egalement disponible dans d&rsquo;autres couleurs r\u00e9versibles : noir\/rouge, gris\/noir. Pour d&rsquo;autres couleurs, veuillez nous contacter : <a href=\"https:\/\/www.jowyoriginals.com\/fr\/contact\/\">Aller \u00e0 Contactez-nous<\/a>  <\/li>\n<li><strong>Facile \u00e0<\/strong> nettoyer : r\u00e9sistant \u00e0 l&rsquo;eau et facile \u00e0 nettoyer.<\/li>\n<li><strong>Dur\u00e9e de vie du produit<\/strong>: 8-10 ans.<\/li>\n<\/ul>\n","protected":false},"excerpt":{"rendered":"<p>Tatami Puzzle de 4cm d&rsquo;\u00e9paisseur qui offre la plus haute protection, adapt\u00e9 aux sports avec des projections fr\u00e9quentes ou une demande maximale aux impacts, tels que le judo, MMA, hapkido, jiu-jitsu, aikido, jiu-jitsu br\u00e9silien, krav maga, l&rsquo;autod\u00e9fense. Il peut \u00e9galement \u00eatre utilis\u00e9 comme \u00e9l\u00e9ment de protection du sol dans les gymnases, les espaces pour enfants, les maisons, les garages, etc. <\/p>\n","protected":false},"featured_media":30982,"comment_status":"open","ping_status":"closed","template":"","meta":{"_acf_changed":false,"_et_pb_use_builder":"","_et_pb_old_content":"","_et_gb_content_width":"","_joinchat":[]},"product_brand":[131],"product_cat":[159],"product_tag":[],"class_list":{"0":"post-29216","1":"product","2":"type-product","3":"status-publish","4":"has-post-thumbnail","6":"product_brand-jowyoriginals","7":"product_cat-tapis-tatami-puzzle","8":"product_shipping_class-acheter-tatami","10":"first","11":"instock","12":"sale","13":"taxable","14":"shipping-taxable","15":"purchasable","16":"product-type-simple"},"acf":[],"_links":{"self":[{"href":"https:\/\/www.jowyoriginals.com\/fr\/wp-json\/wp\/v2\/product\/29216","targetHints":{"allow":["GET"]}}],"collection":[{"href":"https:\/\/www.jowyoriginals.com\/fr\/wp-json\/wp\/v2\/product"}],"about":[{"href":"https:\/\/www.jowyoriginals.com\/fr\/wp-json\/wp\/v2\/types\/product"}],"replies":[{"embeddable":true,"href":"https:\/\/www.jowyoriginals.com\/fr\/wp-json\/wp\/v2\/comments?post=29216"}],"wp:featuredmedia":[{"embeddable":true,"href":"https:\/\/www.jowyoriginals.com\/fr\/wp-json\/wp\/v2\/media\/30982"}],"wp:attachment":[{"href":"https:\/\/www.jowyoriginals.com\/fr\/wp-json\/wp\/v2\/media?parent=29216"}],"wp:term":[{"taxonomy":"product_brand","embeddable":true,"href":"https:\/\/www.jowyoriginals.com\/fr\/wp-json\/wp\/v2\/product_brand?post=29216"},{"taxonomy":"product_cat","embeddable":true,"href":"https:\/\/www.jowyoriginals.com\/fr\/wp-json\/wp\/v2\/product_cat?post=29216"},{"taxonomy":"product_tag","embeddable":true,"href":"https:\/\/www.jowyoriginals.com\/fr\/wp-json\/wp\/v2\/product_tag?post=29216"}],"curies":[{"name":"wp","href":"https:\/\/api.w.org\/{rel}","templated":true}]}}