{"id":29186,"date":"2023-06-09T10:07:38","date_gmt":"2023-06-09T08:07:38","guid":{"rendered":"https:\/\/www.jowyoriginals.com\/producto\/halteres-hexagonaux-25kgs-1pc\/"},"modified":"2025-08-25T14:20:48","modified_gmt":"2025-08-25T12:20:48","slug":"halteres-hexagonaux-25kgs-1pc","status":"publish","type":"product","link":"https:\/\/www.jowyoriginals.com\/fr\/producto\/halteres-hexagonaux-25kgs-1pc\/","title":{"rendered":"Halt\u00e8res hexagonaux 25Kgs - 1pc"},"content":{"rendered":"<h2>Caract\u00e9ristiques de l&rsquo;halt\u00e8re hexagonal 25Kgs - 1pc<\/h2>\n<p>Notre halt\u00e8re de 25 kgs pr\u00e9sente les caract\u00e9ristiques suivantes<\/p>\n<ul class=\"ucheck radio\">\n<li><strong>Poign\u00e9e ergonomique<\/strong>: poign\u00e9e molet\u00e9e en acier chrom\u00e9 antid\u00e9rapant qui offre une meilleure prise en main, facilitant l&rsquo;ex\u00e9cution de tous les types d&rsquo;exercices et \u00e9vitant les blessures dues \u00e0 une mauvaise prise en main.<\/li>\n<li><strong>Rev\u00eatement en caoutchouc<\/strong>: rev\u00eatement ext\u00e9rieur en caoutchouc de haute qualit\u00e9, r\u00e9sistant et durable, qui absorbe les sons et prot\u00e8ge le sol des chocs.<\/li>\n<li><strong>Conception des<\/strong> bords : conception des bords pour une meilleure chute et un meilleur rebond de l&rsquo;halt\u00e8re sur le sol.<\/li>\n<li><strong>Grande polyvalence<\/strong>: il permet une grande vari\u00e9t\u00e9 d&rsquo;exercices de musculation, fonctionnels et de cross training.<\/li>\n<li><strong>Dimensions du filet<\/strong>: longueur totale 39 cm, poign\u00e9e de 13 cm de long et 3,5 cm de diam\u00e8tre.<\/li>\n<li><strong>Couleur<\/strong>: noir.<\/li>\n<li><strong>Stockage facile<\/strong>: stockage facile et s\u00fbr gr\u00e2ce \u00e0 leur forme hexagonale, ils peuvent \u00eatre pos\u00e9s sur le sol sans rouler.<\/li>\n<\/ul>\n","protected":false},"excerpt":{"rendered":"<p>Halt\u00e8re hexagonal 25 kg, 1 unit\u00e9, avec poign\u00e9e ergonomique chrom\u00e9e pour une meilleure prise en main, et rev\u00eatement ext\u00e9rieur en caoutchouc pour \u00e9viter d&rsquo;ab\u00eemer le sol lors de la pratique sportive.<\/p>\n<p><strong>Utilisation recommand\u00e9e<\/strong>: aussi bien pour les particuliers, dans votre salle de sport \u00e0 domicile, que pour les professionnels, dans les salles de cross training et de musculation, les clubs sportifs professionnels, les entra\u00eeneurs personnels et les kin\u00e9sith\u00e9rapeutes.<\/p>\n<p><strong>Training<\/strong>: permet d&rsquo;effectuer de multiples exercices de cross training ou de musculation pour renforcer les muscles abdominaux, les biceps, les triceps, les quadriceps et les \u00e9paules.<\/p>\n","protected":false},"featured_media":26214,"comment_status":"open","ping_status":"closed","template":"","meta":{"_acf_changed":false,"_et_pb_use_builder":"","_et_pb_old_content":"","_et_gb_content_width":"","_joinchat":[]},"product_brand":[132],"product_cat":[170,169,171],"product_tag":[],"class_list":{"0":"post-29186","1":"product","2":"type-product","3":"status-publish","4":"has-post-thumbnail","6":"product_brand-homexgym","7":"product_cat-entrainement-musculaire","8":"product_cat-equipements-remise-forme","9":"product_cat-poids-halteres","10":"product_shipping_class-normal-fr","12":"first","13":"instock","14":"sale","15":"taxable","16":"shipping-taxable","17":"purchasable","18":"product-type-simple"},"acf":[],"_links":{"self":[{"href":"https:\/\/www.jowyoriginals.com\/fr\/wp-json\/wp\/v2\/product\/29186","targetHints":{"allow":["GET"]}}],"collection":[{"href":"https:\/\/www.jowyoriginals.com\/fr\/wp-json\/wp\/v2\/product"}],"about":[{"href":"https:\/\/www.jowyoriginals.com\/fr\/wp-json\/wp\/v2\/types\/product"}],"replies":[{"embeddable":true,"href":"https:\/\/www.jowyoriginals.com\/fr\/wp-json\/wp\/v2\/comments?post=29186"}],"wp:featuredmedia":[{"embeddable":true,"href":"https:\/\/www.jowyoriginals.com\/fr\/wp-json\/wp\/v2\/media\/26214"}],"wp:attachment":[{"href":"https:\/\/www.jowyoriginals.com\/fr\/wp-json\/wp\/v2\/media?parent=29186"}],"wp:term":[{"taxonomy":"product_brand","embeddable":true,"href":"https:\/\/www.jowyoriginals.com\/fr\/wp-json\/wp\/v2\/product_brand?post=29186"},{"taxonomy":"product_cat","embeddable":true,"href":"https:\/\/www.jowyoriginals.com\/fr\/wp-json\/wp\/v2\/product_cat?post=29186"},{"taxonomy":"product_tag","embeddable":true,"href":"https:\/\/www.jowyoriginals.com\/fr\/wp-json\/wp\/v2\/product_tag?post=29186"}],"curies":[{"name":"wp","href":"https:\/\/api.w.org\/{rel}","templated":true}]}}