{"id":29115,"date":"2025-07-18T10:56:14","date_gmt":"2025-07-18T08:56:14","guid":{"rendered":"https:\/\/www.jowyoriginals.com\/producto\/tatami-puzzle-3cm-100x100cm-densite-superieure-surface-antiderapante-en-losange-reversible-gris-noir\/"},"modified":"2025-08-25T15:12:29","modified_gmt":"2025-08-25T13:12:29","slug":"tatami-puzzle-3cm-100x100cm-densite-superieure-surface-antiderapante-en-losange-reversible-gris-noir","status":"publish","type":"product","link":"https:\/\/www.jowyoriginals.com\/fr\/producto\/tatami-puzzle-3cm-100x100cm-densite-superieure-surface-antiderapante-en-losange-reversible-gris-noir\/","title":{"rendered":"Tatami Puzzle 3cm 100x100cm Densit\u00e9 sup\u00e9rieure - Surface antid\u00e9rapante en losange, r\u00e9versible Gris\/Noir"},"content":{"rendered":"<h2 class=\"newficha\">Caract\u00e9ristiques de Puzzle Floor 30mm Superior Density - Surface antid\u00e9rapante en losange, r\u00e9versible Gris\/Noir<\/h2>\n<p>Jowy est la marque de r\u00e9f\u00e9rence en mati\u00e8re de puzzle pour tatami. Nos produits sont con\u00e7us pour offrir d&rsquo;excellentes performances et une durabilit\u00e9 optimale.  Chez Jowy, vous trouverez un produit de qualit\u00e9 au meilleur prix.<\/p>\n<p>Notre tatami puzzle de 30 mm pr\u00e9sente des caract\u00e9ristiques de densit\u00e9 sup\u00e9rieure :<\/p>\n<ul class=\"ucheck radio\">\n<li><strong>\u00c9paisseur<\/strong>: 30 mm.<\/li>\n<li><strong>Dimensions nettes<\/strong>: 100 cm x 100 cm par pi\u00e8ce. Chaque pi\u00e8ce \u00e9quivaut \u00e0 1 m2. <\/li>\n<li><strong>Surface<\/strong>: Motif antid\u00e9rapant en forme de diamant.<\/li>\n<li><strong>Poids<\/strong>: 3,3 kg.<\/li>\n<li><strong>C\u00f4t\u00e9s<\/strong>: Chaque pi\u00e8ce comprend les 4 c\u00f4t\u00e9s droits.<\/li>\n<li><strong>Duret\u00e9<\/strong>: 52\u00ba.<\/li>\n<li><strong>Densit\u00e9<\/strong>: 120kg\/m3.<\/li>\n<li><strong>Composition<\/strong>: Ac\u00e9tate d&rsquo;\u00e9thyl\u00e8ne et de vinyle \u00e0 haute densit\u00e9.<\/li>\n<li><strong>Ancrage<\/strong>: type puzzle. Sans adh\u00e9sif. <\/li>\n<li><strong>Couleurs disponibles<\/strong>: disponible en couleur r\u00e9versible Gris\/Noir. Pour d&rsquo;autres couleurs, veuillez nous contacter : <a href=\"https:\/\/www.jowyoriginals.com\/fr\/contact\/\">Go to Contact us<\/a> <\/li>\n<li><strong>Facile \u00e0<\/strong> nettoyer : r\u00e9sistant \u00e0 l&rsquo;eau et facile \u00e0 nettoyer.<\/li>\n<li><strong>Dur\u00e9e de vie du produit<\/strong>: 8-10 ans.<\/li>\n<\/ul>\n","protected":false},"excerpt":{"rendered":"<p>Tatami Puzzle de qualit\u00e9 sup\u00e9rieure de 3 cm d&rsquo;\u00e9paisseur et de densit\u00e9 sup\u00e9rieure, con\u00e7u pour une absorption \u00e9lev\u00e9e des chocs. La qualit\u00e9 de ce mat\u00e9riau est la meilleure et il est utilis\u00e9 pour un usage intensif et de haut niveau. Particuli\u00e8rement pour les types d&rsquo;arts martiaux les plus professionnels.  <\/p>\n","protected":false},"featured_media":28438,"comment_status":"open","ping_status":"closed","template":"","meta":{"_acf_changed":false,"_et_pb_use_builder":"","_et_pb_old_content":"","_et_gb_content_width":"","_joinchat":[]},"product_brand":[131],"product_cat":[159],"product_tag":[],"class_list":{"0":"post-29115","1":"product","2":"type-product","3":"status-publish","4":"has-post-thumbnail","6":"product_brand-jowyoriginals","7":"product_cat-tapis-tatami-puzzle","8":"product_shipping_class-acheter-tatami","10":"first","11":"outofstock","12":"sale","13":"taxable","14":"shipping-taxable","15":"purchasable","16":"product-type-simple"},"acf":[],"_links":{"self":[{"href":"https:\/\/www.jowyoriginals.com\/fr\/wp-json\/wp\/v2\/product\/29115","targetHints":{"allow":["GET"]}}],"collection":[{"href":"https:\/\/www.jowyoriginals.com\/fr\/wp-json\/wp\/v2\/product"}],"about":[{"href":"https:\/\/www.jowyoriginals.com\/fr\/wp-json\/wp\/v2\/types\/product"}],"replies":[{"embeddable":true,"href":"https:\/\/www.jowyoriginals.com\/fr\/wp-json\/wp\/v2\/comments?post=29115"}],"wp:featuredmedia":[{"embeddable":true,"href":"https:\/\/www.jowyoriginals.com\/fr\/wp-json\/wp\/v2\/media\/28438"}],"wp:attachment":[{"href":"https:\/\/www.jowyoriginals.com\/fr\/wp-json\/wp\/v2\/media?parent=29115"}],"wp:term":[{"taxonomy":"product_brand","embeddable":true,"href":"https:\/\/www.jowyoriginals.com\/fr\/wp-json\/wp\/v2\/product_brand?post=29115"},{"taxonomy":"product_cat","embeddable":true,"href":"https:\/\/www.jowyoriginals.com\/fr\/wp-json\/wp\/v2\/product_cat?post=29115"},{"taxonomy":"product_tag","embeddable":true,"href":"https:\/\/www.jowyoriginals.com\/fr\/wp-json\/wp\/v2\/product_tag?post=29115"}],"curies":[{"name":"wp","href":"https:\/\/api.w.org\/{rel}","templated":true}]}}