{"id":29088,"date":"2024-11-04T17:57:55","date_gmt":"2024-11-04T16:57:55","guid":{"rendered":"https:\/\/www.jowyoriginals.com\/producto\/halteres-reglables-de-35kgs-a-32kgs-1pc\/"},"modified":"2025-08-25T14:23:18","modified_gmt":"2025-08-25T12:23:18","slug":"halteres-reglables-de-35kgs-a-32kgs-1pc","status":"publish","type":"product","link":"https:\/\/www.jowyoriginals.com\/fr\/producto\/halteres-reglables-de-35kgs-a-32kgs-1pc\/","title":{"rendered":"Halt\u00e8res r\u00e9glables de 3,5kgs \u00e0 32kgs - 1pc"},"content":{"rendered":"<h2 class=\"newficha\">Caract\u00e9ristiques de l&rsquo;halt\u00e8re r\u00e9glable de 3.5Kgs \u00e0 32kgs avec syst\u00e8me Twist Lock - 1pc<\/h2>\n<p>Notre halt\u00e8re r\u00e9glable de 3,5kgs \u00e0 32kgs pr\u00e9sente les caract\u00e9ristiques suivantes :<\/p>\n<ul class=\"ucheck radio\">\n<li><strong>Poign\u00e9e ergonomique<\/strong>: poign\u00e9e en acier chrom\u00e9 recouverte de caoutchouc antid\u00e9rapant qui offre une meilleure prise, facilitant l&rsquo;ex\u00e9cution de tous les types d&rsquo;exercices et \u00e9vitant les blessures caus\u00e9es par une mauvaise prise.<\/li>\n<li><strong>Syst\u00e8me de verrouillage pivotant<\/strong>: m\u00e9canisme de verrouillage de s\u00e9curit\u00e9 avanc\u00e9 qui permet un verrouillage s\u00fbr et robuste des disques et garantit une stabilit\u00e9 optimale de l&rsquo;ensemble pendant les exercices.<\/li>\n<li><strong>Rev\u00eatement en caoutchouc<\/strong>: les disques sont dot\u00e9s d&rsquo;un rev\u00eatement ext\u00e9rieur en caoutchouc de haute qualit\u00e9, r\u00e9sistant et durable, qui absorbe les bruits et prot\u00e8ge le sol contre les chocs.<\/li>\n<li><strong>Grande polyvalence<\/strong>: il permet une grande vari\u00e9t\u00e9 d&rsquo;exercices de musculation, fonctionnels et de cross training.<\/li>\n<li><strong>Dimensions du filet<\/strong>: longueur totale 45 cm, avec une poign\u00e9e de 12 cm de long et un diam\u00e8tre de 18 cm.<\/li>\n<li><strong>Couleur<\/strong>: noir.<\/li>\n<li><strong>Stockage facile<\/strong>: permet un stockage facile et s\u00fbr. En outre, il permet d&rsquo;\u00e9conomiser de l&rsquo;espace et de l&rsquo;argent, car avec un seul halt\u00e8re, vous disposez de diff\u00e9rents poids. <\/li>\n<\/ul>\n","protected":false},"excerpt":{"rendered":"<p>Halt\u00e8re r\u00e9glable de 3,5 kg \u00e0 32 kg, avec poign\u00e9e ergonomique chrom\u00e9e et rev\u00eatement en caoutchouc antid\u00e9rapant pour une meilleure prise en main. Disques ext\u00e9rieurs rev\u00eatus de caoutchouc. Syst\u00e8me de pivotement avec m\u00e9canisme de verrouillage de s\u00e9curit\u00e9 avanc\u00e9 qui permet une fixation s\u00fbre et robuste des disques et assure une stabilit\u00e9 optimale de l&rsquo;ensemble pendant les exercices.  <\/p>\n<p>Notre halt\u00e8re r\u00e9glable de 3,5kgs \u00e0 32kgs offre jusqu&rsquo;\u00e0 5 poids diff\u00e9rents dans un seul halt\u00e8re :<br \/>\n3,5kg - 10kg - 17kg - 24kg - 32kg<\/p>\n<p><strong>Utilisation recommand\u00e9e<\/strong>: pour les particuliers, dans leur salle de sport \u00e0 domicile, ainsi que pour les professionnels, dans les salles de cross training et de musculation, les clubs sportifs professionnels, les entra\u00eeneurs personnels et les physioth\u00e9rapeutes.<\/p>\n<p><strong>Entra\u00eenement<\/strong>: permet d&rsquo;effectuer plusieurs exercices de cross training ou de musculation pour renforcer les muscles abdominaux, les biceps, les triceps, les quadriceps et les \u00e9paules.<\/p>\n","protected":false},"featured_media":27046,"comment_status":"open","ping_status":"closed","template":"","meta":{"_acf_changed":false,"_et_pb_use_builder":"","_et_pb_old_content":"","_et_gb_content_width":"","_joinchat":[]},"product_brand":[132],"product_cat":[170,169,171],"product_tag":[],"class_list":{"0":"post-29088","1":"product","2":"type-product","3":"status-publish","4":"has-post-thumbnail","6":"product_brand-homexgym","7":"product_cat-entrainement-musculaire","8":"product_cat-equipements-remise-forme","9":"product_cat-poids-halteres","10":"product_shipping_class-normal-fr","12":"first","13":"instock","14":"sale","15":"taxable","16":"shipping-taxable","17":"purchasable","18":"product-type-simple"},"acf":[],"_links":{"self":[{"href":"https:\/\/www.jowyoriginals.com\/fr\/wp-json\/wp\/v2\/product\/29088","targetHints":{"allow":["GET"]}}],"collection":[{"href":"https:\/\/www.jowyoriginals.com\/fr\/wp-json\/wp\/v2\/product"}],"about":[{"href":"https:\/\/www.jowyoriginals.com\/fr\/wp-json\/wp\/v2\/types\/product"}],"replies":[{"embeddable":true,"href":"https:\/\/www.jowyoriginals.com\/fr\/wp-json\/wp\/v2\/comments?post=29088"}],"wp:featuredmedia":[{"embeddable":true,"href":"https:\/\/www.jowyoriginals.com\/fr\/wp-json\/wp\/v2\/media\/27046"}],"wp:attachment":[{"href":"https:\/\/www.jowyoriginals.com\/fr\/wp-json\/wp\/v2\/media?parent=29088"}],"wp:term":[{"taxonomy":"product_brand","embeddable":true,"href":"https:\/\/www.jowyoriginals.com\/fr\/wp-json\/wp\/v2\/product_brand?post=29088"},{"taxonomy":"product_cat","embeddable":true,"href":"https:\/\/www.jowyoriginals.com\/fr\/wp-json\/wp\/v2\/product_cat?post=29088"},{"taxonomy":"product_tag","embeddable":true,"href":"https:\/\/www.jowyoriginals.com\/fr\/wp-json\/wp\/v2\/product_tag?post=29088"}],"curies":[{"name":"wp","href":"https:\/\/api.w.org\/{rel}","templated":true}]}}