{"id":29084,"date":"2023-06-18T15:24:06","date_gmt":"2023-06-18T13:24:06","guid":{"rendered":"https:\/\/www.jowyoriginals.com\/producto\/tapis-de-protection-en-pvc-transparent\/"},"modified":"2026-03-05T13:57:22","modified_gmt":"2026-03-05T12:57:22","slug":"tapis-de-protection-en-pvc-transparent","status":"publish","type":"product","link":"https:\/\/www.jowyoriginals.com\/fr\/producto\/tapis-de-protection-en-pvc-transparent\/","title":{"rendered":"Tapis de protection en PVC transparent"},"content":{"rendered":"<h2>Tapis de protection en PVC transparent Caract\u00e9ristiques<\/h2>\n<p>Notre tapis de protection est parfait pour prot\u00e9ger votre sol des rayures et des \u00e9raflures :<\/p>\n<ul class=\"ucheck radio\">\n<li><strong>Mat\u00e9riaux<\/strong>: en polychlorure de vinyle (PVC) de haute qualit\u00e9, qui offre une protection id\u00e9ale pour arr\u00eater la d\u00e9t\u00e9rioration du sol de la maison ou du bureau caus\u00e9e par les meubles.<\/li>\n<li><strong>Imperm\u00e9able, l\u00e9ger et flexible<\/strong>: s&rsquo;adapte \u00e0 tous les types d&rsquo;espaces.<\/li>\n<li><strong>Haute r\u00e9sistance<\/strong>: le PVC de haute qualit\u00e9 garantit une plus grande r\u00e9sistance et une plus grande durabilit\u00e9.<\/li>\n<li><strong>Grande polyvalence<\/strong>: il peut \u00eatre utilis\u00e9 pour prot\u00e9ger le sol des meubles, aussi bien dans les maisons que dans les bureaux.<\/li>\n<li><strong>Facile \u00e0<\/strong> nettoyer : il se nettoie facilement \u00e0 l&rsquo;aide d&rsquo;un chiffon humidifi\u00e9 avec de l&rsquo;eau et un peu de savon neutre.<\/li>\n<li><strong>Dimensions du filet<\/strong>: longueur 122 cm, largeur 75 cm et \u00e9paisseur 1,5 mm.<\/li>\n<li><strong>Couleur<\/strong>: transparent.<\/li>\n<\/ul>\n","protected":false},"excerpt":{"rendered":"<p>Tapis de protection en PVC transparent parfait pour prot\u00e9ger votre sol des rayures et des \u00e9raflures sur les meubles. Parfait pour la maison et le bureau. Fabriqu\u00e9 en PVC, il mesure 122 cm de long, 75 cm de large et 1,5 mm d&rsquo;\u00e9paisseur.  <\/p>\n<p><strong>Utilisation recommand\u00e9e<\/strong>: pour la maison et le bureau, pour prot\u00e9ger le sol des rayures caus\u00e9es par les meubles.<\/p>\n","protected":false},"featured_media":26502,"comment_status":"open","ping_status":"closed","template":"","meta":{"_acf_changed":false,"_et_pb_use_builder":"","_et_pb_old_content":"","_et_gb_content_width":"","_joinchat":[]},"product_brand":[],"product_cat":[191,169],"product_tag":[],"class_list":{"0":"post-29084","1":"product","2":"type-product","3":"status-publish","4":"has-post-thumbnail","6":"product_cat-autres-accessoires","7":"product_cat-equipements-remise-forme","8":"product_shipping_class-normal-fr","10":"first","11":"instock","12":"sale","13":"taxable","14":"shipping-taxable","15":"purchasable","16":"product-type-simple"},"acf":[],"_links":{"self":[{"href":"https:\/\/www.jowyoriginals.com\/fr\/wp-json\/wp\/v2\/product\/29084","targetHints":{"allow":["GET"]}}],"collection":[{"href":"https:\/\/www.jowyoriginals.com\/fr\/wp-json\/wp\/v2\/product"}],"about":[{"href":"https:\/\/www.jowyoriginals.com\/fr\/wp-json\/wp\/v2\/types\/product"}],"replies":[{"embeddable":true,"href":"https:\/\/www.jowyoriginals.com\/fr\/wp-json\/wp\/v2\/comments?post=29084"}],"wp:featuredmedia":[{"embeddable":true,"href":"https:\/\/www.jowyoriginals.com\/fr\/wp-json\/wp\/v2\/media\/26502"}],"wp:attachment":[{"href":"https:\/\/www.jowyoriginals.com\/fr\/wp-json\/wp\/v2\/media?parent=29084"}],"wp:term":[{"taxonomy":"product_brand","embeddable":true,"href":"https:\/\/www.jowyoriginals.com\/fr\/wp-json\/wp\/v2\/product_brand?post=29084"},{"taxonomy":"product_cat","embeddable":true,"href":"https:\/\/www.jowyoriginals.com\/fr\/wp-json\/wp\/v2\/product_cat?post=29084"},{"taxonomy":"product_tag","embeddable":true,"href":"https:\/\/www.jowyoriginals.com\/fr\/wp-json\/wp\/v2\/product_tag?post=29084"}],"curies":[{"name":"wp","href":"https:\/\/api.w.org\/{rel}","templated":true}]}}