{"id":29072,"date":"2023-06-13T16:04:24","date_gmt":"2023-06-13T14:04:24","guid":{"rendered":"https:\/\/www.jowyoriginals.com\/producto\/kettlebell-reglable-de-2-5kgs-a-18kgs\/"},"modified":"2026-04-07T11:13:22","modified_gmt":"2026-04-07T09:13:22","slug":"kettlebell-reglable-de-2-5kgs-a-18kgs","status":"publish","type":"product","link":"https:\/\/www.jowyoriginals.com\/fr\/producto\/kettlebell-reglable-de-2-5kgs-a-18kgs\/","title":{"rendered":"Kettlebell r\u00e9glable de 2.5kgs \u00e0 18kgs"},"content":{"rendered":"<h2>Caract\u00e9ristiques de la Kettlebell r\u00e9glable de 2.5kgs \u00e0 18kgs<\/h2>\n<p>Notre Kettlebell r\u00e9glable de 2,5kgs \u00e0 18kgs est parfait pour votre entra\u00eenement :<\/p>\n<ul class=\"ucheck radio\">\n<li><strong>Mat\u00e9riau<\/strong>: fonte de haute qualit\u00e9.<\/li>\n<li><strong>Conception ergonomique<\/strong>: conception qui permet une prise en main contr\u00f4l\u00e9e pour pouvoir s&rsquo;exercer avec le maximum de garanties de s\u00e9curit\u00e9 et en \u00e9vitant les blessures.<\/li>\n<li><strong>Disques amovibles<\/strong>: disques con\u00e7us pour un remplacement facile et une fixation rapide et s\u00fbre.<\/li>\n<li><strong>Syst\u00e8me de verrouillage<\/strong>: en tournant le levier de verrouillage, vous pouvez facilement ajouter ou retirer les disques, puis le remettre en position verrouill\u00e9e. Ce syst\u00e8me assure une parfaite fixation des disques afin que vous puissiez travailler avec le kettlebell en toute s\u00e9curit\u00e9. <\/li>\n<li><strong>Grande polyvalence<\/strong>: elle permet d&rsquo;effectuer une grande vari\u00e9t\u00e9 d&rsquo;exercices de bodybuilding, fonctionnels et de cross training en combinant diff\u00e9rents poids sur une seule kettlebell.<\/li>\n<li><strong>Dimensions du filet<\/strong>: largeur 23 cm et hauteur 27 cm.<\/li>\n<li><strong>Couleur<\/strong>: noir\/gris.<\/li>\n<li><strong>Stockage facile<\/strong>: base plate pour un stockage facile, peut \u00eatre plac\u00e9 \u00e0 la verticale sans crainte qu&rsquo;il ne tombe.<\/li>\n<\/ul>\n","protected":false},"excerpt":{"rendered":"<p>Kettlebell r\u00e9glable de 2,5kgs \u00e0 18kgs, en fonte de haute qualit\u00e9. Disques amovibles et syst\u00e8me de verrouillage facile et s\u00fbr. Conception ergonomique avec poign\u00e9e facile \u00e0 manipuler pour un contr\u00f4le total du mouvement.  <\/p>\n<p><strong>Utilisation recommand\u00e9e<\/strong>: pour les particuliers, dans leur salle de sport \u00e0 domicile, ainsi que pour les professionnels, dans les salles de cross training et de musculation, les clubs sportifs professionnels, les entra\u00eeneurs personnels et les physioth\u00e9rapeutes.<\/p>\n<p><strong>Entra\u00eenement<\/strong>: il permet de multiples exercices pour travailler les muscles de l&rsquo;ensemble du corps : abdominaux, biceps, triceps, quadriceps et fessiers. Il peut \u00e9galement \u00eatre utilis\u00e9 pour l&rsquo;entra\u00eenement de la souplesse, de l&rsquo;agilit\u00e9 et de la r\u00e9sistance. <\/p>\n","protected":false},"featured_media":26292,"comment_status":"open","ping_status":"closed","template":"","meta":{"_acf_changed":false,"_et_pb_use_builder":"","_et_pb_old_content":"","_et_gb_content_width":"","_joinchat":[]},"product_brand":[],"product_cat":[170,169,174],"product_tag":[],"class_list":{"0":"post-29072","1":"product","2":"type-product","3":"status-publish","4":"has-post-thumbnail","6":"product_cat-entrainement-musculaire","7":"product_cat-equipements-remise-forme","8":"product_cat-kettlebells-fr","9":"product_shipping_class-normal-fr","11":"first","12":"instock","13":"sale","14":"taxable","15":"shipping-taxable","16":"purchasable","17":"product-type-simple"},"acf":[],"_links":{"self":[{"href":"https:\/\/www.jowyoriginals.com\/fr\/wp-json\/wp\/v2\/product\/29072","targetHints":{"allow":["GET"]}}],"collection":[{"href":"https:\/\/www.jowyoriginals.com\/fr\/wp-json\/wp\/v2\/product"}],"about":[{"href":"https:\/\/www.jowyoriginals.com\/fr\/wp-json\/wp\/v2\/types\/product"}],"replies":[{"embeddable":true,"href":"https:\/\/www.jowyoriginals.com\/fr\/wp-json\/wp\/v2\/comments?post=29072"}],"wp:featuredmedia":[{"embeddable":true,"href":"https:\/\/www.jowyoriginals.com\/fr\/wp-json\/wp\/v2\/media\/26292"}],"wp:attachment":[{"href":"https:\/\/www.jowyoriginals.com\/fr\/wp-json\/wp\/v2\/media?parent=29072"}],"wp:term":[{"taxonomy":"product_brand","embeddable":true,"href":"https:\/\/www.jowyoriginals.com\/fr\/wp-json\/wp\/v2\/product_brand?post=29072"},{"taxonomy":"product_cat","embeddable":true,"href":"https:\/\/www.jowyoriginals.com\/fr\/wp-json\/wp\/v2\/product_cat?post=29072"},{"taxonomy":"product_tag","embeddable":true,"href":"https:\/\/www.jowyoriginals.com\/fr\/wp-json\/wp\/v2\/product_tag?post=29072"}],"curies":[{"name":"wp","href":"https:\/\/api.w.org\/{rel}","templated":true}]}}