{"id":29033,"date":"2023-06-09T15:38:19","date_gmt":"2023-06-09T13:38:19","guid":{"rendered":"https:\/\/www.jowyoriginals.com\/producto\/kettlebell-pvc-12kgs\/"},"modified":"2025-08-25T14:22:22","modified_gmt":"2025-08-25T12:22:22","slug":"kettlebell-pvc-12kgs","status":"publish","type":"product","link":"https:\/\/www.jowyoriginals.com\/fr\/producto\/kettlebell-pvc-12kgs\/","title":{"rendered":"Kettlebell PVC 12kgs"},"content":{"rendered":"<h2>Caract\u00e9ristiques de la Kettlebell en PVC de 12kgs<\/h2>\n<p>Notre Kettlebell en PVC de 12 kg est parfait pour votre entra\u00eenement :<\/p>\n<ul class=\"ucheck radio\">\n<li><strong>Int\u00e9rieur<\/strong>: sable fin d&rsquo;acier.<\/li>\n<li><strong>Rev\u00eatement en PVC<\/strong>: rev\u00eatement ext\u00e9rieur en PVC souple de haute qualit\u00e9, qui permet d&rsquo;\u00e9viter d&rsquo;endommager le sol.<\/li>\n<li><strong>Conception ergonomique<\/strong>: conception qui permet une prise contr\u00f4l\u00e9e pour r\u00e9aliser l&rsquo;exercice avec le maximum de garanties de s\u00e9curit\u00e9 et en \u00e9vitant les blessures.<\/li>\n<li><strong>Grande polyvalence<\/strong>: il permet une grande vari\u00e9t\u00e9 d&rsquo;exercices de musculation, fonctionnels et de cross training.<\/li>\n<li><strong>Dimensions du filet<\/strong>: largeur 20 cm et hauteur 30 cm.<\/li>\n<li><strong>Couleur<\/strong>: noir\/bleu.<\/li>\n<li><strong>Stockage facile<\/strong>: base plate pour un stockage facile, peut \u00eatre plac\u00e9 \u00e0 la verticale sans crainte qu&rsquo;il ne tombe.<\/li>\n<\/ul>\n","protected":false},"excerpt":{"rendered":"<p>Kettlebell de 12 kg en PVC, avec du sable fin en acier \u00e0 l&rsquo;int\u00e9rieur. L&rsquo;ext\u00e9rieur en PVC de haute qualit\u00e9 facilite la prise en main et \u00e9vite d&rsquo;endommager le sol. Conception ergonomique avec poign\u00e9e facile \u00e0 manipuler pour un contr\u00f4le total du mouvement.  <\/p>\n<p><strong>Utilisation recommand\u00e9e<\/strong>: pour les particuliers, dans leur salle de sport \u00e0 domicile, ainsi que pour les professionnels, dans les salles de cross training et de musculation, les clubs sportifs professionnels, les entra\u00eeneurs personnels et les physioth\u00e9rapeutes.<\/p>\n<p><strong>Entra\u00eenement<\/strong>: il permet de multiples exercices pour travailler les muscles de l&rsquo;ensemble du corps : abdominaux, biceps, triceps, quadriceps et fessiers. Il peut \u00e9galement \u00eatre utilis\u00e9 pour l&rsquo;entra\u00eenement de la souplesse, de l&rsquo;agilit\u00e9 et de la r\u00e9sistance. <\/p>\n","protected":false},"featured_media":26256,"comment_status":"open","ping_status":"closed","template":"","meta":{"_acf_changed":false,"_et_pb_use_builder":"","_et_pb_old_content":"","_et_gb_content_width":"","_joinchat":[]},"product_brand":[132],"product_cat":[170,169,174],"product_tag":[],"class_list":{"0":"post-29033","1":"product","2":"type-product","3":"status-publish","4":"has-post-thumbnail","6":"product_brand-homexgym","7":"product_cat-entrainement-musculaire","8":"product_cat-equipements-remise-forme","9":"product_cat-kettlebells-fr","10":"product_shipping_class-normal-fr","12":"first","13":"instock","14":"taxable","15":"shipping-taxable","16":"purchasable","17":"product-type-simple"},"acf":[],"_links":{"self":[{"href":"https:\/\/www.jowyoriginals.com\/fr\/wp-json\/wp\/v2\/product\/29033","targetHints":{"allow":["GET"]}}],"collection":[{"href":"https:\/\/www.jowyoriginals.com\/fr\/wp-json\/wp\/v2\/product"}],"about":[{"href":"https:\/\/www.jowyoriginals.com\/fr\/wp-json\/wp\/v2\/types\/product"}],"replies":[{"embeddable":true,"href":"https:\/\/www.jowyoriginals.com\/fr\/wp-json\/wp\/v2\/comments?post=29033"}],"wp:featuredmedia":[{"embeddable":true,"href":"https:\/\/www.jowyoriginals.com\/fr\/wp-json\/wp\/v2\/media\/26256"}],"wp:attachment":[{"href":"https:\/\/www.jowyoriginals.com\/fr\/wp-json\/wp\/v2\/media?parent=29033"}],"wp:term":[{"taxonomy":"product_brand","embeddable":true,"href":"https:\/\/www.jowyoriginals.com\/fr\/wp-json\/wp\/v2\/product_brand?post=29033"},{"taxonomy":"product_cat","embeddable":true,"href":"https:\/\/www.jowyoriginals.com\/fr\/wp-json\/wp\/v2\/product_cat?post=29033"},{"taxonomy":"product_tag","embeddable":true,"href":"https:\/\/www.jowyoriginals.com\/fr\/wp-json\/wp\/v2\/product_tag?post=29033"}],"curies":[{"name":"wp","href":"https:\/\/api.w.org\/{rel}","templated":true}]}}