{"id":29012,"date":"2023-06-09T12:36:03","date_gmt":"2023-06-09T10:36:03","guid":{"rendered":"https:\/\/www.jowyoriginals.com\/producto\/ensemble-body-pump-175kgs\/"},"modified":"2025-08-25T14:20:46","modified_gmt":"2025-08-25T12:20:46","slug":"ensemble-body-pump-175kgs","status":"publish","type":"product","link":"https:\/\/www.jowyoriginals.com\/fr\/producto\/ensemble-body-pump-175kgs\/","title":{"rendered":"Ensemble Body Pump 17,5Kgs"},"content":{"rendered":"<h2>Caract\u00e9ristiques de l&rsquo;ensemble Body Pump<\/h2>\n<p>Notre ensemble Body Pump est le compl\u00e9ment parfait de votre entra\u00eenement :<\/p>\n<ul class=\"ucheck radio\">\n<li><strong>Barre rev\u00eatue de caoutchouc<\/strong>: facilite la prise en main pendant l&rsquo;utilisation, en \u00e9vitant qu&rsquo;elle ne glisse des mains et en facilitant son utilisation dans des conditions de s\u00e9curit\u00e9 maximale.<\/li>\n<li><strong>Rev\u00eatement en caoutchouc<\/strong>: les disques sont dot\u00e9s d&rsquo;un rev\u00eatement ext\u00e9rieur en caoutchouc de haute qualit\u00e9, r\u00e9sistant et durable, qui absorbe les bruits et prot\u00e8ge le sol contre les chocs.<\/li>\n<li><strong>Conception des disques<\/strong>: conception des bords des disques pour une meilleure chute et un meilleur rebond des poids.<\/li>\n<li><strong>Grande polyvalence<\/strong>: il permet une grande vari\u00e9t\u00e9 d&rsquo;exercices de musculation, fonctionnels et de cross training.<\/li>\n<li><strong>Dimensions du filet<\/strong>: longueur totale 140 cm.<\/li>\n<li><strong>Couleur<\/strong>: disques orange, bleu et jaune et barre noire.<\/li>\n<li><strong>Montage et d\u00e9montage faciles<\/strong>: les but\u00e9es sont faciles \u00e0 r\u00e9gler sur la barre, sans qu&rsquo;il soit n\u00e9cessaire d&rsquo;exercer une force ou une pression \u00e0 la main. Une fois utilis\u00e9, il est facile \u00e0 d\u00e9monter et peu encombrant. <\/li>\n<li><strong>Stockage facile<\/strong>: stockage facile et s\u00fbr gr\u00e2ce \u00e0 la forme des disques, qui peuvent \u00eatre pos\u00e9s sur le sol sans rouler.<\/li>\n<\/ul>\n","protected":false},"excerpt":{"rendered":"<p>L&rsquo;ensemble Body Pump, qui comprend une barre d&rsquo;halt\u00e8res et des disques de poids diff\u00e9rents, vous permet de les combiner et d&rsquo;effectuer une grande vari\u00e9t\u00e9 d&rsquo;exercices. La barre est recouverte de caoutchouc pour faciliter la prise en main et \u00e9viter que la main ne glisse sur la barre pendant l&rsquo;exercice. Les disques sont en fonte \u00e0 l&rsquo;int\u00e9rieur et ont un rev\u00eatement en caoutchouc \u00e0 l&rsquo;ext\u00e9rieur pour \u00e9viter d&rsquo;endommager le sol pendant l&rsquo;exercice.  <\/p>\n<p><strong>Contenu de l&rsquo;ensemble<\/strong>: barre de 140 cm de long + 2 but\u00e9es de barre + 2 disques de 1,25 kg + 2 disques de 2,5 kg + 2 disques de 5 kg.<\/p>\n<p><strong>Utilisation recommand\u00e9e<\/strong>: pour les particuliers, dans leur salle de sport \u00e0 domicile, ainsi que pour les professionnels, dans les salles de cross training et de musculation, les clubs sportifs professionnels, les entra\u00eeneurs personnels et les physioth\u00e9rapeutes.<\/p>\n<p><strong>Entra\u00eenement<\/strong>: il permet d&rsquo;effectuer de multiples exercices pour travailler les muscles de tout le corps : bras, abdominaux, jambes, dos et \u00e9paules.<\/p>\n","protected":false},"featured_media":26230,"comment_status":"open","ping_status":"closed","template":"","meta":{"_acf_changed":false,"_et_pb_use_builder":"","_et_pb_old_content":"","_et_gb_content_width":"","_joinchat":[]},"product_brand":[132],"product_cat":[170,169,171],"product_tag":[],"class_list":{"0":"post-29012","1":"product","2":"type-product","3":"status-publish","4":"has-post-thumbnail","6":"product_brand-homexgym","7":"product_cat-entrainement-musculaire","8":"product_cat-equipements-remise-forme","9":"product_cat-poids-halteres","10":"product_shipping_class-normal-fr","12":"first","13":"instock","14":"sale","15":"taxable","16":"shipping-taxable","17":"purchasable","18":"product-type-simple"},"acf":[],"_links":{"self":[{"href":"https:\/\/www.jowyoriginals.com\/fr\/wp-json\/wp\/v2\/product\/29012","targetHints":{"allow":["GET"]}}],"collection":[{"href":"https:\/\/www.jowyoriginals.com\/fr\/wp-json\/wp\/v2\/product"}],"about":[{"href":"https:\/\/www.jowyoriginals.com\/fr\/wp-json\/wp\/v2\/types\/product"}],"replies":[{"embeddable":true,"href":"https:\/\/www.jowyoriginals.com\/fr\/wp-json\/wp\/v2\/comments?post=29012"}],"wp:featuredmedia":[{"embeddable":true,"href":"https:\/\/www.jowyoriginals.com\/fr\/wp-json\/wp\/v2\/media\/26230"}],"wp:attachment":[{"href":"https:\/\/www.jowyoriginals.com\/fr\/wp-json\/wp\/v2\/media?parent=29012"}],"wp:term":[{"taxonomy":"product_brand","embeddable":true,"href":"https:\/\/www.jowyoriginals.com\/fr\/wp-json\/wp\/v2\/product_brand?post=29012"},{"taxonomy":"product_cat","embeddable":true,"href":"https:\/\/www.jowyoriginals.com\/fr\/wp-json\/wp\/v2\/product_cat?post=29012"},{"taxonomy":"product_tag","embeddable":true,"href":"https:\/\/www.jowyoriginals.com\/fr\/wp-json\/wp\/v2\/product_tag?post=29012"}],"curies":[{"name":"wp","href":"https:\/\/api.w.org\/{rel}","templated":true}]}}