{"id":28969,"date":"2023-04-29T23:18:36","date_gmt":"2023-04-29T21:18:36","guid":{"rendered":"https:\/\/www.jowyoriginals.com\/producto\/tatami-puzzle-1cm-60x60cm-surface-antiderapante-t-couleur-bleu-pack-4-pcs\/"},"modified":"2025-08-25T14:19:22","modified_gmt":"2025-08-25T12:19:22","slug":"tatami-puzzle-1cm-60x60cm-surface-antiderapante-t-couleur-bleu-pack-4-pcs","status":"publish","type":"product","link":"https:\/\/www.jowyoriginals.com\/fr\/producto\/tatami-puzzle-1cm-60x60cm-surface-antiderapante-t-couleur-bleu-pack-4-pcs\/","title":{"rendered":"Tatami Puzzle 1cm 60x60cm - Surface antid\u00e9rapante T, couleur Bleu - Pack 4 pcs."},"content":{"rendered":"<h2 class=\"newficha\">Caract\u00e9ristiques du paquet de 4 Puzzle Floor 10mm - Surface en T antid\u00e9rapante, couleur bleu<\/h2>\n<p>Jowy est la marque de r\u00e9f\u00e9rence en mati\u00e8re de puzzle pour tatami. Nos produits sont con\u00e7us pour offrir d&rsquo;excellentes performances et une durabilit\u00e9 optimale.  Chez Jowy, vous trouverez un produit de qualit\u00e9 au meilleur prix.<\/p>\n<p>Notre tatami puzzle de 10 mm pr\u00e9sente les caract\u00e9ristiques suivantes<\/p>\n<ul class=\"ucheck radio\">\n<li><strong>\u00c9paisseur<\/strong>: 10 mm.<\/li>\n<li><strong>Dimensions du filet<\/strong>: 60 cm x 60 cm par pi\u00e8ce (finition droite sur 2 c\u00f4t\u00e9s) et 1,20 m x 1,20 m par paquet de 4 (1,44 m2).<\/li>\n<li><strong>Surface<\/strong>: antid\u00e9rapante T.<\/li>\n<li><strong>Poids<\/strong>: 350 gr.<\/li>\n<li><strong>C\u00f4t\u00e9s<\/strong>: 2 c\u00f4t\u00e9s droits sont fournis par pi\u00e8ce.<\/li>\n<li><strong>Duret\u00e9<\/strong>: 35\u00ba.<\/li>\n<li><strong>Densit\u00e9<\/strong>: 60kg\/m3.<\/li>\n<li><strong>Composition<\/strong>: Ac\u00e9tate d&rsquo;\u00e9thyl\u00e8ne et de vinyle \u00e0 haute densit\u00e9.<\/li>\n<li><strong>Ancrage<\/strong>: type puzzle. Sans adh\u00e9sif. <\/li>\n<li><strong>Certificats<\/strong>: EN71 (2005) +A6 Partie 1 Physique et m\u00e9canique BS EN71 (2006) + A1 Partie 2 Inflammabilit\u00e9 BS EN71 (1995) + A1 + AC1 Partie 3 Toxicit\u00e9.<\/li>\n<li><strong>Couleurs disponibles<\/strong>: Bleu. Ce mod\u00e8le est \u00e9galement disponible dans d&rsquo;autres variantes de couleurs : vert, gris, noir, imitation parquet et imitation parquet gris. <\/li>\n<li><strong>Facile \u00e0<\/strong> nettoyer : r\u00e9sistant \u00e0 l&rsquo;eau et facile \u00e0 nettoyer.<\/li>\n<li><strong>Dur\u00e9e de vie du produit<\/strong>: 8-10 ans.<\/li>\n<\/ul>\n","protected":false},"excerpt":{"rendered":"<p>Paquet de 4 pi\u00e8ces de Tatami Puzzle de 1cm d&rsquo;\u00e9paisseur disponible en 60x60cm avec surface antid\u00e9rapante T, couleur bleue. Fabriqu\u00e9 en caoutchouc EVA. <\/p>\n<p><strong>Utilisation recommand\u00e9e<\/strong>: comme \u00e9l\u00e9ment de protection du sol dans les gymnases, les espaces pour enfants, les maisons, les garages, etc.<\/p>\n","protected":false},"featured_media":25930,"comment_status":"open","ping_status":"closed","template":"","meta":{"_acf_changed":false,"_et_pb_use_builder":"","_et_pb_old_content":"","_et_gb_content_width":"","_joinchat":[]},"product_brand":[131],"product_cat":[159],"product_tag":[],"class_list":{"0":"post-28969","1":"product","2":"type-product","3":"status-publish","4":"has-post-thumbnail","6":"product_brand-jowyoriginals","7":"product_cat-tapis-tatami-puzzle","8":"product_shipping_class-acheter-tatami","10":"first","11":"instock","12":"sale","13":"featured","14":"taxable","15":"shipping-taxable","16":"purchasable","17":"product-type-simple"},"acf":[],"_links":{"self":[{"href":"https:\/\/www.jowyoriginals.com\/fr\/wp-json\/wp\/v2\/product\/28969","targetHints":{"allow":["GET"]}}],"collection":[{"href":"https:\/\/www.jowyoriginals.com\/fr\/wp-json\/wp\/v2\/product"}],"about":[{"href":"https:\/\/www.jowyoriginals.com\/fr\/wp-json\/wp\/v2\/types\/product"}],"replies":[{"embeddable":true,"href":"https:\/\/www.jowyoriginals.com\/fr\/wp-json\/wp\/v2\/comments?post=28969"}],"wp:featuredmedia":[{"embeddable":true,"href":"https:\/\/www.jowyoriginals.com\/fr\/wp-json\/wp\/v2\/media\/25930"}],"wp:attachment":[{"href":"https:\/\/www.jowyoriginals.com\/fr\/wp-json\/wp\/v2\/media?parent=28969"}],"wp:term":[{"taxonomy":"product_brand","embeddable":true,"href":"https:\/\/www.jowyoriginals.com\/fr\/wp-json\/wp\/v2\/product_brand?post=28969"},{"taxonomy":"product_cat","embeddable":true,"href":"https:\/\/www.jowyoriginals.com\/fr\/wp-json\/wp\/v2\/product_cat?post=28969"},{"taxonomy":"product_tag","embeddable":true,"href":"https:\/\/www.jowyoriginals.com\/fr\/wp-json\/wp\/v2\/product_tag?post=28969"}],"curies":[{"name":"wp","href":"https:\/\/api.w.org\/{rel}","templated":true}]}}