{"id":28751,"date":"2023-06-25T12:56:49","date_gmt":"2023-06-25T10:56:49","guid":{"rendered":"https:\/\/www.jowyoriginals.com\/conditions-de-vente-sur-internet\/"},"modified":"2025-08-15T19:57:39","modified_gmt":"2025-08-15T17:57:39","slug":"conditions-de-vente-sur-internet","status":"publish","type":"page","link":"https:\/\/www.jowyoriginals.com\/fr\/conditions-de-vente-sur-internet\/","title":{"rendered":"Conditions de vente sur Internet"},"content":{"rendered":"<p>[et_pb_section fb_built=\u00a0\u00bb1&Prime; _builder_version=\u00a0\u00bb4.21.0&Prime; _module_preset=\u00a0\u00bbdefault\u00a0\u00bb background_image=\u00a0\u00bbhttps:\/\/www.jowyoriginals.com\/wp-content\/uploads\/2023\/06\/cta-general-jowy-3.jpg\u00a0\u00bb locked=\u00a0\u00bboff\u00a0\u00bb global_colors_info=\u00a0\u00bb{}\u00a0\u00bb][et_pb_row _builder_version=\u00a0\u00bb4.21.0&Prime; _module_preset=\u00a0\u00bbdefault\u00a0\u00bb background_enable_image=\u00a0\u00bboff\u00a0\u00bb global_colors_info=\u00a0\u00bb{}\u00a0\u00bb][et_pb_column type=\u00a0\u00bb4_4&Prime; _builder_version=\u00a0\u00bb4.21.0&Prime; _module_preset=\u00a0\u00bbdefault\u00a0\u00bb global_colors_info=\u00a0\u00bb{}\u00a0\u00bb][et_pb_text _builder_version=\u00a0\u00bb4.21.0&Prime; _module_preset=\u00a0\u00bbdefault\u00a0\u00bb header_text_color=\u00a0\u00bb#FFFFFF\u00a0\u00bb global_colors_info=\u00a0\u00bb{}\u00a0\u00bb]<\/p>\n<h1 class=\"undr\" style=\"margin-bottom: 20px!important; padding-bottom: 25px;\">Politique de vente en ligne<\/h1>\n<p>[\/et_pb_text][\/et_pb_column][\/et_pb_row][\/et_pb_section][et_pb_section fb_built=\u00a0\u00bb1&Prime; _builder_version=\u00a0\u00bb4.21.0&Prime; _module_preset=\u00a0\u00bbdefault\u00a0\u00bb global_colors_info=\u00a0\u00bb{}\u00a0\u00bb][et_pb_row _builder_version=\u00a0\u00bb4.21.0&Prime; _module_preset=\u00a0\u00bbdefault\u00a0\u00bb global_colors_info=\u00a0\u00bb{}\u00a0\u00bb][et_pb_column type=\u00a0\u00bb4_4&Prime; _builder_version=\u00a0\u00bb4.21.0&Prime; _module_preset=\u00a0\u00bbdefault\u00a0\u00bb global_colors_info=\u00a0\u00bb{}\u00a0\u00bb][et_pb_text _builder_version=\u00a0\u00bb4.27.4&Prime; _module_preset=\u00a0\u00bbdefault\u00a0\u00bb hover_enabled=\u00a0\u00bb0&Prime; global_colors_info=\u00a0\u00bb{}\u00a0\u00bb sticky_enabled=\u00a0\u00bb0&Prime;]<\/p>\n<p>Par le biais de son SITE WEB ; https:\/\/www.jowyoriginals.com, de, INOUT ORIENT ATTRACTION SL, ci-apr\u00e8s, INOUT, l&rsquo;administrateur du site web. En raison du contenu et de la finalit\u00e9 du SITE, les personnes qui souhaitent obtenir des informations doivent remplir le formulaire de contact, celles qui veulent acheter les produits offerts sur ce site Web, doivent s&rsquo;inscrire sur le formulaire, UTILISATEURS \/ CLIENTS, qui est acquis en remplissant le formulaire, ENREGISTREMENT, vos donn\u00e9es seront incorpor\u00e9es dans un fichier automatis\u00e9 pour la protection en application de, l&rsquo;article, 13, du R\u00e8glement g\u00e9n\u00e9ral sur la protection des donn\u00e9es-UE-2016\/679, du Parlement et du Conseil de l&rsquo;Europe, du, 27 avril 2016, et de la LOPDGDD-3\/2018, du 5 d\u00e9cembre, de la Directive 2011\/83\/UE, relative aux droits des consommateurs, de la Loi applicable au commerce \u00e9lectronique, 34\/2002, LSSI-CE, et de la Loi 3\/2014, du 27 mars, D\u00e9fense des Consommateurs et des Utilisateurs. <\/p>\n<p>Conform\u00e9ment aux articles 6(f) et 8(1) du GDPR-EU-2016\/679, et \u00e0 l&rsquo;article 84 de la LOPD-3\/2018, relative \u00e0 la garantie des droits num\u00e9riques (protection des mineurs sur Internet), il est pr\u00e9cis\u00e9 que lorsque la personne concern\u00e9e est un mineur de moins de 16 ans, elle ne peut pas consentir \u00e0 la collecte de ses donn\u00e9es \u00e0 caract\u00e8re personnel par un d\u00e9taillant en ligne, ce traitement n&rsquo;est consid\u00e9r\u00e9 comme licite que si le consentement a \u00e9t\u00e9 donn\u00e9 ou autoris\u00e9 par le ou les titulaires de l&rsquo;autorit\u00e9 parentale ou de la tutelle sur le mineur, et uniquement dans la mesure o\u00f9 il a \u00e9t\u00e9 donn\u00e9 ou autoris\u00e9 en relation avec l&rsquo;offre directe de services de la soci\u00e9t\u00e9 de l&rsquo;information, sauf si le mineur est \u00e2g\u00e9 d&rsquo;au moins 16 ans et que son consentement est licite.<\/p>\n<h3>1.DES INFORMATIONS SUR LE PRODUIT \u00c0 VENDRE :<\/h3>\n<p>Le SITE WEB : www.jowyoriginals.com, dont est Administrateur, INOUT, de la vente en ligne de produits pour la pratique sportive du crosstraining, yoga, pilates, reha, fitness, sols en li\u00e8ge et le produit phare dont nous sommes les grands experts, les tatamis, pour la pratique des arts martiaux et autres,<\/p>\n<h3>2. LES PRIX DES PRODUITS ET DES EXP\u00c9DITIONS :<\/h3>\n<p>Les prix indiqu\u00e9s sur le SITE incluent la TVA sur leurs produits et le prix de l&rsquo;exp\u00e9dition pour la p\u00e9ninsule et les \u00eeles Bal\u00e9ares, sera gratuit \u00e0 partir de 200 euros, pour les commandes d&rsquo;un montant inf\u00e9rieur ou d&rsquo;autres zones g\u00e9ographiques, le co\u00fbt de l&rsquo;exp\u00e9dition d\u00e9pendra du poids, du volume et de la distance, une question qui sera refl\u00e9t\u00e9e au moment de la formalisation de l&rsquo;achat dans la section, MON PANIER.<\/p>\n<h3>3. PLACEMENT DES COMMANDES :<\/h3>\n<p>Une fois la commande formalis\u00e9e, c&rsquo;est-\u00e0-dire avec l&rsquo;acceptation des conditions de vente et d&rsquo;utilisation du site et la confirmation du processus d&rsquo;achat dans la section MON PANIER, l&rsquo;administrateur du site, www.jowyoriginals.com, enverra un e-mail \u00e0 l&rsquo;UTILISATEUR\/CLIENT, confirmant les d\u00e9tails des produits achet\u00e9s.<\/p>\n<h3>4. MODE DE PAIEMENT :<\/h3>\n<p>L&rsquo;UTILISATEUR\/CLIENT paiera au moment de la commande du produit. La preuve d&rsquo;achat ou les services et\/ou proc\u00e9dures correspondant \u00e0 la commande ou \u00e0 la demande effectu\u00e9e peuvent \u00eatre consult\u00e9s sur le SITE WEB, dans l&rsquo;espace client. <\/p>\n<p>L&rsquo;UTILISATEUR\/CLIENT doit payer le montant correspondant \u00e0 sa commande au moyen d&rsquo;un syst\u00e8me de paiement ; DEBIT CARD, VISA, MASTERCARD et PAY PAL.<\/p>\n<p>L&rsquo;UTILISATEUR\/CLIENT doit notifier \u00e0 l&rsquo;administrateur du site Internet tout pr\u00e9l\u00e8vement indu ou frauduleux dans le syst\u00e8me de paiement utilis\u00e9, par e-mail, comercial@jowyoriginals.com, dans les meilleurs d\u00e9lais afin que l&rsquo;administrateur puisse prendre les mesures appropri\u00e9es.<\/p>\n<h4>4.1. LES MESURES DE S\u00c9CURIT\u00c9 SUR LE WEB :<\/h4>\n<p>Ce SITE WEB, www.jowyoriginals.com, est conforme \u00e0 la norme PCI-DSS (Payment Card Industry-Data Security Standard), qui est obligatoire pour tous les sites web qui stockent, manipulent et traitent des informations financi\u00e8res sensibles telles que les donn\u00e9es des cartes bancaires.<\/p>\n<p>Le SITE WEB : www.jowyoriginals.com, dispose des mesures de s\u00e9curit\u00e9 les plus \u00e9lev\u00e9es commercialement disponibles dans le secteur. Le serveur s\u00e9curis\u00e9 \u00e9tablit une connexion afin que les informations soient transmises crypt\u00e9es \u00e0 l&rsquo;aide d&rsquo;algorithmes de 128 bits, \u00e0 256 bits, qui garantissent qu&rsquo;elles ne sont intelligibles et compr\u00e9hensibles que par l&rsquo;appareil de l&rsquo;UTILISATEUR et celui du SITE WEB. <\/p>\n<h3>5. LIEU DE LIVRAISON DES COMMANDES, D\u00c9LAIS ET PERTES :<\/h3>\n<p>En fonction de la destination, diff\u00e9rents modes d&rsquo;exp\u00e9dition peuvent \u00eatre utilis\u00e9s, chaque mode et chaque destination ont des d\u00e9lais d&rsquo;exp\u00e9dition qui sont pr\u00e9cis\u00e9s dans le processus de confirmation de la commande dans la description de chaque produit, le d\u00e9lai de livraison habituel sera de 2 \u00e0 4 jours ouvrables, bien qu&rsquo;un retard de livraison ne soit pas un motif de p\u00e9nalit\u00e9.<\/p>\n<p>L&rsquo;administrateur du site n&rsquo;est pas responsable des erreurs de livraison caus\u00e9es par le fait que l&rsquo;adresse de livraison indiqu\u00e9e par l&rsquo;UTILISATEUR\/CLIENT dans le formulaire de commande ne correspond pas \u00e0 la r\u00e9alit\u00e9 ou a \u00e9t\u00e9 omise.<\/p>\n<p>Les d\u00e9lais de livraison peuvent varier pour des raisons logistiques ou de force majeure. En cas de retard de livraison, l&rsquo;administrateur du site informera les UTILISATEURS\/CLIENTS d\u00e8s qu&rsquo;il en aura connaissance. <\/p>\n<p>Chaque livraison est consid\u00e9r\u00e9e comme effectu\u00e9e \u00e0 partir du moment o\u00f9 le produit est mis \u00e0 la disposition de l&rsquo;UTILISATEUR\/CLIENT, ce qui est mat\u00e9rialis\u00e9 par le syst\u00e8me de contr\u00f4le utilis\u00e9 par l&rsquo;entreprise de transport ou de messagerie.<\/p>\n<p>Les retards de livraison ne sont pas pris en compte dans les cas o\u00f9 la commande a \u00e9t\u00e9 mise \u00e0 la disposition de l&rsquo;UTILISATEUR\/CLIENT dans le d\u00e9lai imparti mais n&rsquo;a pas pu \u00eatre livr\u00e9e pour des raisons imputables \u00e0 l&rsquo;UTILISATEUR\/CLIENT.<\/p>\n<p>Lorsque la commande quitte notre entreprise, vous recevrez un courrier \u00e9lectronique vous informant que votre commande a \u00e9t\u00e9 accept\u00e9e et qu&rsquo;elle est en cours d&rsquo;envoi par le syst\u00e8me de messagerie.<\/p>\n<h4>5.1. LES DONN\u00c9ES DE LIVRAISON, LES NON-LIVRAISONS ET LES PERTES DE PRODUITS.<\/h4>\n<p>Si, au moment de la livraison, l&rsquo;UTILISATEUR\/CLIENT est absent, le livreur laissera un re\u00e7u indiquant comment proc\u00e9der pour r\u00e9cup\u00e9rer la commande. L&rsquo;administrateur du site web engage, dans le cadre du service de livraison, une soci\u00e9t\u00e9 de transport et de messagerie qui veillera \u00e0 ce que la livraison ait lieu. <\/p>\n<p>Si la livraison n&rsquo;a pas \u00e9t\u00e9 organis\u00e9e 7 jours ouvrables apr\u00e8s l&rsquo;exp\u00e9dition de la commande, l&rsquo;UTILISATEUR\/CLIENT doit contacter l&rsquo;administrateur du site web.<\/p>\n<p>Si l&rsquo;UTILISATEUR\/CLIENT ne proc\u00e8de pas de la sorte, apr\u00e8s les jours ouvrables stipul\u00e9s par les soci\u00e9t\u00e9s de livraison \u00e0 partir du moment o\u00f9 la commande part \u00e0 la distribution, celle-ci sera renvoy\u00e9e et l&rsquo;UTILISATEUR\/CLIENT devra payer les frais d&rsquo;envoi et de retour de la commande, ainsi que les frais de gestion y aff\u00e9rents.<\/p>\n<p>Si la raison de la non-livraison est la perte de la commande, INOUT ouvrira une enqu\u00eate, ce qui retardera la livraison de la commande, une circonstance que l&rsquo;administrateur de ce site Web r\u00e9soudra avec le client.<\/p>\n<h4>5. 2. DILIGENCE DANS L&rsquo;EX\u00c9CUTION :<\/h4>\n<p>L&rsquo;UTILISATEUR\/CLIENT doit v\u00e9rifier le bon \u00e9tat de la commande aupr\u00e8s du livreur qui, au nom de l&rsquo;administrateur du site, livre le produit command\u00e9. Si, par la suite, apr\u00e8s v\u00e9rification des produits, l&rsquo;UTILISATEUR\/CLIENT constate un quelconque incident tel que des traces de manipulation ou des dommages caus\u00e9s par l&rsquo;envoi, il s&rsquo;engage \u00e0 en informer l&rsquo;administrateur du site dans les plus brefs d\u00e9lais par courrier \u00e9lectronique : comercial@jowyoriginals.com. <\/p>\n<h3>6. LE RETRAIT OU LE RETOUR DU PRODUIT :<\/h3>\n<h4>6.1. PROC\u00c9DURE DE RETOUR OU DE RETRAIT<\/h4>\n<p>Le contenu de ces clauses de vente web, agissent comme une preuve d&rsquo;achat entre l&rsquo;administrateur du web et le client, conform\u00e9ment au d\u00e9cret l\u00e9gislatif royal, 1\/2007, dans son article 71, et la loi 3\/2014 du 27 Mars, les produits achet\u00e9s sur ce site web, peuvent \u00eatre retourn\u00e9s et rembours\u00e9s, \u00e0 condition que l&rsquo;UTILISATEUR \/ CLIENT, communiquer \u00e0 l&rsquo;administrateur leur intention de retourner la commande qui aura 14 jours civils \u00e0 compter de la r\u00e9ception du produit \/ produits achet\u00e9s jusqu&rsquo;\u00e0 la restitution et l&rsquo;arriv\u00e9e dans les locaux de, INOUT.<\/p>\n<p>Le droit de r\u00e9tractation n&rsquo;est pas applicable, conform\u00e9ment \u00e0 l&rsquo;article 103 de la loi 3\/2014, lorsque les paragraphes suivants s&rsquo;appliquent :<\/p>\n<p>(c) la fourniture de biens confectionn\u00e9s selon les sp\u00e9cifications du consommateur et de l&rsquo;utilisateur ou nettement personnalis\u00e9s.<\/p>\n<p>Dans le cas de produits personnalis\u00e9s, il n&rsquo;est pas possible de retourner le produit fabriqu\u00e9 selon les sp\u00e9cifications demand\u00e9es par le client.<\/p>\n<p>e) La fourniture de biens scell\u00e9s qui ne peuvent \u00eatre retourn\u00e9s pour des raisons de protection de la sant\u00e9 ou d&rsquo;hygi\u00e8ne et qui ont \u00e9t\u00e9 descell\u00e9s apr\u00e8s la livraison.<br \/>f) La fourniture de biens qui, apr\u00e8s la livraison et compte tenu de leur nature, ont \u00e9t\u00e9 m\u00e9lang\u00e9s de mani\u00e8re ins\u00e9parable avec d&rsquo;autres biens.<br \/>Le webmaster n&rsquo;acceptera que les retours qui r\u00e9pondent aux exigences suivantes :<\/p>\n<p>Le produit doit \u00eatre dans le m\u00eame \u00e9tat que celui dans lequel il a \u00e9t\u00e9 livr\u00e9 et doit conserver son emballage et son \u00e9tiquetage d&rsquo;origine.<\/p>\n<p>L&rsquo;envoi doit \u00eatre effectu\u00e9 dans la m\u00eame bo\u00eete ou le m\u00eame emballage que celui dans lequel il a \u00e9t\u00e9 re\u00e7u afin de prot\u00e9ger le produit.<\/p>\n<p>Si cela n&rsquo;est pas possible avec l&#8217;emballage dans lequel il a \u00e9t\u00e9 livr\u00e9, l&rsquo;UTILISATEUR\/CLIENT doit le renvoyer dans un emballage protecteur afin que le produit parvienne \u00e0 l&rsquo;entit\u00e9 de l&rsquo;administrateur du site Web avec le maximum de garanties possibles pour sa r\u00e9vision.<\/p>\n<p>Une copie du bon de livraison ou de la facture \u00e9mise doit \u00eatre incluse dans l&#8217;emballage, expliquant la raison du retour.<\/p>\n<p>Si la raison du retour est imputable \u00e0 l&rsquo;administrateur du site (le produit est incorrect ou incomplet, il ne correspond pas \u00e0 la commande, etc. Si la raison est autre, les frais de retour sont \u00e0 la charge de l&rsquo;UTILISATEUR\/CLIENT.<\/p>\n<p>Pour proc\u00e9der \u00e0 un retour, les \u00e9tapes suivantes doivent \u00eatre suivies :<\/p>\n<p>Vous devez nous en informer le plus rapidement possible dans les jours ouvrables suivant la livraison et indiquer que le produit doit \u00eatre retourn\u00e9. Les informations peuvent \u00eatre envoy\u00e9es \u00e0 l&rsquo;adresse \u00e9lectronique suivante : comercial@jowyoriginals.com.<\/p>\n<p>L&rsquo;administrateur du site web informera l&rsquo;UTILISATEUR\/CLIENT de l&rsquo;adresse \u00e0 laquelle le produit doit \u00eatre envoy\u00e9.<\/p>\n<p>L&rsquo;UTILISATEUR\/CLIENT doit renvoyer les produits par le m\u00eame syst\u00e8me que celui utilis\u00e9 pour la livraison. Le remboursement est \u00e0 la charge de l&rsquo;UTILISATEUR\/CLIENT.<\/p>\n<p>L&rsquo;administrateur du site accepte et traite les retours conform\u00e9ment \u00e0 la l\u00e9gislation locale et \u00e0 la directive europ\u00e9enne susmentionn\u00e9e.<\/p>\n<h3>7. REMBOURSEMENT \u00c0 L&rsquo;UTILISATEUR\/CLIENT :<\/h3>\n<p>Ce n&rsquo;est que dans le cas o\u00f9 le service physiquement livr\u00e9 est d\u00e9fectueux ou incorrect que l&rsquo;administrateur du site web remboursera \u00e9galement \u00e0 l&rsquo;UTILISATEUR\/CLIENT les co\u00fbts correspondants.<\/p>\n<p>L&rsquo;administrateur du site web g\u00e9rera la commande pour le remboursement du montant de la commande, sous le m\u00eame syst\u00e8me que celui utilis\u00e9 pour le paiement. L&rsquo;application du remboursement au compte ou \u00e0 la carte de l&rsquo;UTILISATEUR\/CLIENT d\u00e9pend du syst\u00e8me de paiement et de l&rsquo;institution \u00e9mettrice.<\/p>\n<h3>8. DROIT APPLICABLE ET ARBITRAGE :<\/h3>\n<p>Les pr\u00e9sentes conditions de vente et d&rsquo;utilisation sont r\u00e9gies par la l\u00e9gislation espagnole applicable. Pour r\u00e9soudre toute controverse ou tout conflit pouvant survenir, les parties se soumettent \u00e0 la juridiction des tribunaux de l&rsquo;arrondissement judiciaire de MOLLET DEL VALLES, de la ville d&rsquo;origine d&rsquo;INOUT, propri\u00e9taire du SITE WEB, \u00e0 moins que la loi n&rsquo;impose une autre juridiction.<\/p>\n<h4>8.1. LA R\u00c9SOLUTION DES CONFLITS :<\/h4>\n<p>En application de la loi 7\/2017, du 2 novembre, dans son article 40.5, qui transpose en droit espagnol la directive, 2013\/11\/UE, R\u00e8glement-UE-524\/2013, du Parlement europ\u00e9en et du Conseil du 21 mai, dans son article 5.1, sur les modes alternatifs de r\u00e9solution des litiges de consommation pour les achats en ligne de produits : Plateforme de r\u00e9solution des litiges en ligne : (cliquez ici).<\/p>\n<h3>9. POLITIQUE EN MATI\u00c8RE DE PROTECTION DE LA VIE PRIV\u00c9E :<\/h3>\n<p>INOUT ORIENT ATTRACTION SL, avec CIF : B-65767709, informe de la possibilit\u00e9 d&rsquo;exercer les droits d&rsquo;acc\u00e8s, de rectification, d&rsquo;opposition, de suppression, de limitation et de portabilit\u00e9, ces droits pouvant \u00eatre exerc\u00e9s par tout moyen fournissant une preuve d&rsquo;envoi et de r\u00e9ception \u00e0 l&rsquo;adresse : PAU CASALS, 24, 1\u00ba 1\u00ba, Code Postal : 08150, Ville : PARETS DEL VALLES, Province : BARCELONA, ou par courrier \u00e9lectronique : comercial@jowyoriginals.com, en fournissant une photocopie de la carte d&rsquo;identit\u00e9 ou d&rsquo;un autre document prouvant leur identit\u00e9.<\/p>\n<h3>10. SYST\u00c8ME DE COLLECTE D&rsquo;AVIS D&rsquo;ACHETEURS :<\/h3>\n<p>INOUT ORIENT ATTRACTION SL a mis en place un syst\u00e8me de collecte d&rsquo;avis d&rsquo;acheteurs qui nous permet d&rsquo;offrir une meilleure exp\u00e9rience d&rsquo;achat aux nouveaux clients, gr\u00e2ce aux avis des clients qui ont d\u00e9j\u00e0 achet\u00e9 le m\u00eame produit. En acceptant les conditions g\u00e9n\u00e9rales au moment de passer votre commande, vous entrez dans le syst\u00e8me de collecte d&rsquo;avis, et vous pourrez recevoir un e-mail pour nous laisser votre avis.<\/p>\n<p><strong>DERNI\u00c8RE MISE \u00c0 JOUR DES CLAUSES : 12\/07\/2022.<\/strong><\/p>\n<p>[\/et_pb_text][\/et_pb_column][\/et_pb_row][\/et_pb_section]<\/p>\n","protected":false},"excerpt":{"rendered":"<p>Politique de vente en lignePar le biais de son SITE WEB ; https:\/\/www.jowyoriginals.com, de, INOUT ORIENT ATTRACTION SL, ci-apr\u00e8s, INOUT, l&rsquo;administrateur du site web. En raison du contenu et de la finalit\u00e9 du SITE, les personnes qui souhaitent obtenir des informations doivent remplir le formulaire de contact, celles qui veulent acheter les produits offerts sur [&hellip;]<\/p>\n","protected":false},"author":1,"featured_media":0,"parent":0,"menu_order":0,"comment_status":"closed","ping_status":"closed","template":"","meta":{"_acf_changed":false,"_et_pb_use_builder":"on","_et_pb_old_content":"","_et_gb_content_width":"","_joinchat":[],"footnotes":""},"class_list":["post-28751","page","type-page","status-publish","hentry"],"acf":[],"_links":{"self":[{"href":"https:\/\/www.jowyoriginals.com\/fr\/wp-json\/wp\/v2\/pages\/28751","targetHints":{"allow":["GET"]}}],"collection":[{"href":"https:\/\/www.jowyoriginals.com\/fr\/wp-json\/wp\/v2\/pages"}],"about":[{"href":"https:\/\/www.jowyoriginals.com\/fr\/wp-json\/wp\/v2\/types\/page"}],"author":[{"embeddable":true,"href":"https:\/\/www.jowyoriginals.com\/fr\/wp-json\/wp\/v2\/users\/1"}],"replies":[{"embeddable":true,"href":"https:\/\/www.jowyoriginals.com\/fr\/wp-json\/wp\/v2\/comments?post=28751"}],"version-history":[{"count":3,"href":"https:\/\/www.jowyoriginals.com\/fr\/wp-json\/wp\/v2\/pages\/28751\/revisions"}],"predecessor-version":[{"id":28755,"href":"https:\/\/www.jowyoriginals.com\/fr\/wp-json\/wp\/v2\/pages\/28751\/revisions\/28755"}],"wp:attachment":[{"href":"https:\/\/www.jowyoriginals.com\/fr\/wp-json\/wp\/v2\/media?parent=28751"}],"curies":[{"name":"wp","href":"https:\/\/api.w.org\/{rel}","templated":true}]}}